{"id":119808,"date":"2023-04-22T20:12:00","date_gmt":"2023-04-22T20:12:00","guid":{"rendered":"https:\/\/nabytoklaguna.sk\/sk\/?post_type=product&#038;p=119808"},"modified":"2023-09-05T13:13:26","modified_gmt":"2023-09-05T11:13:26","slug":"tempo-kondela-gabriela-nocny-stolik","status":"publish","type":"product","link":"https:\/\/nabytoklaguna.sk\/sk\/produkt\/tempo-kondela-gabriela-nocny-stolik\/","title":{"rendered":"TK GABRIELA &#8211; No\u010dn\u00fd stol\u00edk"},"content":{"rendered":"<p>Materi\u00e1l: DTD laminovan\u00e1<\/p>\n<p>Farba: dub wotan\/biela<\/p>\n<p>Rozmery no\u010dn\u00e9ho stol\u00edka (cm): \u0160xHxV: 41,8x38x40 cm<\/p>\n<p>S jedn\u00fdm \u0161upl\u00edkom a otvorenou odkladacou plochou<\/p>\n<p>V\u00fd\u0161ka \u0161upl\u00edka: 18,5 cm<\/p>\n<p>V\u00fd\u0161ka otvorenej odkladacej plochy: 18 cm<\/p>\n<p>Dod\u00e1van\u00e9 2 kusy<\/p>\n<p>Kvalitn\u00fd slovensk\u00fd v\u00fdrobok<\/p>\n<p>&nbsp;<\/p>\n","protected":false},"excerpt":{"rendered":"<p>Materi\u00e1l: DTD laminovan\u00e1 Farba: dub wotan\/biela Rozmery no\u010dn\u00e9ho stol\u00edka (cm): \u0160xHxV: 41,8x38x40 cm S jedn\u00fdm \u0161upl\u00edkom a otvorenou odkladacou plochou V\u00fd\u0161ka \u0161upl\u00edka: 18,5 cm V\u00fd\u0161ka otvorenej odkladacej plochy: 18 cm Dod\u00e1van\u00e9 2 kusy Kvalitn\u00fd slovensk\u00fd v\u00fdrobok &nbsp;<\/p>\n","protected":false},"featured_media":46536,"comment_status":"closed","ping_status":"closed","template":"","meta":{"_seopress_robots_primary_cat":"224","_seopress_titles_title":"","_seopress_titles_desc":"","_seopress_robots_index":""},"product_brand":[],"product_cat":[224],"product_tag":[],"class_list":{"0":"post-119808","1":"product","2":"type-product","3":"status-publish","4":"has-post-thumbnail","6":"product_cat-nocne-stoliky","8":"first","9":"onbackorder","10":"shipping-taxable","11":"purchasable","12":"product-type-simple"},"_links":{"self":[{"href":"https:\/\/nabytoklaguna.sk\/sk\/wp-json\/wp\/v2\/product\/119808","targetHints":{"allow":["GET"]}}],"collection":[{"href":"https:\/\/nabytoklaguna.sk\/sk\/wp-json\/wp\/v2\/product"}],"about":[{"href":"https:\/\/nabytoklaguna.sk\/sk\/wp-json\/wp\/v2\/types\/product"}],"replies":[{"embeddable":true,"href":"https:\/\/nabytoklaguna.sk\/sk\/wp-json\/wp\/v2\/comments?post=119808"}],"wp:featuredmedia":[{"embeddable":true,"href":"https:\/\/nabytoklaguna.sk\/sk\/wp-json\/wp\/v2\/media\/46536"}],"wp:attachment":[{"href":"https:\/\/nabytoklaguna.sk\/sk\/wp-json\/wp\/v2\/media?parent=119808"}],"wp:term":[{"taxonomy":"product_brand","embeddable":true,"href":"https:\/\/nabytoklaguna.sk\/sk\/wp-json\/wp\/v2\/product_brand?post=119808"},{"taxonomy":"product_cat","embeddable":true,"href":"https:\/\/nabytoklaguna.sk\/sk\/wp-json\/wp\/v2\/product_cat?post=119808"},{"taxonomy":"product_tag","embeddable":true,"href":"https:\/\/nabytoklaguna.sk\/sk\/wp-json\/wp\/v2\/product_tag?post=119808"}],"curies":[{"name":"wp","href":"https:\/\/api.w.org\/{rel}","templated":true}]}}