{"id":119810,"date":"2023-04-22T20:12:00","date_gmt":"2023-04-22T20:12:00","guid":{"rendered":"https:\/\/nabytoklaguna.sk\/sk\/?post_type=product&#038;p=119810"},"modified":"2026-03-18T12:26:45","modified_gmt":"2026-03-18T11:26:45","slug":"tempo-kondela-lumera-komoda","status":"publish","type":"product","link":"https:\/\/nabytoklaguna.sk\/sk\/produkt\/tempo-kondela-lumera-komoda\/","title":{"rendered":"K LUMERA &#8211; Komoda"},"content":{"rendered":"<p>Rozmery (cm): \u0160xVxH: 150x42x90<\/p>\n<p>Materi\u00e1l a farebn\u00e9 prevedenie: DTD f\u00f3liovan\u00e1, p\u00ednia biela\/dub sonoma truflov\u00fd.<\/p>\n","protected":false},"excerpt":{"rendered":"<p>Rozmery (cm): \u0160xVxH: 150x42x90 Materi\u00e1l a farebn\u00e9 prevedenie: DTD f\u00f3liovan\u00e1, p\u00ednia biela\/dub sonoma truflov\u00fd.<\/p>\n","protected":false},"featured_media":46545,"comment_status":"closed","ping_status":"closed","template":"","meta":{"_seopress_robots_primary_cat":"222","_seopress_titles_title":"","_seopress_titles_desc":"","_seopress_robots_index":""},"product_brand":[],"product_cat":[2122,222],"product_tag":[],"class_list":{"0":"post-119810","1":"product","2":"type-product","3":"status-publish","4":"has-post-thumbnail","6":"product_cat-spalnove-komody","7":"product_cat-komody","9":"first","10":"onbackorder","11":"shipping-taxable","12":"purchasable","13":"product-type-simple"},"_links":{"self":[{"href":"https:\/\/nabytoklaguna.sk\/sk\/wp-json\/wp\/v2\/product\/119810","targetHints":{"allow":["GET"]}}],"collection":[{"href":"https:\/\/nabytoklaguna.sk\/sk\/wp-json\/wp\/v2\/product"}],"about":[{"href":"https:\/\/nabytoklaguna.sk\/sk\/wp-json\/wp\/v2\/types\/product"}],"replies":[{"embeddable":true,"href":"https:\/\/nabytoklaguna.sk\/sk\/wp-json\/wp\/v2\/comments?post=119810"}],"wp:featuredmedia":[{"embeddable":true,"href":"https:\/\/nabytoklaguna.sk\/sk\/wp-json\/wp\/v2\/media\/46545"}],"wp:attachment":[{"href":"https:\/\/nabytoklaguna.sk\/sk\/wp-json\/wp\/v2\/media?parent=119810"}],"wp:term":[{"taxonomy":"product_brand","embeddable":true,"href":"https:\/\/nabytoklaguna.sk\/sk\/wp-json\/wp\/v2\/product_brand?post=119810"},{"taxonomy":"product_cat","embeddable":true,"href":"https:\/\/nabytoklaguna.sk\/sk\/wp-json\/wp\/v2\/product_cat?post=119810"},{"taxonomy":"product_tag","embeddable":true,"href":"https:\/\/nabytoklaguna.sk\/sk\/wp-json\/wp\/v2\/product_tag?post=119810"}],"curies":[{"name":"wp","href":"https:\/\/api.w.org\/{rel}","templated":true}]}}