{"id":119811,"date":"2023-04-22T20:12:00","date_gmt":"2023-04-22T20:12:00","guid":{"rendered":"https:\/\/nabytoklaguna.sk\/sk\/?post_type=product&#038;p=119811"},"modified":"2025-07-15T11:49:14","modified_gmt":"2025-07-15T09:49:14","slug":"k-lumera-postel-2x-nocny-stolik","status":"publish","type":"product","link":"https:\/\/nabytoklaguna.sk\/sk\/produkt\/k-lumera-postel-2x-nocny-stolik\/","title":{"rendered":"K LUMERA Poste\u013e + 2x no\u010dn\u00fd stol\u00edk"},"content":{"rendered":"<p>K n\u00e1bytku je mo\u017en\u00e9 dok\u00fapi\u0165 \u010fal\u0161ie komponenty zo sp\u00e1l\u0148ov\u00e9ho kompletu LUMERA.<\/p>\n<p>Poste\u013e je dod\u00e1van\u00e1 s 2 no\u010dn\u00fdmi stol\u00edkmi\u00a0 a s \u00falo\u017en\u00fdm priestorom.<\/p>\n<p>Vonkaj\u0161ie rozmery (cm): \u0160xDxV: 186x205x9<\/p>\n<p>Lo\u017en\u00e1 plocha (cm): 180&#215;200 &#8211; poste\u013e dod\u00e1van\u00e1 bez ro\u0161tu a matraca<\/p>\n<p>No\u010dn\u00fd stol\u00edk (cm): \u0160xHxV: 60x42x49<\/p>\n<p>V\u00fd\u0161ka po ro\u0161t (cm): 39<\/p>\n<p>Materi\u00e1l a farebn\u00e9 prevedenie: DTD f\u00f3liovan\u00e1, p\u00ednia biela\/dub sonoma truflov\u00fd.<\/p>\n","protected":false},"excerpt":{"rendered":"<p>K n\u00e1bytku je mo\u017en\u00e9 dok\u00fapi\u0165 \u010fal\u0161ie komponenty zo sp\u00e1l\u0148ov\u00e9ho kompletu LUMERA. Poste\u013e je dod\u00e1van\u00e1 s 2 no\u010dn\u00fdmi stol\u00edkmi\u00a0 a s \u00falo\u017en\u00fdm priestorom. Vonkaj\u0161ie rozmery (cm): \u0160xDxV: 186x205x9 Lo\u017en\u00e1 plocha (cm): 180&#215;200 &#8211; poste\u013e dod\u00e1van\u00e1 bez ro\u0161tu a matraca No\u010dn\u00fd stol\u00edk (cm): \u0160xHxV: 60x42x49 V\u00fd\u0161ka po ro\u0161t (cm): 39 Materi\u00e1l a farebn\u00e9 prevedenie: DTD f\u00f3liovan\u00e1, p\u00ednia&#8230;<\/p>\n","protected":false},"featured_media":46548,"comment_status":"closed","ping_status":"closed","template":"","meta":{"_seopress_robots_primary_cat":"616","_seopress_titles_title":"","_seopress_titles_desc":"","_seopress_robots_index":""},"product_brand":[],"product_cat":[4012,616,224],"product_tag":[],"class_list":{"0":"post-119811","1":"product","2":"type-product","3":"status-publish","4":"has-post-thumbnail","6":"product_cat-postele","7":"product_cat-drevene-postele","8":"product_cat-nocne-stoliky","10":"first","11":"onbackorder","12":"shipping-taxable","13":"purchasable","14":"product-type-simple"},"_links":{"self":[{"href":"https:\/\/nabytoklaguna.sk\/sk\/wp-json\/wp\/v2\/product\/119811","targetHints":{"allow":["GET"]}}],"collection":[{"href":"https:\/\/nabytoklaguna.sk\/sk\/wp-json\/wp\/v2\/product"}],"about":[{"href":"https:\/\/nabytoklaguna.sk\/sk\/wp-json\/wp\/v2\/types\/product"}],"replies":[{"embeddable":true,"href":"https:\/\/nabytoklaguna.sk\/sk\/wp-json\/wp\/v2\/comments?post=119811"}],"wp:featuredmedia":[{"embeddable":true,"href":"https:\/\/nabytoklaguna.sk\/sk\/wp-json\/wp\/v2\/media\/46548"}],"wp:attachment":[{"href":"https:\/\/nabytoklaguna.sk\/sk\/wp-json\/wp\/v2\/media?parent=119811"}],"wp:term":[{"taxonomy":"product_brand","embeddable":true,"href":"https:\/\/nabytoklaguna.sk\/sk\/wp-json\/wp\/v2\/product_brand?post=119811"},{"taxonomy":"product_cat","embeddable":true,"href":"https:\/\/nabytoklaguna.sk\/sk\/wp-json\/wp\/v2\/product_cat?post=119811"},{"taxonomy":"product_tag","embeddable":true,"href":"https:\/\/nabytoklaguna.sk\/sk\/wp-json\/wp\/v2\/product_tag?post=119811"}],"curies":[{"name":"wp","href":"https:\/\/api.w.org\/{rel}","templated":true}]}}