{"id":119821,"date":"2023-04-22T20:12:00","date_gmt":"2023-04-22T20:12:00","guid":{"rendered":"https:\/\/nabytoklaguna.sk\/sk\/?post_type=product&#038;p=119821"},"modified":"2025-09-30T11:11:56","modified_gmt":"2025-09-30T09:11:56","slug":"k-grid-new","status":"publish","type":"product","link":"https:\/\/nabytoklaguna.sk\/sk\/produkt\/k-grid-new\/","title":{"rendered":"K GRID NEW"},"content":{"rendered":"<p>Stoli\u010dka, prevedenie: \u010dere\u0161\u0148a + l\u00e1tka b\u00e9\u017eov\u00e1, (\u0160xHxV): 44x48x90 cm, v\u00fd\u0161ka sedu: 43 cm.<\/p>\n<p>Materi\u00e1l: drevo \/l\u00e1tka<\/p>\n<p>Nosnos\u0165: 110 kg<\/p>\n<p>Dod\u00e1van\u00e9 v demonte.<\/p>\n","protected":false},"excerpt":{"rendered":"<p>Stoli\u010dka, prevedenie: \u010dere\u0161\u0148a + l\u00e1tka b\u00e9\u017eov\u00e1, (\u0160xHxV): 44x48x90 cm, v\u00fd\u0161ka sedu: 43 cm. Materi\u00e1l: drevo \/l\u00e1tka Nosnos\u0165: 110 kg Dod\u00e1van\u00e9 v demonte.<\/p>\n","protected":false},"featured_media":46913,"comment_status":"closed","ping_status":"closed","template":"","meta":{"_seopress_robots_primary_cat":"237","_seopress_titles_title":"","_seopress_titles_desc":"","_seopress_robots_index":""},"product_brand":[],"product_cat":[238,237],"product_tag":[],"class_list":{"0":"post-119821","1":"product","2":"type-product","3":"status-publish","4":"has-post-thumbnail","6":"product_cat-drevene-stolicky","7":"product_cat-stolicky","9":"first","10":"onbackorder","11":"shipping-taxable","12":"purchasable","13":"product-type-simple"},"_links":{"self":[{"href":"https:\/\/nabytoklaguna.sk\/sk\/wp-json\/wp\/v2\/product\/119821","targetHints":{"allow":["GET"]}}],"collection":[{"href":"https:\/\/nabytoklaguna.sk\/sk\/wp-json\/wp\/v2\/product"}],"about":[{"href":"https:\/\/nabytoklaguna.sk\/sk\/wp-json\/wp\/v2\/types\/product"}],"replies":[{"embeddable":true,"href":"https:\/\/nabytoklaguna.sk\/sk\/wp-json\/wp\/v2\/comments?post=119821"}],"wp:featuredmedia":[{"embeddable":true,"href":"https:\/\/nabytoklaguna.sk\/sk\/wp-json\/wp\/v2\/media\/46913"}],"wp:attachment":[{"href":"https:\/\/nabytoklaguna.sk\/sk\/wp-json\/wp\/v2\/media?parent=119821"}],"wp:term":[{"taxonomy":"product_brand","embeddable":true,"href":"https:\/\/nabytoklaguna.sk\/sk\/wp-json\/wp\/v2\/product_brand?post=119821"},{"taxonomy":"product_cat","embeddable":true,"href":"https:\/\/nabytoklaguna.sk\/sk\/wp-json\/wp\/v2\/product_cat?post=119821"},{"taxonomy":"product_tag","embeddable":true,"href":"https:\/\/nabytoklaguna.sk\/sk\/wp-json\/wp\/v2\/product_tag?post=119821"}],"curies":[{"name":"wp","href":"https:\/\/api.w.org\/{rel}","templated":true}]}}