{"id":119823,"date":"2023-04-22T20:12:00","date_gmt":"2023-04-22T20:12:00","guid":{"rendered":"https:\/\/nabytoklaguna.sk\/sk\/?post_type=product&#038;p=119823"},"modified":"2025-09-30T11:19:16","modified_gmt":"2025-09-30T09:19:16","slug":"k-darela-new","status":"publish","type":"product","link":"https:\/\/nabytoklaguna.sk\/sk\/produkt\/k-darela-new\/","title":{"rendered":"K DARELA NEW"},"content":{"rendered":"<p>Modern\u00e1 a jed\u00e1lensk\u00e1 stoli\u010dka DARELA NEW v\u00e1s oh\u00fari pohodl\u00edm a stabilitou. Stoli\u010dka je \u010dal\u00fanen\u00e1 svetlosivou l\u00e1tkou,\u00a0 kon\u0161trukcia je z dreva v kombin\u00e1cii s kovom. Z\u00edska si V\u00e1s najm\u00e4 svojimi obl\u00fdmi tvarmi.<\/p>\n<p>&nbsp;<\/p>\n<div class=\"text\">\n<ul>\n<li><b>Materi\u00e1l:<\/b>\u00a0l\u00e1tka\/drevo\/kov<\/li>\n<li><b>Farba:<\/b>\u00a0svetlosiv\u00e1\/buk\/\u010dierna<\/li>\n<li><b>Rozmery (\u0160xHxV):<\/b>\u00a044,5x51x83 cm<\/li>\n<li><b>V\u00fd\u0161ka sedu:<\/b>\u00a044 cm<\/li>\n<li><b>H\u013abka sedu:<\/b>\u00a036,5 cm<\/li>\n<li><b>Nosnos\u0165:<\/b>\u00a0110 kg<\/li>\n<li>Dod\u00e1van\u00e9 v demont<\/li>\n<\/ul>\n<\/div>\n","protected":false},"excerpt":{"rendered":"<p>Modern\u00e1 a jed\u00e1lensk\u00e1 stoli\u010dka DARELA NEW v\u00e1s oh\u00fari pohodl\u00edm a stabilitou. Stoli\u010dka je \u010dal\u00fanen\u00e1 svetlosivou l\u00e1tkou,\u00a0 kon\u0161trukcia je z dreva v kombin\u00e1cii s kovom. Z\u00edska si V\u00e1s najm\u00e4 svojimi obl\u00fdmi tvarmi. &nbsp; Materi\u00e1l:\u00a0l\u00e1tka\/drevo\/kov Farba:\u00a0svetlosiv\u00e1\/buk\/\u010dierna Rozmery (\u0160xHxV):\u00a044,5x51x83 cm V\u00fd\u0161ka sedu:\u00a044 cm H\u013abka sedu:\u00a036,5 cm Nosnos\u0165:\u00a0110 kg Dod\u00e1van\u00e9 v demont<\/p>\n","protected":false},"featured_media":47160,"comment_status":"closed","ping_status":"closed","template":"","meta":{"_seopress_robots_primary_cat":"237","_seopress_titles_title":"","_seopress_titles_desc":"","_seopress_robots_index":""},"product_brand":[],"product_cat":[238,237],"product_tag":[],"class_list":{"0":"post-119823","1":"product","2":"type-product","3":"status-publish","4":"has-post-thumbnail","6":"product_cat-drevene-stolicky","7":"product_cat-stolicky","9":"first","10":"onbackorder","11":"shipping-taxable","12":"purchasable","13":"product-type-simple"},"_links":{"self":[{"href":"https:\/\/nabytoklaguna.sk\/sk\/wp-json\/wp\/v2\/product\/119823","targetHints":{"allow":["GET"]}}],"collection":[{"href":"https:\/\/nabytoklaguna.sk\/sk\/wp-json\/wp\/v2\/product"}],"about":[{"href":"https:\/\/nabytoklaguna.sk\/sk\/wp-json\/wp\/v2\/types\/product"}],"replies":[{"embeddable":true,"href":"https:\/\/nabytoklaguna.sk\/sk\/wp-json\/wp\/v2\/comments?post=119823"}],"wp:featuredmedia":[{"embeddable":true,"href":"https:\/\/nabytoklaguna.sk\/sk\/wp-json\/wp\/v2\/media\/47160"}],"wp:attachment":[{"href":"https:\/\/nabytoklaguna.sk\/sk\/wp-json\/wp\/v2\/media?parent=119823"}],"wp:term":[{"taxonomy":"product_brand","embeddable":true,"href":"https:\/\/nabytoklaguna.sk\/sk\/wp-json\/wp\/v2\/product_brand?post=119823"},{"taxonomy":"product_cat","embeddable":true,"href":"https:\/\/nabytoklaguna.sk\/sk\/wp-json\/wp\/v2\/product_cat?post=119823"},{"taxonomy":"product_tag","embeddable":true,"href":"https:\/\/nabytoklaguna.sk\/sk\/wp-json\/wp\/v2\/product_tag?post=119823"}],"curies":[{"name":"wp","href":"https:\/\/api.w.org\/{rel}","templated":true}]}}