{"id":119824,"date":"2023-04-22T20:12:00","date_gmt":"2023-04-22T20:12:00","guid":{"rendered":"https:\/\/nabytoklaguna.sk\/sk\/?post_type=product&#038;p=119824"},"modified":"2026-02-18T08:33:13","modified_gmt":"2026-02-18T07:33:13","slug":"dpv-sabina","status":"publish","type":"product","link":"https:\/\/nabytoklaguna.sk\/sk\/produkt\/dpv-sabina\/","title":{"rendered":"DPV SABINA"},"content":{"rendered":"<p>Sabina je 5-z\u00f3nov\u00fd matrac z kvalitn\u00fdch pien zais\u0165uje anatomicky spr\u00e1vny a ve\u013emi dobr\u00fd sp\u00e1nkov\u00fd komfort. Obojstrann\u00e9 jadro matraca je zlo\u017een\u00e9 z dosky kvalitn\u00e9ho od\u013eah\u010den\u00e9ho polyuret\u00e1nu a po oboch stran\u00e1ch tvoren\u00e9 mas\u00e1\u017enymi doskami z vysoko kvalitnej peny tuhosti 25 kg\/m\u00b3. Matrac je vybaven\u00fd prate\u013en\u00fdm \u00fapletov\u00fdm\u00a0po\u0165ahom s pre\u0161\u00edvan\u00edm. V\u00fd\u0161ka matraca v po\u0165ahu je 15 cm a nosnos\u0165 je\u00a0 90 kg. Matrac je vhodn\u00fd na lamelov\u00fd pevn\u00fd i polohovate\u013en\u00fd ro\u0161t. Rozmer matraca je 90&#215;200 cm.<\/p>\n<p>Matrac Sabina sa vyr\u00e1ba v r\u00f4znych rozmeroch.<\/p>\n<p><strong>Sabina 90&#215;200 cm cena 130\u20ac<\/strong><\/p>\n<p><strong>Sabina 80&#215;200 cm\u00a0 cena 130\u20ac<\/strong><\/p>\n<p><strong>Sabina 160&#215;200 cm cena 260\u20ac<\/strong><\/p>\n<p><strong>Sabina 180&#215;200 cm cena 260\u20ac<\/strong><\/p>\n<p>&nbsp;<\/p>\n","protected":false},"excerpt":{"rendered":"<p>Sabina je 5-z\u00f3nov\u00fd matrac z kvalitn\u00fdch pien zais\u0165uje anatomicky spr\u00e1vny a ve\u013emi dobr\u00fd sp\u00e1nkov\u00fd komfort. Obojstrann\u00e9 jadro matraca je zlo\u017een\u00e9 z dosky kvalitn\u00e9ho od\u013eah\u010den\u00e9ho polyuret\u00e1nu a po oboch stran\u00e1ch tvoren\u00e9 mas\u00e1\u017enymi doskami z vysoko kvalitnej peny tuhosti 25 kg\/m\u00b3. Matrac je vybaven\u00fd prate\u013en\u00fdm \u00fapletov\u00fdm\u00a0po\u0165ahom s pre\u0161\u00edvan\u00edm. V\u00fd\u0161ka matraca v po\u0165ahu je 15 cm a nosnos\u0165&#8230;<\/p>\n","protected":false},"featured_media":47322,"comment_status":"closed","ping_status":"closed","template":"","meta":{"_seopress_robots_primary_cat":"229","_seopress_titles_title":"","_seopress_titles_desc":"","_seopress_robots_index":""},"product_brand":[],"product_cat":[1100,227,229],"product_tag":[],"class_list":{"0":"post-119824","1":"product","2":"type-product","3":"status-publish","4":"has-post-thumbnail","6":"product_cat-klasicke","7":"product_cat-rosty-matrace","8":"product_cat-matrace","10":"first","11":"onbackorder","12":"shipping-taxable","13":"purchasable","14":"product-type-simple"},"_links":{"self":[{"href":"https:\/\/nabytoklaguna.sk\/sk\/wp-json\/wp\/v2\/product\/119824","targetHints":{"allow":["GET"]}}],"collection":[{"href":"https:\/\/nabytoklaguna.sk\/sk\/wp-json\/wp\/v2\/product"}],"about":[{"href":"https:\/\/nabytoklaguna.sk\/sk\/wp-json\/wp\/v2\/types\/product"}],"replies":[{"embeddable":true,"href":"https:\/\/nabytoklaguna.sk\/sk\/wp-json\/wp\/v2\/comments?post=119824"}],"wp:featuredmedia":[{"embeddable":true,"href":"https:\/\/nabytoklaguna.sk\/sk\/wp-json\/wp\/v2\/media\/47322"}],"wp:attachment":[{"href":"https:\/\/nabytoklaguna.sk\/sk\/wp-json\/wp\/v2\/media?parent=119824"}],"wp:term":[{"taxonomy":"product_brand","embeddable":true,"href":"https:\/\/nabytoklaguna.sk\/sk\/wp-json\/wp\/v2\/product_brand?post=119824"},{"taxonomy":"product_cat","embeddable":true,"href":"https:\/\/nabytoklaguna.sk\/sk\/wp-json\/wp\/v2\/product_cat?post=119824"},{"taxonomy":"product_tag","embeddable":true,"href":"https:\/\/nabytoklaguna.sk\/sk\/wp-json\/wp\/v2\/product_tag?post=119824"}],"curies":[{"name":"wp","href":"https:\/\/api.w.org\/{rel}","templated":true}]}}