{"id":119825,"date":"2023-04-22T20:12:00","date_gmt":"2023-04-22T20:12:00","guid":{"rendered":"https:\/\/nabytoklaguna.sk\/sk\/?post_type=product&#038;p=119825"},"modified":"2025-09-30T14:39:39","modified_gmt":"2025-09-30T12:39:39","slug":"zarni","status":"publish","type":"product","link":"https:\/\/nabytoklaguna.sk\/sk\/produkt\/zarni\/","title":{"rendered":"K ZARNI"},"content":{"rendered":"<p>Jed\u00e1lensk\u00fd st\u00f4l, materi\u00e1l: MDF + nehrdzavej\u00faca oce\u013e, farebn\u00e9 prevedenie: biela s extra vysok\u00fdm leskom, rozmery (\u0160xHxV): 160x90x76 cm.<\/p>\n<p>Dod\u00e1van\u00e9 v demonte<\/p>\n","protected":false},"excerpt":{"rendered":"<p>Jed\u00e1lensk\u00fd st\u00f4l, materi\u00e1l: MDF + nehrdzavej\u00faca oce\u013e, farebn\u00e9 prevedenie: biela s extra vysok\u00fdm leskom, rozmery (\u0160xHxV): 160x90x76 cm. Dod\u00e1van\u00e9 v demonte<\/p>\n","protected":false},"featured_media":47405,"comment_status":"closed","ping_status":"closed","template":"","meta":{"_seopress_robots_primary_cat":"243","_seopress_titles_title":"","_seopress_titles_desc":"","_seopress_robots_index":""},"product_brand":[],"product_cat":[244,243],"product_tag":[],"class_list":{"0":"post-119825","1":"product","2":"type-product","3":"status-publish","4":"has-post-thumbnail","6":"product_cat-drevene-stoly","7":"product_cat-stoly","9":"first","10":"onbackorder","11":"shipping-taxable","12":"purchasable","13":"product-type-simple"},"_links":{"self":[{"href":"https:\/\/nabytoklaguna.sk\/sk\/wp-json\/wp\/v2\/product\/119825","targetHints":{"allow":["GET"]}}],"collection":[{"href":"https:\/\/nabytoklaguna.sk\/sk\/wp-json\/wp\/v2\/product"}],"about":[{"href":"https:\/\/nabytoklaguna.sk\/sk\/wp-json\/wp\/v2\/types\/product"}],"replies":[{"embeddable":true,"href":"https:\/\/nabytoklaguna.sk\/sk\/wp-json\/wp\/v2\/comments?post=119825"}],"wp:featuredmedia":[{"embeddable":true,"href":"https:\/\/nabytoklaguna.sk\/sk\/wp-json\/wp\/v2\/media\/47405"}],"wp:attachment":[{"href":"https:\/\/nabytoklaguna.sk\/sk\/wp-json\/wp\/v2\/media?parent=119825"}],"wp:term":[{"taxonomy":"product_brand","embeddable":true,"href":"https:\/\/nabytoklaguna.sk\/sk\/wp-json\/wp\/v2\/product_brand?post=119825"},{"taxonomy":"product_cat","embeddable":true,"href":"https:\/\/nabytoklaguna.sk\/sk\/wp-json\/wp\/v2\/product_cat?post=119825"},{"taxonomy":"product_tag","embeddable":true,"href":"https:\/\/nabytoklaguna.sk\/sk\/wp-json\/wp\/v2\/product_tag?post=119825"}],"curies":[{"name":"wp","href":"https:\/\/api.w.org\/{rel}","templated":true}]}}