{"id":119828,"date":"2023-04-22T20:12:00","date_gmt":"2023-04-22T20:12:00","guid":{"rendered":"https:\/\/nabytoklaguna.sk\/sk\/?post_type=product&#038;p=119828"},"modified":"2025-09-30T14:10:12","modified_gmt":"2025-09-30T12:10:12","slug":"general","status":"publish","type":"product","link":"https:\/\/nabytoklaguna.sk\/sk\/produkt\/general\/","title":{"rendered":"K GENERAL"},"content":{"rendered":"<p>Jed\u00e1lensk\u00fd st\u00f4l GENERAL, materi\u00e1l: DTD laminovan\u00e1 (pl\u00e1t stola). Mo\u017enos\u0165 v\u00fdberu farebn\u00e9ho prevedenia: dub sonoma, dub artisan, biela. Jed\u00e1len\u00fd st\u00f4l je vhodn\u00fd pre 6 os\u00f4b, (\u0160xHxV): 140x80x75 cm.<\/p>\n<p>Dod\u00e1van\u00e9 v demonte<\/p>\n","protected":false},"excerpt":{"rendered":"<p>Jed\u00e1lensk\u00fd st\u00f4l GENERAL, materi\u00e1l: DTD laminovan\u00e1 (pl\u00e1t stola). Mo\u017enos\u0165 v\u00fdberu farebn\u00e9ho prevedenia: dub sonoma, dub artisan, biela. Jed\u00e1len\u00fd st\u00f4l je vhodn\u00fd pre 6 os\u00f4b, (\u0160xHxV): 140x80x75 cm. Dod\u00e1van\u00e9 v demonte<\/p>\n","protected":false},"featured_media":47430,"comment_status":"closed","ping_status":"closed","template":"","meta":{"_seopress_robots_primary_cat":"243","_seopress_titles_title":"","_seopress_titles_desc":"","_seopress_robots_index":""},"product_brand":[],"product_cat":[4719,244,243],"product_tag":[],"class_list":{"0":"post-119828","1":"product","2":"type-product","3":"status-publish","4":"has-post-thumbnail","6":"product_cat-jedalenske-stoly","7":"product_cat-drevene-stoly","8":"product_cat-stoly","10":"first","11":"onbackorder","12":"shipping-taxable","13":"purchasable","14":"product-type-simple"},"_links":{"self":[{"href":"https:\/\/nabytoklaguna.sk\/sk\/wp-json\/wp\/v2\/product\/119828","targetHints":{"allow":["GET"]}}],"collection":[{"href":"https:\/\/nabytoklaguna.sk\/sk\/wp-json\/wp\/v2\/product"}],"about":[{"href":"https:\/\/nabytoklaguna.sk\/sk\/wp-json\/wp\/v2\/types\/product"}],"replies":[{"embeddable":true,"href":"https:\/\/nabytoklaguna.sk\/sk\/wp-json\/wp\/v2\/comments?post=119828"}],"wp:featuredmedia":[{"embeddable":true,"href":"https:\/\/nabytoklaguna.sk\/sk\/wp-json\/wp\/v2\/media\/47430"}],"wp:attachment":[{"href":"https:\/\/nabytoklaguna.sk\/sk\/wp-json\/wp\/v2\/media?parent=119828"}],"wp:term":[{"taxonomy":"product_brand","embeddable":true,"href":"https:\/\/nabytoklaguna.sk\/sk\/wp-json\/wp\/v2\/product_brand?post=119828"},{"taxonomy":"product_cat","embeddable":true,"href":"https:\/\/nabytoklaguna.sk\/sk\/wp-json\/wp\/v2\/product_cat?post=119828"},{"taxonomy":"product_tag","embeddable":true,"href":"https:\/\/nabytoklaguna.sk\/sk\/wp-json\/wp\/v2\/product_tag?post=119828"}],"curies":[{"name":"wp","href":"https:\/\/api.w.org\/{rel}","templated":true}]}}