{"id":119829,"date":"2023-04-22T20:12:00","date_gmt":"2023-04-22T20:12:00","guid":{"rendered":"https:\/\/nabytoklaguna.sk\/sk\/?post_type=product&#038;p=119829"},"modified":"2025-10-24T16:08:12","modified_gmt":"2025-10-24T14:08:12","slug":"k-mariola-2new","status":"publish","type":"product","link":"https:\/\/nabytoklaguna.sk\/sk\/produkt\/k-mariola-2new\/","title":{"rendered":"K MARIOLA 2 NEW"},"content":{"rendered":"<p>Barov\u00e1 stoli\u010dka, materi\u00e1l: l\u00e1tka + kov s povrchovou \u00fapravou vo farbe tmavosiv\u00e1, rozmery (\u0160xHxV): 41x50x105 cm, v\u00fd\u0161ka sedenia je 78 cm.<\/p>\n<p>Dod\u00e1van\u00e9 v demonte<\/p>\n<p><strong>\u00a0<\/strong><\/p>\n","protected":false},"excerpt":{"rendered":"<p>Barov\u00e1 stoli\u010dka, materi\u00e1l: l\u00e1tka + kov s povrchovou \u00fapravou vo farbe tmavosiv\u00e1, rozmery (\u0160xHxV): 41x50x105 cm, v\u00fd\u0161ka sedenia je 78 cm. Dod\u00e1van\u00e9 v demonte \u00a0<\/p>\n","protected":false},"featured_media":102189,"comment_status":"closed","ping_status":"closed","template":"","meta":{"_seopress_robots_primary_cat":"241","_seopress_titles_title":"","_seopress_titles_desc":"","_seopress_robots_index":""},"product_brand":[],"product_cat":[241],"product_tag":[],"class_list":{"0":"post-119829","1":"product","2":"type-product","3":"status-publish","4":"has-post-thumbnail","6":"product_cat-barove-stolicky","8":"first","9":"onbackorder","10":"shipping-taxable","11":"purchasable","12":"product-type-simple"},"_links":{"self":[{"href":"https:\/\/nabytoklaguna.sk\/sk\/wp-json\/wp\/v2\/product\/119829","targetHints":{"allow":["GET"]}}],"collection":[{"href":"https:\/\/nabytoklaguna.sk\/sk\/wp-json\/wp\/v2\/product"}],"about":[{"href":"https:\/\/nabytoklaguna.sk\/sk\/wp-json\/wp\/v2\/types\/product"}],"replies":[{"embeddable":true,"href":"https:\/\/nabytoklaguna.sk\/sk\/wp-json\/wp\/v2\/comments?post=119829"}],"wp:featuredmedia":[{"embeddable":true,"href":"https:\/\/nabytoklaguna.sk\/sk\/wp-json\/wp\/v2\/media\/102189"}],"wp:attachment":[{"href":"https:\/\/nabytoklaguna.sk\/sk\/wp-json\/wp\/v2\/media?parent=119829"}],"wp:term":[{"taxonomy":"product_brand","embeddable":true,"href":"https:\/\/nabytoklaguna.sk\/sk\/wp-json\/wp\/v2\/product_brand?post=119829"},{"taxonomy":"product_cat","embeddable":true,"href":"https:\/\/nabytoklaguna.sk\/sk\/wp-json\/wp\/v2\/product_cat?post=119829"},{"taxonomy":"product_tag","embeddable":true,"href":"https:\/\/nabytoklaguna.sk\/sk\/wp-json\/wp\/v2\/product_tag?post=119829"}],"curies":[{"name":"wp","href":"https:\/\/api.w.org\/{rel}","templated":true}]}}