{"id":119831,"date":"2023-04-22T20:12:00","date_gmt":"2023-04-22T20:12:00","guid":{"rendered":"https:\/\/nabytoklaguna.sk\/sk\/?post_type=product&#038;p=119831"},"modified":"2025-10-28T13:41:10","modified_gmt":"2025-10-28T12:41:10","slug":"k-madox","status":"publish","type":"product","link":"https:\/\/nabytoklaguna.sk\/sk\/produkt\/k-madox\/","title":{"rendered":"K MADOX"},"content":{"rendered":"<p>Kancel\u00e1rske kreslo s \u010dal\u00fanen\u00fdmi opierkami na ruky, prevedenie: \u010dierna ekoko\u017ea, plastov\u00e9 opierky a chr\u00f3mov\u00e1 podstava, \u0160xHxV: 66x73x112-122, v\u00fd\u0161ka sedu: 45-55 cm.<\/p>\n<p>Mo\u017enos\u0165 nastavi\u0165 v\u00fd\u0161ku sedu<\/p>\n<p>Funkcia hojdania<\/p>\n<p>Kovov\u00e1 ru\u017eica<\/p>\n<p>Plastov\u00e9 opierky na ruky<\/p>\n<p>Opierky na ruky \u010dal\u00fanen\u00e9<\/p>\n<p>Dod\u00e1van\u00e9 v demonte<\/p>\n<p>&nbsp;<\/p>\n","protected":false},"excerpt":{"rendered":"<p>Kancel\u00e1rske kreslo s \u010dal\u00fanen\u00fdmi opierkami na ruky, prevedenie: \u010dierna ekoko\u017ea, plastov\u00e9 opierky a chr\u00f3mov\u00e1 podstava, \u0160xHxV: 66x73x112-122, v\u00fd\u0161ka sedu: 45-55 cm. Mo\u017enos\u0165 nastavi\u0165 v\u00fd\u0161ku sedu Funkcia hojdania Kovov\u00e1 ru\u017eica Plastov\u00e9 opierky na ruky Opierky na ruky \u010dal\u00fanen\u00e9 Dod\u00e1van\u00e9 v demonte &nbsp;<\/p>\n","protected":false},"featured_media":47679,"comment_status":"closed","ping_status":"closed","template":"","meta":{"_seopress_robots_primary_cat":"none","_seopress_titles_title":"","_seopress_titles_desc":"","_seopress_robots_index":""},"product_brand":[],"product_cat":[242],"product_tag":[],"class_list":{"0":"post-119831","1":"product","2":"type-product","3":"status-publish","4":"has-post-thumbnail","6":"product_cat-kancelarske-stolicky","8":"first","9":"onbackorder","10":"shipping-taxable","11":"purchasable","12":"product-type-simple"},"_links":{"self":[{"href":"https:\/\/nabytoklaguna.sk\/sk\/wp-json\/wp\/v2\/product\/119831","targetHints":{"allow":["GET"]}}],"collection":[{"href":"https:\/\/nabytoklaguna.sk\/sk\/wp-json\/wp\/v2\/product"}],"about":[{"href":"https:\/\/nabytoklaguna.sk\/sk\/wp-json\/wp\/v2\/types\/product"}],"replies":[{"embeddable":true,"href":"https:\/\/nabytoklaguna.sk\/sk\/wp-json\/wp\/v2\/comments?post=119831"}],"wp:featuredmedia":[{"embeddable":true,"href":"https:\/\/nabytoklaguna.sk\/sk\/wp-json\/wp\/v2\/media\/47679"}],"wp:attachment":[{"href":"https:\/\/nabytoklaguna.sk\/sk\/wp-json\/wp\/v2\/media?parent=119831"}],"wp:term":[{"taxonomy":"product_brand","embeddable":true,"href":"https:\/\/nabytoklaguna.sk\/sk\/wp-json\/wp\/v2\/product_brand?post=119831"},{"taxonomy":"product_cat","embeddable":true,"href":"https:\/\/nabytoklaguna.sk\/sk\/wp-json\/wp\/v2\/product_cat?post=119831"},{"taxonomy":"product_tag","embeddable":true,"href":"https:\/\/nabytoklaguna.sk\/sk\/wp-json\/wp\/v2\/product_tag?post=119831"}],"curies":[{"name":"wp","href":"https:\/\/api.w.org\/{rel}","templated":true}]}}