{"id":119832,"date":"2023-04-22T20:12:00","date_gmt":"2023-04-22T20:12:00","guid":{"rendered":"https:\/\/nabytoklaguna.sk\/sk\/?post_type=product&#038;p=119832"},"modified":"2026-01-08T14:02:01","modified_gmt":"2026-01-08T13:02:01","slug":"k-floki","status":"publish","type":"product","link":"https:\/\/nabytoklaguna.sk\/sk\/produkt\/k-floki\/","title":{"rendered":"K FLOKI"},"content":{"rendered":"<p>Praktick\u00fd PC st\u00f4l s reg\u00e1lom v bielom farebnom preveden\u00ed s dostatkom \u00falo\u017en\u00e9ho priestoru. Vyroben\u00fd z DTD laminovanej vo farebnom preveden\u00ed biela.<\/p>\n<ul>\n<li><b>Materi\u00e1l:<\/b>\u00a0DTD laminovan\u00e1<\/li>\n<li><b>Farba:<\/b>\u00a0biela<\/li>\n<li><b>Rozmery (\u0160xHxV):<\/b>\u00a0120x60x150 cm<\/li>\n<li>S otvoren\u00fdm \u00falo\u017en\u00fdm priestorom<\/li>\n<li>S reg\u00e1lom<\/li>\n<li>Dod\u00e1van\u00e9 v demonte<\/li>\n<\/ul>\n","protected":false},"excerpt":{"rendered":"<p>Praktick\u00fd PC st\u00f4l s reg\u00e1lom v bielom farebnom preveden\u00ed s dostatkom \u00falo\u017en\u00e9ho priestoru. Vyroben\u00fd z DTD laminovanej vo farebnom preveden\u00ed biela. Materi\u00e1l:\u00a0DTD laminovan\u00e1 Farba:\u00a0biela Rozmery (\u0160xHxV):\u00a0120x60x150 cm S otvoren\u00fdm \u00falo\u017en\u00fdm priestorom S reg\u00e1lom Dod\u00e1van\u00e9 v demonte<\/p>\n","protected":false},"featured_media":47805,"comment_status":"closed","ping_status":"closed","template":"","meta":{"_seopress_robots_primary_cat":"none","_seopress_titles_title":"","_seopress_titles_desc":"","_seopress_robots_index":""},"product_brand":[],"product_cat":[247],"product_tag":[],"class_list":{"0":"post-119832","1":"product","2":"type-product","3":"status-publish","4":"has-post-thumbnail","6":"product_cat-pisacie-pocitacove-stoly","8":"first","9":"onbackorder","10":"shipping-taxable","11":"purchasable","12":"product-type-simple"},"_links":{"self":[{"href":"https:\/\/nabytoklaguna.sk\/sk\/wp-json\/wp\/v2\/product\/119832","targetHints":{"allow":["GET"]}}],"collection":[{"href":"https:\/\/nabytoklaguna.sk\/sk\/wp-json\/wp\/v2\/product"}],"about":[{"href":"https:\/\/nabytoklaguna.sk\/sk\/wp-json\/wp\/v2\/types\/product"}],"replies":[{"embeddable":true,"href":"https:\/\/nabytoklaguna.sk\/sk\/wp-json\/wp\/v2\/comments?post=119832"}],"wp:featuredmedia":[{"embeddable":true,"href":"https:\/\/nabytoklaguna.sk\/sk\/wp-json\/wp\/v2\/media\/47805"}],"wp:attachment":[{"href":"https:\/\/nabytoklaguna.sk\/sk\/wp-json\/wp\/v2\/media?parent=119832"}],"wp:term":[{"taxonomy":"product_brand","embeddable":true,"href":"https:\/\/nabytoklaguna.sk\/sk\/wp-json\/wp\/v2\/product_brand?post=119832"},{"taxonomy":"product_cat","embeddable":true,"href":"https:\/\/nabytoklaguna.sk\/sk\/wp-json\/wp\/v2\/product_cat?post=119832"},{"taxonomy":"product_tag","embeddable":true,"href":"https:\/\/nabytoklaguna.sk\/sk\/wp-json\/wp\/v2\/product_tag?post=119832"}],"curies":[{"name":"wp","href":"https:\/\/api.w.org\/{rel}","templated":true}]}}