{"id":119835,"date":"2023-04-22T20:12:00","date_gmt":"2023-04-22T20:12:00","guid":{"rendered":"https:\/\/nabytoklaguna.sk\/sk\/?post_type=product&#038;p=119835"},"modified":"2025-08-18T14:16:43","modified_gmt":"2025-08-18T12:16:43","slug":"k-postel-bagira","status":"publish","type":"product","link":"https:\/\/nabytoklaguna.sk\/sk\/produkt\/k-postel-bagira\/","title":{"rendered":"K BAGIRA"},"content":{"rendered":"<p><b>Stabiln\u00e1 kon\u0161trukcia<\/b>\u00a0zaru\u010duje bezpe\u010dnos\u0165 a pohodlie. V\u010faka\u00a0<b>bielej farbe<\/b>\u00a0sa poste\u013e hod\u00ed pre diev\u010dat\u00e1 aj chlapcov. Je\u00a0<b>rozlo\u017eite\u013en\u00e1<\/b>, tak\u017ee sa d\u00e1 rozlo\u017ei\u0165 na\u00a0<b>dve samostatn\u00e9 l\u00f4\u017eka<\/b>. Zauj\u00edmav\u00e1 je pr\u00e1ve t\u00fdm, \u017ee postele maj\u00fa rozdielnu \u0161\u00edrku. Spodn\u00e1 poste\u013e sa m\u00f4\u017ee pochv\u00e1li\u0165\u00a0<b>\u0161\u00edrkou a\u017e 140 cm<\/b>. S\u00fa\u010das\u0165ou postele je flexibiln\u00fd\u00a0<b>preglejkov\u00fd rolovan\u00fd ro\u0161t<\/b>.<\/p>\n<ul>\n<li><b>Materi\u00e1l:<\/b>\u00a0borovicov\u00e9 drevo<\/li>\n<li><b>Farba:<\/b>\u00a0biela<\/li>\n<li><b>Rozmery (\u0160xHxV):<\/b>\u00a0211x151x150 cm<\/li>\n<li><b>Plocha na spanie horn\u00e9 l\u00f4\u017eko (\u0160xH):<\/b>\u00a090&#215;200 cm<\/li>\n<li><b>Plocha na spanie doln\u00e9 l\u00f4\u017eko (\u0160xH):<\/b>\u00a0140&#215;200 cm<\/li>\n<li><b>V\u00fd\u0161ka po ro\u0161t:<\/b>\u00a023 cm<\/li>\n<li><b>Rozmery vo\u013en\u00e9ho priestoru pod dolnou poste\u013eou (\u0160xH):<\/b>\u00a0138&#215;198 cm<\/li>\n<li><b>Rozmery vo\u013en\u00e9ho priestoru pod hornou poste\u013eou (\u0160xH):<\/b>\u00a088&#215;198 cm<\/li>\n<li><b>Nosnos\u0165 na l\u00f4\u017eko:<\/b>\u00a0140 kg<\/li>\n<li>Mo\u017enos\u0165 upevni\u0165 rebr\u00edk na pravej alebo \u013eavej strane<\/li>\n<li>Rozlo\u017eite\u013en\u00e1<\/li>\n<li>Vrchn\u00e1 poste\u013e so z\u00e1branou proti p\u00e1du<\/li>\n<li>Dod\u00e1van\u00e9 s preglejkov\u00fdm rolovan\u00fdm ro\u0161tom<\/li>\n<li>Dod\u00e1van\u00e9 v demonte<\/li>\n<\/ul>\n","protected":false},"excerpt":{"rendered":"<p>Stabiln\u00e1 kon\u0161trukcia\u00a0zaru\u010duje bezpe\u010dnos\u0165 a pohodlie. V\u010faka\u00a0bielej farbe\u00a0sa poste\u013e hod\u00ed pre diev\u010dat\u00e1 aj chlapcov. Je\u00a0rozlo\u017eite\u013en\u00e1, tak\u017ee sa d\u00e1 rozlo\u017ei\u0165 na\u00a0dve samostatn\u00e9 l\u00f4\u017eka. Zauj\u00edmav\u00e1 je pr\u00e1ve t\u00fdm, \u017ee postele maj\u00fa rozdielnu \u0161\u00edrku. Spodn\u00e1 poste\u013e sa m\u00f4\u017ee pochv\u00e1li\u0165\u00a0\u0161\u00edrkou a\u017e 140 cm. S\u00fa\u010das\u0165ou postele je flexibiln\u00fd\u00a0preglejkov\u00fd rolovan\u00fd ro\u0161t. Materi\u00e1l:\u00a0borovicov\u00e9 drevo Farba:\u00a0biela Rozmery (\u0160xHxV):\u00a0211x151x150 cm Plocha na spanie horn\u00e9 l\u00f4\u017eko&#8230;<\/p>\n","protected":false},"featured_media":69753,"comment_status":"closed","ping_status":"closed","template":"","meta":{"_seopress_robots_primary_cat":"233","_seopress_titles_title":"","_seopress_titles_desc":"","_seopress_robots_index":""},"product_brand":[],"product_cat":[233],"product_tag":[],"class_list":{"0":"post-119835","1":"product","2":"type-product","3":"status-publish","4":"has-post-thumbnail","6":"product_cat-poschodove-postele","8":"first","9":"onbackorder","10":"shipping-taxable","11":"purchasable","12":"product-type-simple"},"_links":{"self":[{"href":"https:\/\/nabytoklaguna.sk\/sk\/wp-json\/wp\/v2\/product\/119835","targetHints":{"allow":["GET"]}}],"collection":[{"href":"https:\/\/nabytoklaguna.sk\/sk\/wp-json\/wp\/v2\/product"}],"about":[{"href":"https:\/\/nabytoklaguna.sk\/sk\/wp-json\/wp\/v2\/types\/product"}],"replies":[{"embeddable":true,"href":"https:\/\/nabytoklaguna.sk\/sk\/wp-json\/wp\/v2\/comments?post=119835"}],"wp:featuredmedia":[{"embeddable":true,"href":"https:\/\/nabytoklaguna.sk\/sk\/wp-json\/wp\/v2\/media\/69753"}],"wp:attachment":[{"href":"https:\/\/nabytoklaguna.sk\/sk\/wp-json\/wp\/v2\/media?parent=119835"}],"wp:term":[{"taxonomy":"product_brand","embeddable":true,"href":"https:\/\/nabytoklaguna.sk\/sk\/wp-json\/wp\/v2\/product_brand?post=119835"},{"taxonomy":"product_cat","embeddable":true,"href":"https:\/\/nabytoklaguna.sk\/sk\/wp-json\/wp\/v2\/product_cat?post=119835"},{"taxonomy":"product_tag","embeddable":true,"href":"https:\/\/nabytoklaguna.sk\/sk\/wp-json\/wp\/v2\/product_tag?post=119835"}],"curies":[{"name":"wp","href":"https:\/\/api.w.org\/{rel}","templated":true}]}}