{"id":119837,"date":"2023-04-22T20:12:00","date_gmt":"2023-04-22T20:12:00","guid":{"rendered":"https:\/\/nabytoklaguna.sk\/sk\/?post_type=product&#038;p=119837"},"modified":"2026-01-15T00:56:34","modified_gmt":"2026-01-14T23:56:34","slug":"ka-g301","status":"publish","type":"product","link":"https:\/\/nabytoklaguna.sk\/sk\/produkt\/ka-g301\/","title":{"rendered":"KA-G301"},"content":{"rendered":"<p>Kancel\u00e1rske kreslo KA-G301 GREY\u00a0 \u010dal\u00fanen\u00e1 ko\u017eenkou sivou<\/p>\n<ul>\n<li>\u010dal\u00fanenie: ekoko\u017ea siv\u00e1<\/li>\n<li>podr\u00fa\u010dky: \u010dal\u00fanen\u00e9, siv\u00e9<\/li>\n<\/ul>\n<p>plynov\u00fd piest &#8211; v\u00fd\u0161kovo nastavite\u013en\u00e1 hojdac\u00ed mechanizmus<\/p>\n<p>Rozmery:<\/p>\n<ul>\n<li>\u0161\u00edrka: 72 cm<\/li>\n<li>h\u013abka: 66 cm<\/li>\n<li>v\u00fd\u0161ka: 114-121 cm<\/li>\n<li>\u0161\u00edrka sedu: 52 cm<\/li>\n<li>h\u013abka sedu: 50 cm<\/li>\n<li>v\u00fd\u0161ka sedu: 44-52 cm<\/li>\n<li>nosnos\u0165: 120 kg<\/li>\n<\/ul>\n<p>dod\u00e1van\u00e9 v demonte<\/p>\n<p>Hmotnos\u0165: 17 kg<\/p>\n","protected":false},"excerpt":{"rendered":"<p>Kancel\u00e1rske kreslo KA-G301 GREY\u00a0 \u010dal\u00fanen\u00e1 ko\u017eenkou sivou \u010dal\u00fanenie: ekoko\u017ea siv\u00e1 podr\u00fa\u010dky: \u010dal\u00fanen\u00e9, siv\u00e9 plynov\u00fd piest &#8211; v\u00fd\u0161kovo nastavite\u013en\u00e1 hojdac\u00ed mechanizmus Rozmery: \u0161\u00edrka: 72 cm h\u013abka: 66 cm v\u00fd\u0161ka: 114-121 cm \u0161\u00edrka sedu: 52 cm h\u013abka sedu: 50 cm v\u00fd\u0161ka sedu: 44-52 cm nosnos\u0165: 120 kg dod\u00e1van\u00e9 v demonte Hmotnos\u0165: 17 kg<\/p>\n","protected":false},"featured_media":48718,"comment_status":"closed","ping_status":"closed","template":"","meta":{"_seopress_robots_primary_cat":"none","_seopress_titles_title":"","_seopress_titles_desc":"","_seopress_robots_index":""},"product_brand":[],"product_cat":[242,237],"product_tag":[],"class_list":{"0":"post-119837","1":"product","2":"type-product","3":"status-publish","4":"has-post-thumbnail","6":"product_cat-kancelarske-stolicky","7":"product_cat-stolicky","9":"first","10":"onbackorder","11":"shipping-taxable","12":"purchasable","13":"product-type-simple"},"_links":{"self":[{"href":"https:\/\/nabytoklaguna.sk\/sk\/wp-json\/wp\/v2\/product\/119837","targetHints":{"allow":["GET"]}}],"collection":[{"href":"https:\/\/nabytoklaguna.sk\/sk\/wp-json\/wp\/v2\/product"}],"about":[{"href":"https:\/\/nabytoklaguna.sk\/sk\/wp-json\/wp\/v2\/types\/product"}],"replies":[{"embeddable":true,"href":"https:\/\/nabytoklaguna.sk\/sk\/wp-json\/wp\/v2\/comments?post=119837"}],"wp:featuredmedia":[{"embeddable":true,"href":"https:\/\/nabytoklaguna.sk\/sk\/wp-json\/wp\/v2\/media\/48718"}],"wp:attachment":[{"href":"https:\/\/nabytoklaguna.sk\/sk\/wp-json\/wp\/v2\/media?parent=119837"}],"wp:term":[{"taxonomy":"product_brand","embeddable":true,"href":"https:\/\/nabytoklaguna.sk\/sk\/wp-json\/wp\/v2\/product_brand?post=119837"},{"taxonomy":"product_cat","embeddable":true,"href":"https:\/\/nabytoklaguna.sk\/sk\/wp-json\/wp\/v2\/product_cat?post=119837"},{"taxonomy":"product_tag","embeddable":true,"href":"https:\/\/nabytoklaguna.sk\/sk\/wp-json\/wp\/v2\/product_tag?post=119837"}],"curies":[{"name":"wp","href":"https:\/\/api.w.org\/{rel}","templated":true}]}}