{"id":119843,"date":"2023-04-22T20:12:00","date_gmt":"2023-04-22T20:12:00","guid":{"rendered":"https:\/\/nabytoklaguna.sk\/sk\/?post_type=product&#038;p=119843"},"modified":"2025-04-30T14:05:11","modified_gmt":"2025-04-30T12:05:11","slug":"stg-todi-kreslo","status":"publish","type":"product","link":"https:\/\/nabytoklaguna.sk\/sk\/produkt\/stg-todi-kreslo\/","title":{"rendered":"STG TODI kreslo"},"content":{"rendered":"<p>\u0160t\u00fdlov\u00e9 kreslo Todi je vhodn\u00e9 do ka\u017edej modernej \u010di menej modernej dom\u00e1cnosti.Kvalitn\u00e9 spracovavnie materi\u00e1lov a kombin\u00e1cia farebn\u00fdch preveden\u00ed zaru\u010duje vysok\u00fd komfort a dokonal\u00fd a jedine\u010dn\u00fd vzh\u013ead kresla. Dreven\u00e9 nohy. Komfortn\u00e9 sedenie zabezpe\u010d\u00ed polyuretanov\u00e1 pena.<\/p>\n<p>Mo\u017enos\u0165 v\u00fdberu farebn\u00e9ho prevedenia zo vzorkovn\u00edka l\u00e1tok CENOV\u00c1 SKUPINA 0-bez pr\u00edplatku<\/p>\n<p>Pri v\u00fdbere po\u0165ahov\u00fdch l\u00e1tok n\u00e1s kontaktujte radi V\u00e1m porad\u00edme.<\/p>\n<p><strong>VZORKOVN\u00cdK L\u00c1TOK<\/strong><\/p>\n<p><a href=\"https:\/\/nabytoklaguna.sk\/sk\/wp-content\/uploads\/2021\/02\/STG-Potahove-latky.pdf\"><img loading=\"lazy\" decoding=\"async\" class=\"alignnone wp-image-100592 size-full\" src=\"https:\/\/nabytoklaguna.sk\/sk\/wp-content\/uploads\/2021\/01\/tlacidlo-vzorkovnik-latok-2.jpg\" alt=\"tlacidlo vzorkovnik latok (2)\" width=\"100\" height=\"100\" \/><\/a><\/p>\n<p>&nbsp;<\/p>\n<h3 class=\"page-product-heading\">VLASTNOSTI<\/h3>\n<table class=\"table-data-sheet\" style=\"height: 1019px;\">\n<tbody>\n<tr class=\"odd\" style=\"height: 51px;\">\n<td style=\"height: 51px; width: 208.182px;\">H\u013abka<\/td>\n<td style=\"height: 51px; width: 434.545px;\">90 cm<\/td>\n<\/tr>\n<tr class=\"even\" style=\"height: 51px;\">\n<td style=\"height: 51px; width: 208.182px;\">\u0160\u00edrka<\/td>\n<td style=\"height: 51px; width: 434.545px;\">100 cm<\/td>\n<\/tr>\n<tr class=\"odd\" style=\"height: 51px;\">\n<td style=\"height: 51px; width: 208.182px;\">V\u00fd\u0161ka<\/td>\n<td style=\"height: 51px; width: 434.545px;\">90 cm<\/td>\n<\/tr>\n<tr class=\"even\" style=\"height: 51px;\">\n<td style=\"height: 51px; width: 208.182px;\">Vhodn\u00e1 miestnos\u0165<\/td>\n<td style=\"height: 51px; width: 434.545px;\">ob\u00fdva\u010dka, spolo\u010densk\u00e1 miestnos\u0165, hotely, kaviarne<\/td>\n<\/tr>\n<tr class=\"odd\" style=\"height: 51px;\">\n<td style=\"height: 51px; width: 208.182px;\">Typ n\u00e1bytku<\/td>\n<td style=\"height: 51px; width: 434.545px;\">kreslo<\/td>\n<\/tr>\n<tr class=\"even\" style=\"height: 51px;\">\n<td style=\"height: 51px; width: 208.182px;\">\u0160t\u00fdl n\u00e1bytku<\/td>\n<td style=\"height: 51px; width: 434.545px;\">modern\u00fd<\/td>\n<\/tr>\n<tr class=\"odd\" style=\"height: 51px;\">\n<td style=\"height: 51px; width: 208.182px;\">Z\u00e1ruka<\/td>\n<td style=\"height: 51px; width: 434.545px;\">2 roky<\/td>\n<\/tr>\n<tr class=\"even\" style=\"height: 51px;\">\n<td style=\"height: 51px; width: 208.182px;\">Sp\u00f4sob dodania<\/td>\n<td style=\"height: 51px; width: 434.545px;\">demont v jednom bal\u00edku<\/td>\n<\/tr>\n<tr class=\"odd\" style=\"height: 51px;\">\n<td style=\"height: 51px; width: 208.182px;\">Hmotnos\u0165<\/td>\n<td style=\"height: 51px; width: 434.545px;\">59 kg<\/td>\n<\/tr>\n<tr class=\"even\" style=\"height: 51px;\">\n<td style=\"height: 51px; width: 208.182px;\">\u00dalo\u017en\u00fd priestor<\/td>\n<td style=\"height: 51px; width: 434.545px;\">nie<\/td>\n<\/tr>\n<tr class=\"odd\" style=\"height: 51px;\">\n<td style=\"height: 51px; width: 208.182px;\">Rohov\u00e9 prevedenie<\/td>\n<td style=\"height: 51px; width: 434.545px;\">nie<\/td>\n<\/tr>\n<tr class=\"even\" style=\"height: 51px;\">\n<td style=\"height: 51px; width: 208.182px;\">V\u00fd\u0161ka sed\u00e1ka<\/td>\n<td style=\"height: 51px; width: 434.545px;\">44 cm<\/td>\n<\/tr>\n<tr class=\"odd\" style=\"height: 51px;\">\n<td style=\"height: 51px; width: 208.182px;\">V\u00fd\u0161ka zadn\u00e9ho \u010dela<\/td>\n<td style=\"height: 51px; width: 434.545px;\">max. 90 cm<\/td>\n<\/tr>\n<tr class=\"even\" style=\"height: 51px;\">\n<td style=\"height: 51px; width: 208.182px;\">Mo\u017enos\u0165 rozkladania<\/td>\n<td style=\"height: 51px; width: 434.545px;\">nie<\/td>\n<\/tr>\n<tr class=\"odd\" style=\"height: 51px;\">\n<td style=\"height: 51px; width: 208.182px;\">Plocha po rozlo\u017een\u00ed<\/td>\n<td style=\"height: 51px; width: 434.545px;\"><\/td>\n<\/tr>\n<tr class=\"even\" style=\"height: 51px;\">\n<td style=\"height: 51px; width: 208.182px;\">Kon\u0161trukcia<\/td>\n<td style=\"height: 51px; width: 434.545px;\">mas\u00edv<\/td>\n<\/tr>\n<tr class=\"odd\" style=\"height: 51px;\">\n<td style=\"height: 51px; width: 208.182px;\">N\u00f4\u017eky<\/td>\n<td style=\"height: 51px; width: 434.545px;\">drevo<\/td>\n<\/tr>\n<tr class=\"even\" style=\"height: 51px;\">\n<td style=\"height: 51px; width: 208.182px;\">Obsahuje vank\u00fa\u0161e<\/td>\n<td style=\"height: 51px; width: 434.545px;\">nie<\/td>\n<\/tr>\n<tr class=\"odd\" style=\"height: 51px;\">\n<td style=\"height: 51px; width: 208.182px;\">Nastavenie opierok<\/td>\n<td style=\"height: 51px; width: 434.545px;\">nie<\/td>\n<\/tr>\n<tr class=\"even\" style=\"height: 50px;\">\n<td style=\"height: 50px; width: 208.182px;\">V\u00fdpl\u0148 seda\u010dky<\/td>\n<td style=\"height: 50px; width: 434.545px;\">pena+ pru\u017eina<\/td>\n<\/tr>\n<\/tbody>\n<\/table>\n<p>&nbsp;<\/p>\n<p>&nbsp;<\/p>\n<div id=\"jp-relatedposts\" class=\"jp-relatedposts\"><\/div>\n","protected":false},"excerpt":{"rendered":"<p>\u0160t\u00fdlov\u00e9 kreslo Todi je vhodn\u00e9 do ka\u017edej modernej \u010di menej modernej dom\u00e1cnosti.Kvalitn\u00e9 spracovavnie materi\u00e1lov a kombin\u00e1cia farebn\u00fdch preveden\u00ed zaru\u010duje vysok\u00fd komfort a dokonal\u00fd a jedine\u010dn\u00fd vzh\u013ead kresla. Dreven\u00e9 nohy. Komfortn\u00e9 sedenie zabezpe\u010d\u00ed polyuretanov\u00e1 pena. Mo\u017enos\u0165 v\u00fdberu farebn\u00e9ho prevedenia zo vzorkovn\u00edka l\u00e1tok CENOV\u00c1 SKUPINA 0-bez pr\u00edplatku Pri v\u00fdbere po\u0165ahov\u00fdch l\u00e1tok n\u00e1s kontaktujte radi V\u00e1m porad\u00edme. VZORKOVN\u00cdK&#8230;<\/p>\n","protected":false},"featured_media":49582,"comment_status":"closed","ping_status":"closed","template":"","meta":{"_seopress_robots_primary_cat":"231","_seopress_titles_title":"","_seopress_titles_desc":"","_seopress_robots_index":""},"product_brand":[],"product_cat":[231],"product_tag":[],"class_list":{"0":"post-119843","1":"product","2":"type-product","3":"status-publish","4":"has-post-thumbnail","6":"product_cat-kresla","8":"first","9":"onbackorder","10":"shipping-taxable","11":"purchasable","12":"product-type-simple"},"_links":{"self":[{"href":"https:\/\/nabytoklaguna.sk\/sk\/wp-json\/wp\/v2\/product\/119843","targetHints":{"allow":["GET"]}}],"collection":[{"href":"https:\/\/nabytoklaguna.sk\/sk\/wp-json\/wp\/v2\/product"}],"about":[{"href":"https:\/\/nabytoklaguna.sk\/sk\/wp-json\/wp\/v2\/types\/product"}],"replies":[{"embeddable":true,"href":"https:\/\/nabytoklaguna.sk\/sk\/wp-json\/wp\/v2\/comments?post=119843"}],"wp:featuredmedia":[{"embeddable":true,"href":"https:\/\/nabytoklaguna.sk\/sk\/wp-json\/wp\/v2\/media\/49582"}],"wp:attachment":[{"href":"https:\/\/nabytoklaguna.sk\/sk\/wp-json\/wp\/v2\/media?parent=119843"}],"wp:term":[{"taxonomy":"product_brand","embeddable":true,"href":"https:\/\/nabytoklaguna.sk\/sk\/wp-json\/wp\/v2\/product_brand?post=119843"},{"taxonomy":"product_cat","embeddable":true,"href":"https:\/\/nabytoklaguna.sk\/sk\/wp-json\/wp\/v2\/product_cat?post=119843"},{"taxonomy":"product_tag","embeddable":true,"href":"https:\/\/nabytoklaguna.sk\/sk\/wp-json\/wp\/v2\/product_tag?post=119843"}],"curies":[{"name":"wp","href":"https:\/\/api.w.org\/{rel}","templated":true}]}}