{"id":119844,"date":"2023-04-22T20:12:00","date_gmt":"2023-04-22T20:12:00","guid":{"rendered":"https:\/\/nabytoklaguna.sk\/sk\/?post_type=product&#038;p=119844"},"modified":"2025-04-30T14:05:25","modified_gmt":"2025-04-30T12:05:25","slug":"stg-rachel-3","status":"publish","type":"product","link":"https:\/\/nabytoklaguna.sk\/sk\/produkt\/stg-rachel-3\/","title":{"rendered":"STG RACHEL 3"},"content":{"rendered":"<p>Modern\u00e1 pohovka\u00a0<strong> 3 sed RACHEL\u00a0<\/strong> bez rozkladu a bez \u00falo\u017en\u00e9ho priestoru. <strong>Kovov\u00e9 nohy<\/strong>. Sedacia s\u00faprava je vybaven\u00e1 pru\u017einami FALISTE, ktor\u00e9 v kombin\u00e1cii s polyuret\u00e1novou penou zabezpe\u010duj\u00fa vysok\u00fd komfort sedenia &#8211; stredne m\u00e4kk\u00e9 sedenie<\/p>\n<p>K pohovke je mo\u017en\u00e9 dok\u00fapi\u0165 <strong>kreslo<\/strong> za cenu 348 EUR a <strong>taburet<\/strong> za cenu 165 EUR<\/p>\n<p>Rozmer kresla 95x91x90 cm a rozmer taburetky 72x50x44 cm<\/p>\n<p><strong>VZORKOVN\u00cdK L\u00c1TOK<\/strong><\/p>\n<p><a href=\"https:\/\/nabytoklaguna.sk\/sk\/wp-content\/uploads\/2021\/02\/STG-Potahove-latky.pdf\"><img loading=\"lazy\" decoding=\"async\" class=\"alignnone wp-image-100592 size-full\" src=\"https:\/\/nabytoklaguna.sk\/sk\/wp-content\/uploads\/2021\/01\/tlacidlo-vzorkovnik-latok-2.jpg\" alt=\"tlacidlo vzorkovnik latok (2)\" width=\"100\" height=\"100\" \/><\/a><\/p>\n<p>Ceny s\u00fa platn\u00e9 pre l\u00e1tky v cenovej skupine 0.<\/p>\n<h3 class=\"page-product-heading\">VLASTNOSTI<\/h3>\n<table class=\"table-data-sheet\">\n<tbody>\n<tr class=\"odd\">\n<td>H\u013abka<\/td>\n<td>91 cm<\/td>\n<\/tr>\n<tr class=\"even\">\n<td>\u0160\u00edrka<\/td>\n<td>220 cm<\/td>\n<\/tr>\n<tr class=\"odd\">\n<td>V\u00fd\u0161ka<\/td>\n<td>90 cm<\/td>\n<\/tr>\n<tr class=\"even\">\n<td>Vhodn\u00e1 miestnos\u0165<\/td>\n<td>ob\u00fdva\u010dka, spolo\u010densk\u00e1 miestnos\u0165, hotely, kaviarne<\/td>\n<\/tr>\n<tr class=\"odd\">\n<td>Typ n\u00e1bytku<\/td>\n<td>pohovka<\/td>\n<\/tr>\n<tr class=\"even\">\n<td>\u0160t\u00fdl n\u00e1bytku<\/td>\n<td>modern\u00fd<\/td>\n<\/tr>\n<tr class=\"odd\">\n<td>Z\u00e1ruka<\/td>\n<td>2 roky<\/td>\n<\/tr>\n<tr class=\"even\">\n<td>Sp\u00f4sob dodania<\/td>\n<td>demont v dvoch bal\u00edkoch<\/td>\n<\/tr>\n<tr class=\"odd\">\n<td>Hmotnos\u0165<\/td>\n<td>129 kg<\/td>\n<\/tr>\n<tr class=\"even\">\n<td>\u00dalo\u017en\u00fd priestor<\/td>\n<td>nie<\/td>\n<\/tr>\n<tr class=\"odd\">\n<td>Rohov\u00e9 prevedenie<\/td>\n<td>nie<\/td>\n<\/tr>\n<tr class=\"even\">\n<td>V\u00fd\u0161ka sed\u00e1ka<\/td>\n<td>44 cm<\/td>\n<\/tr>\n<tr class=\"odd\">\n<td>V\u00fd\u0161ka zadn\u00e9ho \u010dela<\/td>\n<td>max. 90 cm<\/td>\n<\/tr>\n<tr class=\"even\">\n<td>Mo\u017enos\u0165 rozkladania<\/td>\n<td>nie<\/td>\n<\/tr>\n<tr class=\"odd\">\n<td>Plocha po rozlo\u017een\u00ed<\/td>\n<td><\/td>\n<\/tr>\n<tr class=\"even\">\n<td>Kon\u0161trukcia<\/td>\n<td>mas\u00edv<\/td>\n<\/tr>\n<tr class=\"odd\">\n<td>N\u00f4\u017eky<\/td>\n<td>kov<\/td>\n<\/tr>\n<tr class=\"even\">\n<td>Obsahuje vank\u00fa\u0161e<\/td>\n<td>nie<\/td>\n<\/tr>\n<tr class=\"odd\">\n<td>Nastavenie opierok<\/td>\n<td>nie<\/td>\n<\/tr>\n<tr class=\"even\">\n<td>V\u00fdpl\u0148 seda\u010dky<\/td>\n<td>pena+ pru\u017eina<\/td>\n<\/tr>\n<\/tbody>\n<\/table>\n<p><strong>\u00a0<\/strong><\/p>\n","protected":false},"excerpt":{"rendered":"<p>Modern\u00e1 pohovka\u00a0 3 sed RACHEL\u00a0 bez rozkladu a bez \u00falo\u017en\u00e9ho priestoru. Kovov\u00e9 nohy. Sedacia s\u00faprava je vybaven\u00e1 pru\u017einami FALISTE, ktor\u00e9 v kombin\u00e1cii s polyuret\u00e1novou penou zabezpe\u010duj\u00fa vysok\u00fd komfort sedenia &#8211; stredne m\u00e4kk\u00e9 sedenie K pohovke je mo\u017en\u00e9 dok\u00fapi\u0165 kreslo za cenu 348 EUR a taburet za cenu 165 EUR Rozmer kresla 95x91x90 cm a rozmer&#8230;<\/p>\n","protected":false},"featured_media":49659,"comment_status":"closed","ping_status":"closed","template":"","meta":{"_seopress_robots_primary_cat":"219","_seopress_titles_title":"","_seopress_titles_desc":"","_seopress_robots_index":""},"product_brand":[],"product_cat":[219],"product_tag":[],"class_list":{"0":"post-119844","1":"product","2":"type-product","3":"status-publish","4":"has-post-thumbnail","6":"product_cat-pohovky","8":"first","9":"onbackorder","10":"shipping-taxable","11":"purchasable","12":"product-type-simple"},"_links":{"self":[{"href":"https:\/\/nabytoklaguna.sk\/sk\/wp-json\/wp\/v2\/product\/119844","targetHints":{"allow":["GET"]}}],"collection":[{"href":"https:\/\/nabytoklaguna.sk\/sk\/wp-json\/wp\/v2\/product"}],"about":[{"href":"https:\/\/nabytoklaguna.sk\/sk\/wp-json\/wp\/v2\/types\/product"}],"replies":[{"embeddable":true,"href":"https:\/\/nabytoklaguna.sk\/sk\/wp-json\/wp\/v2\/comments?post=119844"}],"wp:featuredmedia":[{"embeddable":true,"href":"https:\/\/nabytoklaguna.sk\/sk\/wp-json\/wp\/v2\/media\/49659"}],"wp:attachment":[{"href":"https:\/\/nabytoklaguna.sk\/sk\/wp-json\/wp\/v2\/media?parent=119844"}],"wp:term":[{"taxonomy":"product_brand","embeddable":true,"href":"https:\/\/nabytoklaguna.sk\/sk\/wp-json\/wp\/v2\/product_brand?post=119844"},{"taxonomy":"product_cat","embeddable":true,"href":"https:\/\/nabytoklaguna.sk\/sk\/wp-json\/wp\/v2\/product_cat?post=119844"},{"taxonomy":"product_tag","embeddable":true,"href":"https:\/\/nabytoklaguna.sk\/sk\/wp-json\/wp\/v2\/product_tag?post=119844"}],"curies":[{"name":"wp","href":"https:\/\/api.w.org\/{rel}","templated":true}]}}