{"id":119845,"date":"2023-04-22T20:12:00","date_gmt":"2023-04-22T20:12:00","guid":{"rendered":"https:\/\/nabytoklaguna.sk\/sk\/?post_type=product&#038;p=119845"},"modified":"2025-10-15T14:25:49","modified_gmt":"2025-10-15T12:25:49","slug":"marketa-240-cm","status":"publish","type":"product","link":"https:\/\/nabytoklaguna.sk\/sk\/produkt\/marketa-240-cm\/","title":{"rendered":"MARK\u00c9TA 240 SONOMA"},"content":{"rendered":"<p><strong>P<\/strong><b>raktick\u00e1<\/b> <b>kuchy\u0148a<\/b> <strong>MARK\u00c9TA<\/strong>\u00a0v nad\u010dasovom dizajne V\u00e1s zaujme svojimi \u010dist\u00fdmi l\u00edniami. <b>Trendov\u00e9<\/b> a ob\u013e\u00faben\u00e9 prevedenie <b>dub sonoma<\/b> sa hod\u00ed takmer do ka\u017ed\u00e9ho interi\u00e9ru. Kvalitu garantuje <b>laminovan\u00e1 drevotrieska<\/b>. Praktick\u00e9 <b>skrinky s\u00fa priestrann\u00e9<\/b> a ukryj\u00fa <b>mno\u017estvo<\/b> kuchynsk\u00e9ho n\u00e1radia.<\/p>\n<p><b>\u0160\u00edrka hornej<\/b> \u010dasti je <b>240 cm<\/b> a tvor\u00ed ju dvojdverov\u00e1 skrinka 80 cm, jednodverov\u00e1 skrinka 60 cm, jednodverov\u00e1 skrinka 40cm a digestorov\u00e1 skrinka 60\u00a0 cm. <b>\u0160\u00edrka spodnej<\/b> \u010dasti je <b>180 cm<\/b> a tvor\u00ed ju dvojdverov\u00e1 drezov\u00e1 skrinka 80 cm, jednodverov\u00e1 skrinka 60 cm a 40 cm skrinka s dvierkami a jednou z\u00e1suvkou. Kuchynsk\u00e1 linka je dod\u00e1van\u00e1 s dvoma pracovn\u00fdmi doskami 40 + 60 cm, drezov\u00e1 skrinka je dod\u00e1van\u00e1 bez pracovnej dosky a bez drezu. Pon\u00fakame v\u00e1m mo\u017enos\u0165 dok\u00fapi\u0165 <b>univerz\u00e1lny celoplo\u0161n\u00fd drez<\/b> v cene 89,- eur.<\/p>\n<p>Dod\u00e1van\u00e9 v demonte.<\/p>\n","protected":false},"excerpt":{"rendered":"<p>Praktick\u00e1 kuchy\u0148a MARK\u00c9TA\u00a0v nad\u010dasovom dizajne V\u00e1s zaujme svojimi \u010dist\u00fdmi l\u00edniami. Trendov\u00e9 a ob\u013e\u00faben\u00e9 prevedenie dub sonoma sa hod\u00ed takmer do ka\u017ed\u00e9ho interi\u00e9ru. Kvalitu garantuje laminovan\u00e1 drevotrieska. Praktick\u00e9 skrinky s\u00fa priestrann\u00e9 a ukryj\u00fa mno\u017estvo kuchynsk\u00e9ho n\u00e1radia. \u0160\u00edrka hornej \u010dasti je 240 cm a tvor\u00ed ju dvojdverov\u00e1 skrinka 80 cm, jednodverov\u00e1 skrinka 60 cm, jednodverov\u00e1 skrinka 40cm&#8230;<\/p>\n","protected":false},"featured_media":124835,"comment_status":"closed","ping_status":"closed","template":"","meta":{"_seopress_robots_primary_cat":"177","_seopress_titles_title":"","_seopress_titles_desc":"","_seopress_robots_index":""},"product_brand":[],"product_cat":[177],"product_tag":[],"class_list":{"0":"post-119845","1":"product","2":"type-product","3":"status-publish","4":"has-post-thumbnail","6":"product_cat-kuchyne-top","7":"pa_farba-dub-sonoma","8":"pa_farba-dub-sonoma-truflovy","10":"first","11":"onbackorder","12":"shipping-taxable","13":"purchasable","14":"product-type-simple"},"_links":{"self":[{"href":"https:\/\/nabytoklaguna.sk\/sk\/wp-json\/wp\/v2\/product\/119845","targetHints":{"allow":["GET"]}}],"collection":[{"href":"https:\/\/nabytoklaguna.sk\/sk\/wp-json\/wp\/v2\/product"}],"about":[{"href":"https:\/\/nabytoklaguna.sk\/sk\/wp-json\/wp\/v2\/types\/product"}],"replies":[{"embeddable":true,"href":"https:\/\/nabytoklaguna.sk\/sk\/wp-json\/wp\/v2\/comments?post=119845"}],"wp:featuredmedia":[{"embeddable":true,"href":"https:\/\/nabytoklaguna.sk\/sk\/wp-json\/wp\/v2\/media\/124835"}],"wp:attachment":[{"href":"https:\/\/nabytoklaguna.sk\/sk\/wp-json\/wp\/v2\/media?parent=119845"}],"wp:term":[{"taxonomy":"product_brand","embeddable":true,"href":"https:\/\/nabytoklaguna.sk\/sk\/wp-json\/wp\/v2\/product_brand?post=119845"},{"taxonomy":"product_cat","embeddable":true,"href":"https:\/\/nabytoklaguna.sk\/sk\/wp-json\/wp\/v2\/product_cat?post=119845"},{"taxonomy":"product_tag","embeddable":true,"href":"https:\/\/nabytoklaguna.sk\/sk\/wp-json\/wp\/v2\/product_tag?post=119845"}],"curies":[{"name":"wp","href":"https:\/\/api.w.org\/{rel}","templated":true}]}}