{"id":119846,"date":"2023-04-22T20:12:00","date_gmt":"2023-04-22T20:12:00","guid":{"rendered":"https:\/\/nabytoklaguna.sk\/sk\/?post_type=product&#038;p=119846"},"modified":"2026-04-15T10:57:44","modified_gmt":"2026-04-15T08:57:44","slug":"at-3005","status":"publish","type":"product","link":"https:\/\/nabytoklaguna.sk\/sk\/produkt\/at-3005\/","title":{"rendered":"AT-3005"},"content":{"rendered":"<p>Modern\u00fd jed\u00e1lensk\u00fd st\u00f4l s rozmerom 80x80cm. St\u00f4l sa svoj\u00edm vzh\u013eadom hod\u00ed ku v\u0161etk\u00fdm modern\u00fdm stoli\u010dk\u00e1m. Cel\u00fd st\u00f4l je v bielom vysokom lesku. Vrchn\u00e1 doska m\u00e1 hr\u00fabku 40 mm, hr\u00fabka nohy je 8&#215;8 cm. Dod\u00e1van\u00fd v demonte.<\/p>\n<p>ROZMERY:<\/p>\n<p>\u0160\u00edrka: 80cm<\/p>\n<p>H\u013abka: 80cm<\/p>\n<p>V\u00fd\u0161ka: 76cm<\/p>\n<p>&nbsp;<\/p>\n","protected":false},"excerpt":{"rendered":"<p>Modern\u00fd jed\u00e1lensk\u00fd st\u00f4l s rozmerom 80x80cm. St\u00f4l sa svoj\u00edm vzh\u013eadom hod\u00ed ku v\u0161etk\u00fdm modern\u00fdm stoli\u010dk\u00e1m. Cel\u00fd st\u00f4l je v bielom vysokom lesku. Vrchn\u00e1 doska m\u00e1 hr\u00fabku 40 mm, hr\u00fabka nohy je 8&#215;8 cm. Dod\u00e1van\u00fd v demonte. ROZMERY: \u0160\u00edrka: 80cm H\u013abka: 80cm V\u00fd\u0161ka: 76cm &nbsp;<\/p>\n","protected":false},"featured_media":60452,"comment_status":"closed","ping_status":"closed","template":"","meta":{"_seopress_robots_primary_cat":"244","_seopress_titles_title":"","_seopress_titles_desc":"","_seopress_robots_index":""},"product_brand":[],"product_cat":[244,243],"product_tag":[],"class_list":{"0":"post-119846","1":"product","2":"type-product","3":"status-publish","4":"has-post-thumbnail","6":"product_cat-drevene-stoly","7":"product_cat-stoly","9":"first","10":"onbackorder","11":"sale","12":"shipping-taxable","13":"purchasable","14":"product-type-simple"},"_links":{"self":[{"href":"https:\/\/nabytoklaguna.sk\/sk\/wp-json\/wp\/v2\/product\/119846","targetHints":{"allow":["GET"]}}],"collection":[{"href":"https:\/\/nabytoklaguna.sk\/sk\/wp-json\/wp\/v2\/product"}],"about":[{"href":"https:\/\/nabytoklaguna.sk\/sk\/wp-json\/wp\/v2\/types\/product"}],"replies":[{"embeddable":true,"href":"https:\/\/nabytoklaguna.sk\/sk\/wp-json\/wp\/v2\/comments?post=119846"}],"wp:featuredmedia":[{"embeddable":true,"href":"https:\/\/nabytoklaguna.sk\/sk\/wp-json\/wp\/v2\/media\/60452"}],"wp:attachment":[{"href":"https:\/\/nabytoklaguna.sk\/sk\/wp-json\/wp\/v2\/media?parent=119846"}],"wp:term":[{"taxonomy":"product_brand","embeddable":true,"href":"https:\/\/nabytoklaguna.sk\/sk\/wp-json\/wp\/v2\/product_brand?post=119846"},{"taxonomy":"product_cat","embeddable":true,"href":"https:\/\/nabytoklaguna.sk\/sk\/wp-json\/wp\/v2\/product_cat?post=119846"},{"taxonomy":"product_tag","embeddable":true,"href":"https:\/\/nabytoklaguna.sk\/sk\/wp-json\/wp\/v2\/product_tag?post=119846"}],"curies":[{"name":"wp","href":"https:\/\/api.w.org\/{rel}","templated":true}]}}