{"id":119852,"date":"2023-04-22T20:12:00","date_gmt":"2023-04-22T20:12:00","guid":{"rendered":"https:\/\/nabytoklaguna.sk\/sk\/?post_type=product&#038;p=119852"},"modified":"2025-11-18T12:20:52","modified_gmt":"2025-11-18T11:20:52","slug":"vitorio-3","status":"publish","type":"product","link":"https:\/\/nabytoklaguna.sk\/sk\/produkt\/vitorio-3\/","title":{"rendered":"STG VITORIO 3"},"content":{"rendered":"<p>Modern\u00e1 pohovka vhodn\u00e1 do ob\u00fdvacej izby, detskej izby \u010di \u0161tudentskej izby. Je bez rozkladania a bez \u00falo\u017en\u00e9ho priestoru. Pohovke je postaven\u00e1 na chromov\u00fdch no\u017ei\u010dk\u00e1ch.Sedacia s\u00faprava je vybaven\u00e1\u00a0<strong>pru\u017einami FALISTE,<\/strong>\u00a0ktor\u00e9 v kombin\u00e1cii\u00a0<strong>s polyuret\u00e1novou penou\u00a0<\/strong>zabezpe\u010duj\u00fa vysok\u00fd komfort sedenia &#8211;\u00a0<strong>stredne m\u00e4kk\u00e9 sedenie.<\/strong><\/p>\n<p>K pohovke je mo\u017en\u00e9 dok\u00fapi\u0165:<\/p>\n<ul>\n<li>2 SED za cenu 589,- Eur, rozmer&#8230;.190x90x85cm<\/li>\n<li>taburetku za cenu 209,- Eur, rozmer&#8230;76&#215;64 cm<\/li>\n<\/ul>\n<p>Mo\u017enos\u0165 v\u00fdberu farby z celej kolekcie l\u00e1tok\u00a0 kateg\u00f3rie CENOVA SKUPINA 0-bez pr\u00edplatku. L\u00e1tky n\u00e1jdete\u00a0<strong>TU<\/strong>: https:\/\/nabytoklaguna.sk\/sk\/farebne-prevedenia\/<\/p>\n<p>Ostatn\u00e9 cenov\u00e9 skupiny s\u00fa s pr\u00edplatkom. Pri objedn\u00e1vka pros\u00edm uve\u010fte do pozn\u00e1mky typ l\u00e1tky.V pr\u00edpade ot\u00e1zok n\u00e1s nev\u00e1hajte kontaktova\u0165<\/p>\n<h3 class=\"page-product-heading\">VLASTNOSTI<\/h3>\n<table class=\"table-data-sheet\">\n<tbody>\n<tr class=\"odd\">\n<td>H\u013abka<\/td>\n<td>90 cm<\/td>\n<\/tr>\n<tr class=\"even\">\n<td>\u0160\u00edrka<\/td>\n<td>240 cm<\/td>\n<\/tr>\n<tr class=\"odd\">\n<td>V\u00fd\u0161ka<\/td>\n<td>85 cm<\/td>\n<\/tr>\n<tr class=\"even\">\n<td>Vhodn\u00e1 miestnos\u0165<\/td>\n<td>ob\u00fdva\u010dka, spolo\u010densk\u00e1 miestnos\u0165, hotely, kaviarne<\/td>\n<\/tr>\n<tr class=\"odd\">\n<td>Typ n\u00e1bytku<\/td>\n<td>3-sed<\/td>\n<\/tr>\n<tr class=\"even\">\n<td>\u0160t\u00fdl n\u00e1bytku<\/td>\n<td>modern\u00fd<\/td>\n<\/tr>\n<tr class=\"odd\">\n<td>Z\u00e1ruka<\/td>\n<td>2 roky<\/td>\n<\/tr>\n<tr class=\"even\">\n<td>Sp\u00f4sob dodania<\/td>\n<td>demont v jednom bal\u00edku<\/td>\n<\/tr>\n<tr class=\"odd\">\n<td>Hmotnos\u0165<\/td>\n<td>99 kg<\/td>\n<\/tr>\n<tr class=\"even\">\n<td>\u00dalo\u017en\u00fd priestor<\/td>\n<td>nie<\/td>\n<\/tr>\n<tr class=\"odd\">\n<td>Rohov\u00e9 prevedenie<\/td>\n<td>nie<\/td>\n<\/tr>\n<tr class=\"even\">\n<td>V\u00fd\u0161ka sed\u00e1ka<\/td>\n<td>44 cm<\/td>\n<\/tr>\n<tr class=\"odd\">\n<td>V\u00fd\u0161ka zadn\u00e9ho \u010dela<\/td>\n<td>max. 85 cm<\/td>\n<\/tr>\n<tr class=\"even\">\n<td>Mo\u017enos\u0165 rozkladania<\/td>\n<td>nie<\/td>\n<\/tr>\n<tr class=\"odd\">\n<td>Plocha po rozlo\u017een\u00ed<\/td>\n<td><\/td>\n<\/tr>\n<tr class=\"even\">\n<td>Kon\u0161trukcia<\/td>\n<td>mas\u00edv<\/td>\n<\/tr>\n<tr class=\"odd\">\n<td>N\u00f4\u017eky<\/td>\n<td>kov<\/td>\n<\/tr>\n<tr class=\"even\">\n<td>Obsahuje vank\u00fa\u0161e<\/td>\n<td>nie<\/td>\n<\/tr>\n<tr class=\"odd\">\n<td>Nastavenie opierok<\/td>\n<td>nie<\/td>\n<\/tr>\n<tr class=\"even\">\n<td>V\u00fdpl\u0148 seda\u010dky<\/td>\n<td>pena+ pru\u017eina<\/td>\n<\/tr>\n<\/tbody>\n<\/table>\n<p><em><strong>V\u00fdber po\u0165ahov\u00fdch l\u00e1tok<\/strong><\/em><\/p>\n<p><img loading=\"lazy\" decoding=\"async\" class=\"alignnone size-full wp-image-7056 alignleft\" src=\"https:\/\/i2.wp.com\/nabytoklaguna.sk\/sk\/wp-content\/uploads\/2017\/02\/bella2.jpg?zoom=1.100000023841858&amp;resize=120%2C136\" alt=\"\" width=\"120\" height=\"136\" \/><img loading=\"lazy\" decoding=\"async\" class=\"alignnone size-medium wp-image-7057 alignleft\" src=\"https:\/\/i0.wp.com\/nabytoklaguna.sk\/sk\/wp-content\/uploads\/2017\/02\/bella4.jpg?zoom=1.100000023841858&amp;resize=120%2C136\" alt=\"\" width=\"120\" height=\"136\" \/><img loading=\"lazy\" decoding=\"async\" class=\"alignnone size-medium wp-image-7058 alignleft\" src=\"https:\/\/i0.wp.com\/nabytoklaguna.sk\/sk\/wp-content\/uploads\/2017\/02\/bella5.jpg?zoom=1.100000023841858&amp;resize=120%2C136\" alt=\"\" width=\"120\" height=\"136\" \/><img loading=\"lazy\" decoding=\"async\" class=\"alignnone size-medium wp-image-7059 alignleft\" src=\"https:\/\/i0.wp.com\/nabytoklaguna.sk\/sk\/wp-content\/uploads\/2017\/02\/bella6.jpg?zoom=1.100000023841858&amp;resize=120%2C136\" alt=\"\" width=\"120\" height=\"136\" \/><img loading=\"lazy\" decoding=\"async\" class=\"alignnone size-medium wp-image-7060 alignleft\" src=\"https:\/\/i2.wp.com\/nabytoklaguna.sk\/sk\/wp-content\/uploads\/2017\/02\/bella7.jpg?zoom=1.100000023841858&amp;resize=120%2C136\" alt=\"\" width=\"120\" height=\"136\" \/><img loading=\"lazy\" decoding=\"async\" class=\"alignnone size-medium wp-image-7061 alignleft\" src=\"https:\/\/i1.wp.com\/nabytoklaguna.sk\/sk\/wp-content\/uploads\/2017\/02\/bella8.jpg?zoom=1.100000023841858&amp;resize=120%2C136\" alt=\"\" width=\"120\" height=\"136\" \/><img loading=\"lazy\" decoding=\"async\" class=\"alignnone size-medium wp-image-7062 alignleft\" src=\"https:\/\/i2.wp.com\/nabytoklaguna.sk\/sk\/wp-content\/uploads\/2017\/02\/bella9.jpg?zoom=1.100000023841858&amp;resize=120%2C136\" alt=\"\" width=\"120\" height=\"136\" \/><img loading=\"lazy\" decoding=\"async\" class=\"alignnone size-medium wp-image-7063 alignleft\" src=\"https:\/\/i2.wp.com\/nabytoklaguna.sk\/sk\/wp-content\/uploads\/2017\/02\/bella10.jpg?zoom=1.100000023841858&amp;resize=120%2C136\" alt=\"\" width=\"120\" height=\"136\" \/><img loading=\"lazy\" decoding=\"async\" class=\"alignnone size-medium wp-image-7064 alignleft\" src=\"https:\/\/i2.wp.com\/nabytoklaguna.sk\/sk\/wp-content\/uploads\/2017\/02\/bella11.jpg?zoom=1.100000023841858&amp;resize=120%2C136\" alt=\"\" width=\"120\" height=\"136\" \/><img loading=\"lazy\" decoding=\"async\" class=\"alignnone size-medium wp-image-7065 alignleft\" src=\"https:\/\/i1.wp.com\/nabytoklaguna.sk\/sk\/wp-content\/uploads\/2017\/02\/bella12.jpg?zoom=1.100000023841858&amp;resize=120%2C136\" alt=\"\" width=\"120\" height=\"136\" \/><img loading=\"lazy\" decoding=\"async\" class=\"alignnone size-medium wp-image-7066 alignleft\" src=\"https:\/\/i1.wp.com\/nabytoklaguna.sk\/sk\/wp-content\/uploads\/2017\/02\/bella13.jpg?zoom=1.100000023841858&amp;resize=120%2C136\" alt=\"\" width=\"120\" height=\"136\" \/><img loading=\"lazy\" decoding=\"async\" class=\"alignnone size-medium wp-image-7067 alignleft\" src=\"https:\/\/i0.wp.com\/nabytoklaguna.sk\/sk\/wp-content\/uploads\/2017\/02\/bella15.jpg?zoom=1.100000023841858&amp;resize=120%2C136\" alt=\"\" width=\"120\" height=\"136\" \/><\/p>\n<p><img loading=\"lazy\" decoding=\"async\" class=\"alignnone size-full wp-image-7068 alignleft\" src=\"https:\/\/i2.wp.com\/nabytoklaguna.sk\/sk\/wp-content\/uploads\/2017\/02\/milton1.jpg?zoom=1.100000023841858&amp;resize=120%2C136\" alt=\"\" width=\"120\" height=\"136\" \/><img loading=\"lazy\" decoding=\"async\" class=\"alignnone size-medium wp-image-7069 alignleft\" src=\"https:\/\/i1.wp.com\/nabytoklaguna.sk\/sk\/wp-content\/uploads\/2017\/02\/milton2.jpg?zoom=1.100000023841858&amp;resize=120%2C136\" alt=\"\" width=\"120\" height=\"136\" \/><img loading=\"lazy\" decoding=\"async\" class=\"alignnone size-medium wp-image-7070 alignleft\" src=\"https:\/\/i2.wp.com\/nabytoklaguna.sk\/sk\/wp-content\/uploads\/2017\/02\/milton3.jpg?zoom=1.100000023841858&amp;resize=120%2C136\" alt=\"\" width=\"120\" height=\"136\" \/><img loading=\"lazy\" decoding=\"async\" class=\"alignnone size-medium wp-image-7071 alignleft\" src=\"https:\/\/i0.wp.com\/nabytoklaguna.sk\/sk\/wp-content\/uploads\/2017\/02\/milton4.jpg?zoom=1.100000023841858&amp;resize=120%2C136\" alt=\"\" width=\"120\" height=\"136\" \/><img loading=\"lazy\" decoding=\"async\" class=\"alignnone size-medium wp-image-7072 alignleft\" src=\"https:\/\/i0.wp.com\/nabytoklaguna.sk\/sk\/wp-content\/uploads\/2017\/02\/milton5.jpg?zoom=1.100000023841858&amp;resize=120%2C136\" alt=\"\" width=\"120\" height=\"136\" \/><img loading=\"lazy\" decoding=\"async\" class=\"alignnone size-medium wp-image-7073 alignleft\" src=\"https:\/\/i1.wp.com\/nabytoklaguna.sk\/sk\/wp-content\/uploads\/2017\/02\/milton6.jpg?zoom=1.100000023841858&amp;resize=120%2C136\" alt=\"\" width=\"120\" height=\"136\" \/><img loading=\"lazy\" decoding=\"async\" class=\"alignnone size-medium wp-image-7074 alignleft\" src=\"https:\/\/i0.wp.com\/nabytoklaguna.sk\/sk\/wp-content\/uploads\/2017\/02\/milton7.jpg?zoom=1.100000023841858&amp;resize=120%2C136\" alt=\"\" width=\"120\" height=\"136\" \/><img loading=\"lazy\" decoding=\"async\" class=\"alignnone size-medium wp-image-7075 alignleft\" src=\"https:\/\/i0.wp.com\/nabytoklaguna.sk\/sk\/wp-content\/uploads\/2017\/02\/milton8.jpg?zoom=1.100000023841858&amp;resize=120%2C136\" alt=\"\" width=\"120\" height=\"136\" \/><img loading=\"lazy\" decoding=\"async\" class=\"alignnone size-medium wp-image-7076 alignleft\" src=\"https:\/\/i2.wp.com\/nabytoklaguna.sk\/sk\/wp-content\/uploads\/2017\/02\/milton10.jpg?zoom=1.100000023841858&amp;resize=120%2C136\" alt=\"\" width=\"120\" height=\"136\" \/><img loading=\"lazy\" decoding=\"async\" class=\"alignnone size-medium wp-image-7077 alignleft\" src=\"https:\/\/i0.wp.com\/nabytoklaguna.sk\/sk\/wp-content\/uploads\/2017\/02\/milton11.jpg?zoom=1.100000023841858&amp;resize=120%2C136\" alt=\"\" width=\"120\" height=\"136\" \/><img loading=\"lazy\" decoding=\"async\" class=\"alignnone size-medium wp-image-7078 alignleft\" src=\"https:\/\/i2.wp.com\/nabytoklaguna.sk\/sk\/wp-content\/uploads\/2017\/02\/milton12.jpg?zoom=1.100000023841858&amp;resize=120%2C136\" alt=\"\" width=\"120\" height=\"136\" \/><img loading=\"lazy\" decoding=\"async\" class=\"alignnone size-medium wp-image-7079 alignleft\" src=\"https:\/\/i1.wp.com\/nabytoklaguna.sk\/sk\/wp-content\/uploads\/2017\/02\/milton13.jpg?zoom=1.100000023841858&amp;resize=120%2C136\" alt=\"\" width=\"120\" height=\"136\" \/><img loading=\"lazy\" decoding=\"async\" class=\"alignnone size-medium wp-image-7080 alignleft\" src=\"https:\/\/i1.wp.com\/nabytoklaguna.sk\/sk\/wp-content\/uploads\/2017\/02\/milton14.jpg?zoom=1.100000023841858&amp;resize=120%2C136\" alt=\"\" width=\"120\" height=\"136\" \/><img loading=\"lazy\" decoding=\"async\" class=\"alignnone size-medium wp-image-7081 alignleft\" src=\"https:\/\/i2.wp.com\/nabytoklaguna.sk\/sk\/wp-content\/uploads\/2017\/02\/milton15.jpg?zoom=1.100000023841858&amp;resize=120%2C136\" alt=\"\" width=\"120\" height=\"136\" \/><img loading=\"lazy\" decoding=\"async\" class=\"alignnone size-medium wp-image-7082 alignleft\" src=\"https:\/\/i1.wp.com\/nabytoklaguna.sk\/sk\/wp-content\/uploads\/2017\/02\/milton16.jpg?zoom=1.100000023841858&amp;resize=120%2C136\" alt=\"\" width=\"120\" height=\"136\" \/><\/p>\n<p>&nbsp;<\/p>\n<p><img loading=\"lazy\" decoding=\"async\" class=\"alignnone size-full wp-image-7083 alignleft\" src=\"https:\/\/i1.wp.com\/nabytoklaguna.sk\/sk\/wp-content\/uploads\/2017\/02\/island02.jpg?zoom=1.100000023841858&amp;resize=120%2C136\" alt=\"\" width=\"120\" height=\"136\" \/><img loading=\"lazy\" decoding=\"async\" class=\"alignnone size-full wp-image-7084 alignleft\" src=\"https:\/\/i1.wp.com\/nabytoklaguna.sk\/sk\/wp-content\/uploads\/2017\/02\/island04.jpg?zoom=1.100000023841858&amp;resize=120%2C136\" alt=\"\" width=\"120\" height=\"136\" \/><img loading=\"lazy\" decoding=\"async\" class=\"alignnone size-full wp-image-7085 alignleft\" src=\"https:\/\/i0.wp.com\/nabytoklaguna.sk\/sk\/wp-content\/uploads\/2017\/02\/island08.jpg?zoom=1.100000023841858&amp;resize=120%2C136\" alt=\"\" width=\"120\" height=\"136\" \/><img loading=\"lazy\" decoding=\"async\" class=\"alignnone size-full wp-image-7086 alignleft\" src=\"https:\/\/i2.wp.com\/nabytoklaguna.sk\/sk\/wp-content\/uploads\/2017\/02\/island09.jpg?zoom=1.100000023841858&amp;resize=120%2C136\" alt=\"\" width=\"120\" height=\"136\" \/><img loading=\"lazy\" decoding=\"async\" class=\"alignnone size-full wp-image-7087 alignleft\" src=\"https:\/\/i0.wp.com\/nabytoklaguna.sk\/sk\/wp-content\/uploads\/2017\/02\/island11.jpg?zoom=1.100000023841858&amp;resize=120%2C136\" alt=\"\" width=\"120\" height=\"136\" \/><img loading=\"lazy\" decoding=\"async\" class=\"alignnone size-full wp-image-7088 alignleft\" src=\"https:\/\/i1.wp.com\/nabytoklaguna.sk\/sk\/wp-content\/uploads\/2017\/02\/island12.jpg?zoom=1.100000023841858&amp;resize=120%2C136\" alt=\"\" width=\"120\" height=\"136\" \/><img loading=\"lazy\" decoding=\"async\" class=\"alignnone size-full wp-image-7089 alignleft\" src=\"https:\/\/i0.wp.com\/nabytoklaguna.sk\/sk\/wp-content\/uploads\/2017\/02\/island15.jpg?zoom=1.100000023841858&amp;resize=120%2C136\" alt=\"\" width=\"120\" height=\"136\" \/><img loading=\"lazy\" decoding=\"async\" class=\"alignnone size-full wp-image-7090 alignleft\" src=\"https:\/\/i2.wp.com\/nabytoklaguna.sk\/sk\/wp-content\/uploads\/2017\/02\/island18.jpg?zoom=1.100000023841858&amp;resize=120%2C136\" alt=\"\" width=\"120\" height=\"136\" \/><\/p>\n<p>&nbsp;<\/p>\n<p><img loading=\"lazy\" decoding=\"async\" class=\"alignnone size-full wp-image-7091 alignleft\" src=\"https:\/\/i1.wp.com\/nabytoklaguna.sk\/sk\/wp-content\/uploads\/2017\/02\/portland21.jpg?zoom=1.100000023841858&amp;resize=120%2C136\" alt=\"\" width=\"120\" height=\"136\" \/><img loading=\"lazy\" decoding=\"async\" class=\"alignnone size-medium wp-image-7092 alignleft\" src=\"https:\/\/i0.wp.com\/nabytoklaguna.sk\/sk\/wp-content\/uploads\/2017\/02\/portland22.jpg?zoom=1.100000023841858&amp;resize=120%2C136\" alt=\"\" width=\"120\" height=\"136\" \/><img loading=\"lazy\" decoding=\"async\" class=\"alignnone size-medium wp-image-7093 alignleft\" src=\"https:\/\/i2.wp.com\/nabytoklaguna.sk\/sk\/wp-content\/uploads\/2017\/02\/portland25.jpg?zoom=1.100000023841858&amp;resize=120%2C136\" alt=\"\" width=\"120\" height=\"136\" \/><img loading=\"lazy\" decoding=\"async\" class=\"alignnone size-medium wp-image-7094 alignleft\" src=\"https:\/\/i1.wp.com\/nabytoklaguna.sk\/sk\/wp-content\/uploads\/2017\/02\/portland27.jpg?zoom=1.100000023841858&amp;resize=120%2C136\" alt=\"\" width=\"120\" height=\"136\" \/><img loading=\"lazy\" decoding=\"async\" class=\"alignnone size-medium wp-image-7095 alignleft\" src=\"https:\/\/i0.wp.com\/nabytoklaguna.sk\/sk\/wp-content\/uploads\/2017\/02\/portland35.jpg?zoom=1.100000023841858&amp;resize=120%2C136\" alt=\"\" width=\"120\" height=\"136\" \/><img loading=\"lazy\" decoding=\"async\" class=\"alignnone size-medium wp-image-7096 alignleft\" src=\"https:\/\/i1.wp.com\/nabytoklaguna.sk\/sk\/wp-content\/uploads\/2017\/02\/portland37.jpg?zoom=1.100000023841858&amp;resize=120%2C136\" alt=\"\" width=\"120\" height=\"136\" \/><img loading=\"lazy\" decoding=\"async\" class=\"alignnone size-medium wp-image-7097 alignleft\" src=\"https:\/\/i1.wp.com\/nabytoklaguna.sk\/sk\/wp-content\/uploads\/2017\/02\/portland80.jpg?zoom=1.100000023841858&amp;resize=120%2C136\" alt=\"\" width=\"120\" height=\"136\" \/><img loading=\"lazy\" decoding=\"async\" class=\"alignnone size-medium wp-image-7098 alignleft\" src=\"https:\/\/i2.wp.com\/nabytoklaguna.sk\/sk\/wp-content\/uploads\/2017\/02\/portland90.jpg?zoom=1.100000023841858&amp;resize=120%2C136\" alt=\"\" width=\"120\" height=\"136\" \/><img loading=\"lazy\" decoding=\"async\" class=\"alignnone size-medium wp-image-7099 alignleft\" src=\"https:\/\/i0.wp.com\/nabytoklaguna.sk\/sk\/wp-content\/uploads\/2017\/02\/portland91.jpg?zoom=1.100000023841858&amp;resize=120%2C136\" alt=\"\" width=\"120\" height=\"136\" \/><img loading=\"lazy\" decoding=\"async\" class=\"alignnone size-medium wp-image-7100 alignleft\" src=\"https:\/\/i2.wp.com\/nabytoklaguna.sk\/sk\/wp-content\/uploads\/2017\/02\/portland95.jpg?zoom=1.100000023841858&amp;resize=120%2C136\" alt=\"\" width=\"120\" height=\"136\" \/><img loading=\"lazy\" decoding=\"async\" class=\"alignnone size-medium wp-image-7101 alignleft\" src=\"https:\/\/i1.wp.com\/nabytoklaguna.sk\/sk\/wp-content\/uploads\/2017\/02\/portland96.jpg?zoom=1.100000023841858&amp;resize=120%2C136\" alt=\"\" width=\"120\" height=\"136\" \/><\/p>\n<p>&nbsp;<\/p>\n<p><img loading=\"lazy\" decoding=\"async\" class=\"alignnone size-full wp-image-7102 alignleft\" src=\"https:\/\/i0.wp.com\/nabytoklaguna.sk\/sk\/wp-content\/uploads\/2017\/02\/inari22.jpg?zoom=1.100000023841858&amp;resize=120%2C136\" alt=\"\" width=\"120\" height=\"136\" \/><img loading=\"lazy\" decoding=\"async\" class=\"alignnone size-medium wp-image-7103 alignleft\" src=\"https:\/\/i0.wp.com\/nabytoklaguna.sk\/sk\/wp-content\/uploads\/2017\/02\/inari23.jpg?zoom=1.100000023841858&amp;resize=120%2C136\" alt=\"\" width=\"120\" height=\"136\" \/><img loading=\"lazy\" decoding=\"async\" class=\"alignnone size-medium wp-image-7104 alignleft\" src=\"https:\/\/i1.wp.com\/nabytoklaguna.sk\/sk\/wp-content\/uploads\/2017\/02\/inari24.jpg?zoom=1.100000023841858&amp;resize=120%2C136\" alt=\"\" width=\"120\" height=\"136\" \/><img loading=\"lazy\" decoding=\"async\" class=\"alignnone size-medium wp-image-7105 alignleft\" src=\"https:\/\/i1.wp.com\/nabytoklaguna.sk\/sk\/wp-content\/uploads\/2017\/02\/inari27.jpg?zoom=1.100000023841858&amp;resize=120%2C136\" alt=\"\" width=\"120\" height=\"136\" \/><img loading=\"lazy\" decoding=\"async\" class=\"alignnone size-medium wp-image-7106 alignleft\" src=\"https:\/\/i1.wp.com\/nabytoklaguna.sk\/sk\/wp-content\/uploads\/2017\/02\/inari80.jpg?zoom=1.100000023841858&amp;resize=120%2C136\" alt=\"\" width=\"120\" height=\"136\" \/><img loading=\"lazy\" decoding=\"async\" class=\"alignnone size-medium wp-image-7107 alignleft\" src=\"https:\/\/i2.wp.com\/nabytoklaguna.sk\/sk\/wp-content\/uploads\/2017\/02\/inari90.jpg?zoom=1.100000023841858&amp;resize=120%2C136\" alt=\"\" width=\"120\" height=\"136\" \/><img loading=\"lazy\" decoding=\"async\" class=\"alignnone size-medium wp-image-7108 alignleft\" src=\"https:\/\/i1.wp.com\/nabytoklaguna.sk\/sk\/wp-content\/uploads\/2017\/02\/inari91.jpg?zoom=1.100000023841858&amp;resize=120%2C136\" alt=\"\" width=\"120\" height=\"136\" \/><img loading=\"lazy\" decoding=\"async\" class=\"alignnone size-medium wp-image-7109 alignleft\" src=\"https:\/\/i0.wp.com\/nabytoklaguna.sk\/sk\/wp-content\/uploads\/2017\/02\/inari96.jpg?zoom=1.100000023841858&amp;resize=120%2C136\" alt=\"\" width=\"120\" height=\"136\" \/><\/p>\n<p>&nbsp;<\/p>\n<p><img loading=\"lazy\" decoding=\"async\" class=\"alignnone size-full wp-image-7110 alignleft\" src=\"https:\/\/i0.wp.com\/nabytoklaguna.sk\/sk\/wp-content\/uploads\/2017\/02\/cayenne1111.jpg?zoom=1.100000023841858&amp;resize=120%2C136\" alt=\"\" width=\"120\" height=\"136\" \/><img loading=\"lazy\" decoding=\"async\" class=\"alignnone size-medium wp-image-7111 alignleft\" src=\"https:\/\/i1.wp.com\/nabytoklaguna.sk\/sk\/wp-content\/uploads\/2017\/02\/cayenne1112.jpg?zoom=1.100000023841858&amp;resize=120%2C136\" alt=\"\" width=\"120\" height=\"136\" \/><img loading=\"lazy\" decoding=\"async\" class=\"alignnone size-medium wp-image-7112 alignleft\" src=\"https:\/\/i1.wp.com\/nabytoklaguna.sk\/sk\/wp-content\/uploads\/2017\/02\/cayenne1113.jpg?zoom=1.100000023841858&amp;resize=120%2C136\" alt=\"\" width=\"120\" height=\"136\" \/><img loading=\"lazy\" decoding=\"async\" class=\"alignnone size-medium wp-image-7113 alignleft\" src=\"https:\/\/i2.wp.com\/nabytoklaguna.sk\/sk\/wp-content\/uploads\/2017\/02\/cayenne1114.jpg?zoom=1.100000023841858&amp;resize=120%2C136\" alt=\"\" width=\"120\" height=\"136\" \/><img loading=\"lazy\" decoding=\"async\" class=\"alignnone size-medium wp-image-7114 alignleft\" src=\"https:\/\/i2.wp.com\/nabytoklaguna.sk\/sk\/wp-content\/uploads\/2017\/02\/cayenne1115.jpg?zoom=1.100000023841858&amp;resize=120%2C136\" alt=\"\" width=\"120\" height=\"136\" \/><img loading=\"lazy\" decoding=\"async\" class=\"alignnone size-medium wp-image-7115 alignleft\" src=\"https:\/\/i0.wp.com\/nabytoklaguna.sk\/sk\/wp-content\/uploads\/2017\/02\/cayenne1116.jpg?zoom=1.100000023841858&amp;resize=120%2C136\" alt=\"\" width=\"120\" height=\"136\" \/><img loading=\"lazy\" decoding=\"async\" class=\"alignnone size-medium wp-image-7116 alignleft\" src=\"https:\/\/i2.wp.com\/nabytoklaguna.sk\/sk\/wp-content\/uploads\/2017\/02\/cayenne1117.jpg?zoom=1.100000023841858&amp;resize=120%2C136\" alt=\"\" width=\"120\" height=\"136\" \/><img loading=\"lazy\" decoding=\"async\" class=\"alignnone size-medium wp-image-7117 alignleft\" src=\"https:\/\/i0.wp.com\/nabytoklaguna.sk\/sk\/wp-content\/uploads\/2017\/02\/cayenne1118.jpg?zoom=1.100000023841858&amp;resize=120%2C136\" alt=\"\" width=\"120\" height=\"136\" \/><img loading=\"lazy\" decoding=\"async\" class=\"alignnone size-medium wp-image-7118 alignleft\" src=\"https:\/\/i2.wp.com\/nabytoklaguna.sk\/sk\/wp-content\/uploads\/2017\/02\/cayenne1119.jpg?zoom=1.100000023841858&amp;resize=120%2C136\" alt=\"\" width=\"120\" height=\"136\" \/><img loading=\"lazy\" decoding=\"async\" class=\"alignnone size-medium wp-image-7119 alignleft\" src=\"https:\/\/i2.wp.com\/nabytoklaguna.sk\/sk\/wp-content\/uploads\/2017\/02\/cayenne1120.jpg?zoom=1.100000023841858&amp;resize=120%2C136\" alt=\"\" width=\"120\" height=\"136\" \/><img loading=\"lazy\" decoding=\"async\" class=\"alignnone size-medium wp-image-7120 alignleft\" src=\"https:\/\/i0.wp.com\/nabytoklaguna.sk\/sk\/wp-content\/uploads\/2017\/02\/cayenne1121.jpg?zoom=1.100000023841858&amp;resize=120%2C136\" alt=\"\" width=\"120\" height=\"136\" \/><img loading=\"lazy\" decoding=\"async\" class=\"alignnone size-medium wp-image-7121 alignleft\" src=\"https:\/\/i0.wp.com\/nabytoklaguna.sk\/sk\/wp-content\/uploads\/2017\/02\/cayenne1122.jpg?zoom=1.100000023841858&amp;resize=120%2C136\" alt=\"\" width=\"120\" height=\"136\" \/><img loading=\"lazy\" decoding=\"async\" class=\"alignnone size-medium wp-image-7122 alignleft\" src=\"https:\/\/i1.wp.com\/nabytoklaguna.sk\/sk\/wp-content\/uploads\/2017\/02\/cayenne1124.jpg?zoom=1.100000023841858&amp;resize=120%2C136\" alt=\"\" width=\"120\" height=\"136\" \/><img loading=\"lazy\" decoding=\"async\" class=\"alignnone size-medium wp-image-7123 alignleft\" src=\"https:\/\/i2.wp.com\/nabytoklaguna.sk\/sk\/wp-content\/uploads\/2017\/02\/cayenne1132.jpg?zoom=1.100000023841858&amp;resize=120%2C136\" alt=\"\" width=\"120\" height=\"136\" \/><\/p>\n<div id=\"jp-relatedposts\" class=\"jp-relatedposts\">\n<h3 class=\"jp-relatedposts-headline\"><em>S\u00daVISIACE<\/em><\/h3>\n<div class=\"jp-relatedposts-items jp-relatedposts-items-minimal jp-relatedposts-grid \"><\/div>\n<\/div>\n<p>&nbsp;<\/p>\n","protected":false},"excerpt":{"rendered":"<p>Modern\u00e1 pohovka vhodn\u00e1 do ob\u00fdvacej izby, detskej izby \u010di \u0161tudentskej izby. Je bez rozkladania a bez \u00falo\u017en\u00e9ho priestoru. Pohovke je postaven\u00e1 na chromov\u00fdch no\u017ei\u010dk\u00e1ch.Sedacia s\u00faprava je vybaven\u00e1\u00a0pru\u017einami FALISTE,\u00a0ktor\u00e9 v kombin\u00e1cii\u00a0s polyuret\u00e1novou penou\u00a0zabezpe\u010duj\u00fa vysok\u00fd komfort sedenia &#8211;\u00a0stredne m\u00e4kk\u00e9 sedenie. K pohovke je mo\u017en\u00e9 dok\u00fapi\u0165: 2 SED za cenu 589,- Eur, rozmer&#8230;.190x90x85cm taburetku za cenu 209,- Eur,&#8230;<\/p>\n","protected":false},"featured_media":56337,"comment_status":"closed","ping_status":"closed","template":"","meta":{"_seopress_robots_primary_cat":"219","_seopress_titles_title":"","_seopress_titles_desc":"","_seopress_robots_index":""},"product_brand":[],"product_cat":[219],"product_tag":[],"class_list":{"0":"post-119852","1":"product","2":"type-product","3":"status-publish","4":"has-post-thumbnail","6":"product_cat-pohovky","8":"first","9":"onbackorder","10":"shipping-taxable","11":"purchasable","12":"product-type-simple"},"_links":{"self":[{"href":"https:\/\/nabytoklaguna.sk\/sk\/wp-json\/wp\/v2\/product\/119852","targetHints":{"allow":["GET"]}}],"collection":[{"href":"https:\/\/nabytoklaguna.sk\/sk\/wp-json\/wp\/v2\/product"}],"about":[{"href":"https:\/\/nabytoklaguna.sk\/sk\/wp-json\/wp\/v2\/types\/product"}],"replies":[{"embeddable":true,"href":"https:\/\/nabytoklaguna.sk\/sk\/wp-json\/wp\/v2\/comments?post=119852"}],"wp:featuredmedia":[{"embeddable":true,"href":"https:\/\/nabytoklaguna.sk\/sk\/wp-json\/wp\/v2\/media\/56337"}],"wp:attachment":[{"href":"https:\/\/nabytoklaguna.sk\/sk\/wp-json\/wp\/v2\/media?parent=119852"}],"wp:term":[{"taxonomy":"product_brand","embeddable":true,"href":"https:\/\/nabytoklaguna.sk\/sk\/wp-json\/wp\/v2\/product_brand?post=119852"},{"taxonomy":"product_cat","embeddable":true,"href":"https:\/\/nabytoklaguna.sk\/sk\/wp-json\/wp\/v2\/product_cat?post=119852"},{"taxonomy":"product_tag","embeddable":true,"href":"https:\/\/nabytoklaguna.sk\/sk\/wp-json\/wp\/v2\/product_tag?post=119852"}],"curies":[{"name":"wp","href":"https:\/\/api.w.org\/{rel}","templated":true}]}}