{"id":119860,"date":"2023-04-22T20:12:00","date_gmt":"2023-04-22T20:12:00","guid":{"rendered":"https:\/\/nabytoklaguna.sk\/sk\/?post_type=product&#038;p=119860"},"modified":"2023-08-23T17:24:13","modified_gmt":"2023-08-23T15:24:13","slug":"es-mona-2-skrina","status":"publish","type":"product","link":"https:\/\/nabytoklaguna.sk\/sk\/produkt\/es-mona-2-skrina\/","title":{"rendered":"ES MONA-2 skri\u0148a"},"content":{"rendered":"<p><strong>MONA-2<\/strong> je modern\u00e1 dvojdverov\u00e1 ve\u0161iakov\u00e1 skri\u0148a s posuvn\u00fdmi dverami. Ve\u013ekoryso rie\u0161en\u00fd vn\u00fatorn\u00fd priestor je rozdelen\u00fd na 2 \u010dasti. V \u013eavej polovici sa nach\u00e1dzaj\u00fa 4 poli\u010dky a 3 z\u00e1suvky a v pravej polovici je ty\u010d na ve\u0161anie. Vo vrchnej \u010dasti je polica, ktor\u00fa ocen\u00edte pri odkladan\u00ed sez\u00f3nneho oble\u010denia. Kvalitn\u00fd<strong>\u00a0SLOVENSK\u00dd V\u00ddROBOK\u00a0<\/strong>s mo\u017enos\u0165ou nakombinova\u0165 si farebn\u00e9 prevedenie z 30 dekorov DTDL pod\u013ea ponuky. Materi\u00e1l korpusu: DTDL+ ABS hrana 0,5 mm. Materi\u00e1l dvierok: DTDL 18mm + ABS hrana 2,0 mm. Z\u00e1rukou kvality je kovanie Sevroll \u2013 Alfa. Farebn\u00e9 prevedenie pros\u00edm uvies\u0165 do pozn\u00e1mky, alebo n\u00e1s kontaktujte.<strong>\u00a0<\/strong><\/p>\n<p><strong>Rozmer <\/strong><strong>\u0160xHxV:<\/strong> 174x60x220cm<\/p>\n","protected":false},"excerpt":{"rendered":"<p>MONA-2 je modern\u00e1 dvojdverov\u00e1 ve\u0161iakov\u00e1 skri\u0148a s posuvn\u00fdmi dverami. Ve\u013ekoryso rie\u0161en\u00fd vn\u00fatorn\u00fd priestor je rozdelen\u00fd na 2 \u010dasti. V \u013eavej polovici sa nach\u00e1dzaj\u00fa 4 poli\u010dky a 3 z\u00e1suvky a v pravej polovici je ty\u010d na ve\u0161anie. Vo vrchnej \u010dasti je polica, ktor\u00fa ocen\u00edte pri odkladan\u00ed sez\u00f3nneho oble\u010denia. Kvalitn\u00fd\u00a0SLOVENSK\u00dd V\u00ddROBOK\u00a0s mo\u017enos\u0165ou nakombinova\u0165 si farebn\u00e9 prevedenie z&#8230;<\/p>\n","protected":false},"featured_media":57960,"comment_status":"closed","ping_status":"closed","template":"","meta":{"_seopress_robots_primary_cat":"225","_seopress_titles_title":"                                    ","_seopress_titles_desc":"                                    ","_seopress_robots_index":""},"product_brand":[],"product_cat":[1585,225],"product_tag":[],"class_list":{"0":"post-119860","1":"product","2":"type-product","3":"status-publish","4":"has-post-thumbnail","6":"product_cat-s-posuvnymi-dverami","7":"product_cat-skrine","9":"first","10":"onbackorder","11":"shipping-taxable","12":"purchasable","13":"product-type-simple"},"_links":{"self":[{"href":"https:\/\/nabytoklaguna.sk\/sk\/wp-json\/wp\/v2\/product\/119860","targetHints":{"allow":["GET"]}}],"collection":[{"href":"https:\/\/nabytoklaguna.sk\/sk\/wp-json\/wp\/v2\/product"}],"about":[{"href":"https:\/\/nabytoklaguna.sk\/sk\/wp-json\/wp\/v2\/types\/product"}],"replies":[{"embeddable":true,"href":"https:\/\/nabytoklaguna.sk\/sk\/wp-json\/wp\/v2\/comments?post=119860"}],"wp:featuredmedia":[{"embeddable":true,"href":"https:\/\/nabytoklaguna.sk\/sk\/wp-json\/wp\/v2\/media\/57960"}],"wp:attachment":[{"href":"https:\/\/nabytoklaguna.sk\/sk\/wp-json\/wp\/v2\/media?parent=119860"}],"wp:term":[{"taxonomy":"product_brand","embeddable":true,"href":"https:\/\/nabytoklaguna.sk\/sk\/wp-json\/wp\/v2\/product_brand?post=119860"},{"taxonomy":"product_cat","embeddable":true,"href":"https:\/\/nabytoklaguna.sk\/sk\/wp-json\/wp\/v2\/product_cat?post=119860"},{"taxonomy":"product_tag","embeddable":true,"href":"https:\/\/nabytoklaguna.sk\/sk\/wp-json\/wp\/v2\/product_tag?post=119860"}],"curies":[{"name":"wp","href":"https:\/\/api.w.org\/{rel}","templated":true}]}}