{"id":119861,"date":"2023-04-22T20:12:00","date_gmt":"2023-04-22T20:12:00","guid":{"rendered":"https:\/\/nabytoklaguna.sk\/sk\/?post_type=product&#038;p=119861"},"modified":"2023-08-23T17:24:13","modified_gmt":"2023-08-23T15:24:13","slug":"es-mona-3-skrina","status":"publish","type":"product","link":"https:\/\/nabytoklaguna.sk\/sk\/produkt\/es-mona-3-skrina\/","title":{"rendered":"ES MONA-3 skri\u0148a"},"content":{"rendered":"<p><strong>MONA-3<\/strong>\u00a0je modern\u00e1 trojdverov\u00e1 \u0161atn\u00edkov\u00e1 skri\u0148a s posuvn\u00fdmi dverami. Ve\u013ekoryso rie\u0161en\u00fd vn\u00fatorn\u00fd priestor je rozdelen\u00fd na 3 \u010dasti. V \u013eavej tretine sa nach\u00e1dza ty\u010d na ve\u0161anie, v strednej \u010dasti 4 poli\u010dky, v pravej tretine je\u00a0 ty\u010d na ve\u0161anie a 3 z\u00e1suvky. Vo vrchnej \u010dasti je polica, ktor\u00fa ocen\u00edte pri odkladan\u00ed sez\u00f3nneho oble\u010denia. Kvalitn\u00fd<strong>\u00a0SLOVENSK\u00dd V\u00ddROBOK\u00a0<\/strong>s mo\u017enos\u0165ou nakombinova\u0165 si farebn\u00e9 prevedenie z 30 dekorov DTDL pod\u013ea ponuky. Mo\u017enos\u0165 vyhotovednia so zrkadlom na prostredn\u00fdch dver\u00e1ch za pr\u00edplatok. Materi\u00e1l korpusu: DTDL+ ABS hrana 0,5 mm. Materi\u00e1l dvierok: DTDL 18mm + ABS hrana 2,0 mm. Z\u00e1rukou kvality je kovanie <strong>Sevroll \u2013 Alfa<\/strong>. Farebn\u00e9 prevedenie pros\u00edm uvies\u0165 do pozn\u00e1mky, alebo n\u00e1s kontaktujte.<strong>\u00a0<\/strong><\/p>\n<p><strong>Rozmer: <\/strong><strong>\u0160xHxV:<\/strong>\u00a0239x60x220cm<\/p>\n","protected":false},"excerpt":{"rendered":"<p>MONA-3\u00a0je modern\u00e1 trojdverov\u00e1 \u0161atn\u00edkov\u00e1 skri\u0148a s posuvn\u00fdmi dverami. Ve\u013ekoryso rie\u0161en\u00fd vn\u00fatorn\u00fd priestor je rozdelen\u00fd na 3 \u010dasti. V \u013eavej tretine sa nach\u00e1dza ty\u010d na ve\u0161anie, v strednej \u010dasti 4 poli\u010dky, v pravej tretine je\u00a0 ty\u010d na ve\u0161anie a 3 z\u00e1suvky. Vo vrchnej \u010dasti je polica, ktor\u00fa ocen\u00edte pri odkladan\u00ed sez\u00f3nneho oble\u010denia. Kvalitn\u00fd\u00a0SLOVENSK\u00dd V\u00ddROBOK\u00a0s mo\u017enos\u0165ou nakombinova\u0165&#8230;<\/p>\n","protected":false},"featured_media":57996,"comment_status":"closed","ping_status":"closed","template":"","meta":{"_seopress_robots_primary_cat":"225","_seopress_titles_title":"                                    ","_seopress_titles_desc":"                                    ","_seopress_robots_index":""},"product_brand":[],"product_cat":[1585,225],"product_tag":[],"class_list":{"0":"post-119861","1":"product","2":"type-product","3":"status-publish","4":"has-post-thumbnail","6":"product_cat-s-posuvnymi-dverami","7":"product_cat-skrine","9":"first","10":"onbackorder","11":"shipping-taxable","12":"purchasable","13":"product-type-simple"},"_links":{"self":[{"href":"https:\/\/nabytoklaguna.sk\/sk\/wp-json\/wp\/v2\/product\/119861","targetHints":{"allow":["GET"]}}],"collection":[{"href":"https:\/\/nabytoklaguna.sk\/sk\/wp-json\/wp\/v2\/product"}],"about":[{"href":"https:\/\/nabytoklaguna.sk\/sk\/wp-json\/wp\/v2\/types\/product"}],"replies":[{"embeddable":true,"href":"https:\/\/nabytoklaguna.sk\/sk\/wp-json\/wp\/v2\/comments?post=119861"}],"wp:featuredmedia":[{"embeddable":true,"href":"https:\/\/nabytoklaguna.sk\/sk\/wp-json\/wp\/v2\/media\/57996"}],"wp:attachment":[{"href":"https:\/\/nabytoklaguna.sk\/sk\/wp-json\/wp\/v2\/media?parent=119861"}],"wp:term":[{"taxonomy":"product_brand","embeddable":true,"href":"https:\/\/nabytoklaguna.sk\/sk\/wp-json\/wp\/v2\/product_brand?post=119861"},{"taxonomy":"product_cat","embeddable":true,"href":"https:\/\/nabytoklaguna.sk\/sk\/wp-json\/wp\/v2\/product_cat?post=119861"},{"taxonomy":"product_tag","embeddable":true,"href":"https:\/\/nabytoklaguna.sk\/sk\/wp-json\/wp\/v2\/product_tag?post=119861"}],"curies":[{"name":"wp","href":"https:\/\/api.w.org\/{rel}","templated":true}]}}