{"id":119868,"date":"2023-04-22T20:12:00","date_gmt":"2023-04-22T20:12:00","guid":{"rendered":"https:\/\/nabytoklaguna.sk\/sk\/?post_type=product&#038;p=119868"},"modified":"2025-01-13T11:17:22","modified_gmt":"2025-01-13T10:17:22","slug":"primo-rohova-sedacia-suprava","status":"publish","type":"product","link":"https:\/\/nabytoklaguna.sk\/sk\/produkt\/primo-rohova-sedacia-suprava\/","title":{"rendered":"P PRIMO ROHOV\u00c1 SEDACIA S\u00daPRAVA"},"content":{"rendered":"<p><strong>PRIMO<\/strong> je modern\u00e1 a symetrick\u00e1 <strong>rohov\u00e1 sedacia s\u00faprava,<\/strong> ktor\u00e1 poskytuje dostatok miesta pre v\u00e4\u010d\u0161\u00ed po\u010det \u013eud\u00ed. Pr\u00edjemn\u00e9 sedenie zaru\u010dia <strong>polohovate\u013en\u00e9 z\u00e1hlavn\u00edky.<\/strong>\u00a0 Vn\u00fatro sedacej s\u00fapravy je tvoren\u00e9 pru\u017einou <strong>FALISTA+ PUR PENA<\/strong>, \u010do V\u00e1m zaru\u010d\u00ed pohodln\u00e9\u00a0 sedenie a <strong>pr\u00edjemn\u00fd relax<\/strong>, aj pri dlh\u0161om seden\u00ed.\u00a0 Neodmyslite\u013enou s\u00fa\u010das\u0165ou\u00a0 u\u017e ka\u017edej sedacej s\u00fapravy je <strong>\u00falo\u017en\u00fd priestor<\/strong> a sedacia s\u00faprava <strong>PRIMO<\/strong> nie je v\u00fdnimkou. Veci, ktor\u00e9 potrebujete ma\u0165 po ruke si n\u00e1jdu miesto <strong>v \u00falo\u017enom priestore<\/strong> seda\u010dky.Sedacia s\u00faprava <strong>m\u00e1 funkciu rozkladu.<\/strong> Jednoduch\u00fdmi krokmi si m\u00f4\u017eete sedaciu s\u00fapravu rozlo\u017ei\u0165, \u010d\u00edm V\u00e1m vznikne plocha pre pr\u00edle\u017eitostn\u00e9 spanie s rozmerom 124\u00d7210.<\/p>\n<p>Mo\u017enos\u0165 v\u00fdberu po\u0165ahov\u00fdch l\u00e1tok. V ponuke s\u00fa po\u0165ahov\u00e9 l\u00e1tky Soro, Inari, Orinoco a vodeodoln\u00e1 l\u00e1tka Monolith. Vybran\u00fa l\u00e1tku uve\u010fte v pozn\u00e1mke.<\/p>\n<h3 class=\"page-product-heading\">VLASTNOSTI<\/h3>\n<table class=\"table-data-sheet\">\n<tbody>\n<tr class=\"odd\">\n<td>H\u013abka<\/td>\n<td>265 cm<\/td>\n<\/tr>\n<tr class=\"even\">\n<td>\u0160\u00edrka<\/td>\n<td>265cm<\/td>\n<\/tr>\n<tr class=\"odd\">\n<td>V\u00fd\u0161ka<\/td>\n<td>78-95 cm<\/td>\n<\/tr>\n<tr class=\"even\">\n<td>Vhodn\u00e1 miestnos\u0165<\/td>\n<td>ob\u00fdva\u010dka, spolo\u010densk\u00e1 miestnos\u0165, hotely, kaviarne<\/td>\n<\/tr>\n<tr class=\"odd\">\n<td>Typ n\u00e1bytku<\/td>\n<td>rohov\u00e1 sedacia s\u00faprava<\/td>\n<\/tr>\n<tr class=\"even\">\n<td>\u0160t\u00fdl n\u00e1bytku<\/td>\n<td>modern\u00fd<\/td>\n<\/tr>\n<tr class=\"odd\">\n<td>Z\u00e1ruka<\/td>\n<td>2 roky<\/td>\n<\/tr>\n<tr class=\"even\">\n<td>Sp\u00f4sob dodania<\/td>\n<td>demont v dvoch bal\u00edkoch<\/td>\n<\/tr>\n<tr class=\"odd\">\n<td>Hmotnos\u0165<\/td>\n<td>155 kg<\/td>\n<\/tr>\n<tr class=\"even\">\n<td>\u00dalo\u017en\u00fd priestor<\/td>\n<td>\u00e1no<\/td>\n<\/tr>\n<tr class=\"odd\">\n<td>Rohov\u00e9 prevedenie<\/td>\n<td>\u00e1no<\/td>\n<\/tr>\n<tr class=\"even\">\n<td>V\u00fd\u0161ka sed\u00e1ka<\/td>\n<td>41 cm<\/td>\n<\/tr>\n<tr class=\"odd\">\n<td>V\u00fd\u0161ka zadn\u00e9ho \u010dela<\/td>\n<td>max 95cm<\/td>\n<\/tr>\n<tr class=\"even\">\n<td>Mo\u017enos\u0165 rozkladania<\/td>\n<td>\u00e1no<\/td>\n<\/tr>\n<tr class=\"odd\">\n<td>Plocha po rozlo\u017een\u00ed<\/td>\n<td>124\u00d7210 cm<\/td>\n<\/tr>\n<tr class=\"even\">\n<td><\/td>\n<td><\/td>\n<\/tr>\n<tr class=\"odd\">\n<td>N\u00f4\u017eky<\/td>\n<td>chr\u00f3m<\/td>\n<\/tr>\n<tr class=\"even\">\n<td>Obsahuje vank\u00fa\u0161e<\/td>\n<td>nie<\/td>\n<\/tr>\n<tr class=\"odd\">\n<td>Nastavenie opierok<\/td>\n<td>\u00e1no<\/td>\n<\/tr>\n<tr class=\"even\">\n<td>V\u00fdpl\u0148 seda\u010dky<\/td>\n<td>pena+ pru\u017eina<\/td>\n<\/tr>\n<\/tbody>\n<\/table>\n","protected":false},"excerpt":{"rendered":"<p>PRIMO je modern\u00e1 a symetrick\u00e1 rohov\u00e1 sedacia s\u00faprava, ktor\u00e1 poskytuje dostatok miesta pre v\u00e4\u010d\u0161\u00ed po\u010det \u013eud\u00ed. Pr\u00edjemn\u00e9 sedenie zaru\u010dia polohovate\u013en\u00e9 z\u00e1hlavn\u00edky.\u00a0 Vn\u00fatro sedacej s\u00fapravy je tvoren\u00e9 pru\u017einou FALISTA+ PUR PENA, \u010do V\u00e1m zaru\u010d\u00ed pohodln\u00e9\u00a0 sedenie a pr\u00edjemn\u00fd relax, aj pri dlh\u0161om seden\u00ed.\u00a0 Neodmyslite\u013enou s\u00fa\u010das\u0165ou\u00a0 u\u017e ka\u017edej sedacej s\u00fapravy je \u00falo\u017en\u00fd priestor a sedacia s\u00faprava PRIMO&#8230;<\/p>\n","protected":false},"featured_media":59688,"comment_status":"closed","ping_status":"closed","template":"","meta":{"_seopress_robots_primary_cat":"140","_seopress_titles_title":"                                    ","_seopress_titles_desc":"                                    ","_seopress_robots_index":""},"product_brand":[],"product_cat":[255,140],"product_tag":[],"class_list":{"0":"post-119868","1":"product","2":"type-product","3":"status-publish","4":"has-post-thumbnail","6":"product_cat-rohove-supravy","7":"product_cat-sedacie-supravy","9":"first","10":"onbackorder","11":"shipping-taxable","12":"purchasable","13":"product-type-simple"},"_links":{"self":[{"href":"https:\/\/nabytoklaguna.sk\/sk\/wp-json\/wp\/v2\/product\/119868","targetHints":{"allow":["GET"]}}],"collection":[{"href":"https:\/\/nabytoklaguna.sk\/sk\/wp-json\/wp\/v2\/product"}],"about":[{"href":"https:\/\/nabytoklaguna.sk\/sk\/wp-json\/wp\/v2\/types\/product"}],"replies":[{"embeddable":true,"href":"https:\/\/nabytoklaguna.sk\/sk\/wp-json\/wp\/v2\/comments?post=119868"}],"wp:featuredmedia":[{"embeddable":true,"href":"https:\/\/nabytoklaguna.sk\/sk\/wp-json\/wp\/v2\/media\/59688"}],"wp:attachment":[{"href":"https:\/\/nabytoklaguna.sk\/sk\/wp-json\/wp\/v2\/media?parent=119868"}],"wp:term":[{"taxonomy":"product_brand","embeddable":true,"href":"https:\/\/nabytoklaguna.sk\/sk\/wp-json\/wp\/v2\/product_brand?post=119868"},{"taxonomy":"product_cat","embeddable":true,"href":"https:\/\/nabytoklaguna.sk\/sk\/wp-json\/wp\/v2\/product_cat?post=119868"},{"taxonomy":"product_tag","embeddable":true,"href":"https:\/\/nabytoklaguna.sk\/sk\/wp-json\/wp\/v2\/product_tag?post=119868"}],"curies":[{"name":"wp","href":"https:\/\/api.w.org\/{rel}","templated":true}]}}