{"id":119869,"date":"2023-04-22T20:12:00","date_gmt":"2023-04-22T20:12:00","guid":{"rendered":"https:\/\/nabytoklaguna.sk\/sk\/?post_type=product&#038;p=119869"},"modified":"2025-11-24T11:08:32","modified_gmt":"2025-11-24T10:08:32","slug":"mikeli-rohova-sedacia-suprava","status":"publish","type":"product","link":"https:\/\/nabytoklaguna.sk\/sk\/produkt\/mikeli-rohova-sedacia-suprava\/","title":{"rendered":"P MIKELI ROHOV\u00c1 SEDACIA S\u00daPRAVA"},"content":{"rendered":"<p>Elegantn\u00e1 rohov\u00e1 sedacia s\u00faprava, ktor\u00e1 je vhodn\u00e1 aj do men\u0161\u00edch priestorov. Pr\u00edjemn\u00e9 a pohodln\u00e9 sedenie zaru\u010d\u00ed pru\u017eina <strong>FALISTA+PUR PENA<\/strong>. Sedacia s\u00faprava m\u00e1 <strong>dreven\u00e9 no\u017ei\u010dky<\/strong>, ktor\u00e9 sl\u00fa\u017eia aj ako designov\u00fd prvok. <strong>Polohovate\u013en\u00e9 z\u00e1hlavn\u00edky<\/strong> s\u00fa ve\u013ekou v\u00fdhodou pre zv\u00fd\u0161enie komfortu. Neodmyslite\u013enou s\u00fa\u010das\u0165ou sedacej s\u00fapravy je<strong> \u00falo\u017en\u00fd priestor,<\/strong> kde si m\u00f4\u017ete ulo\u017ei\u0165 napr, sez\u00f3nne veci alebo veci ktor\u00e9 chcete ma\u0165 po ruke. \u00dalo\u017en\u00fd priestor sa nach\u00e1dza v <strong>otomane<\/strong> sedacej s\u00fapravy. <strong>Jednoduch\u00fdm<\/strong> <strong>rozkladom<\/strong> m\u00f4\u017ete zmeni\u0165 seda\u010dku na plochu, kde si mo\u017ete odd\u00fdchn\u0165. Rozlo\u017een\u00edm sedacej s\u00fapravy V\u00e1m vznikne priestor pre pr\u00edle\u017eitosn\u00e9 spanie s rozmerom 120x206cm. Sedacia s\u00faprava je <strong>univerz\u00e1lna<\/strong>, tak\u017ee nieje potrebn\u00e9 uvies\u0165 prevedenie rohu<\/p>\n<p>Mo\u017enos\u0165 v\u00fdberu po\u0165ahov\u00fdch l\u00e1tok. V ponuke s\u00fa po\u0165ahov\u00e9 l\u00e1tky Soro, Inari, Orinoco a vodeodoln\u00e1 l\u00e1tka Monolith. Vybran\u00fa l\u00e1tku uve\u010fte v pozn\u00e1mke.<\/p>\n<h3 class=\"page-product-heading\">VLASTNOSTI<\/h3>\n<table class=\"table-data-sheet\" style=\"width: 100%; height: 1129px;\">\n<tbody>\n<tr class=\"odd\" style=\"height: 52px;\">\n<td style=\"height: 52px;\">H\u013abka<\/td>\n<td style=\"height: 52px;\">158 cm<\/td>\n<\/tr>\n<tr class=\"even\" style=\"height: 52px;\">\n<td style=\"height: 52px;\">\u0160\u00edrka<\/td>\n<td style=\"height: 52px;\">228 cm<\/td>\n<\/tr>\n<tr class=\"odd\" style=\"height: 52px;\">\n<td style=\"height: 52px;\">V\u00fd\u0161ka<\/td>\n<td style=\"height: 52px;\">78-93 cm<\/td>\n<\/tr>\n<tr class=\"even\" style=\"height: 76px;\">\n<td style=\"height: 76px;\">Vhodn\u00e1 miestnos\u0165<\/td>\n<td style=\"height: 76px;\">ob\u00fdva\u010dka, spolo\u010densk\u00e1 miestnos\u0165, hotely, kaviarne<\/td>\n<\/tr>\n<tr class=\"odd\" style=\"height: 52px;\">\n<td style=\"height: 52px;\">Typ n\u00e1bytku<\/td>\n<td style=\"height: 52px;\">rohov\u00e1 sedacia s\u00faprava<\/td>\n<\/tr>\n<tr class=\"even\" style=\"height: 52px;\">\n<td style=\"height: 52px;\">\u0160t\u00fdl n\u00e1bytku<\/td>\n<td style=\"height: 52px;\">modern\u00fd<\/td>\n<\/tr>\n<tr class=\"odd\" style=\"height: 52px;\">\n<td style=\"height: 52px;\">Z\u00e1ruka<\/td>\n<td style=\"height: 52px;\">2 roky<\/td>\n<\/tr>\n<tr class=\"even\" style=\"height: 52px;\">\n<td style=\"height: 52px;\">Sp\u00f4sob dodania<\/td>\n<td style=\"height: 52px;\">demont v dvoch bal\u00edkoch<\/td>\n<\/tr>\n<tr class=\"odd\" style=\"height: 52px;\">\n<td style=\"height: 52px;\">Hmotnos\u0165<\/td>\n<td style=\"height: 52px;\">135 kg<\/td>\n<\/tr>\n<tr class=\"even\" style=\"height: 52px;\">\n<td style=\"height: 52px;\">\u00dalo\u017en\u00fd priestor<\/td>\n<td style=\"height: 52px;\">\u00e1no<\/td>\n<\/tr>\n<tr class=\"odd\" style=\"height: 76px;\">\n<td style=\"height: 76px;\">Rohov\u00e9 prevedenie<\/td>\n<td style=\"height: 76px;\">\u00e1no<\/td>\n<\/tr>\n<tr class=\"even\" style=\"height: 52px;\">\n<td style=\"height: 52px;\">V\u00fd\u0161ka sedu<\/td>\n<td style=\"height: 52px;\">40 cm<\/td>\n<\/tr>\n<tr class=\"odd\" style=\"height: 52px;\">\n<td style=\"height: 52px;\">H\u013abka sedu<\/td>\n<td style=\"height: 52px;\">57 cm<\/td>\n<\/tr>\n<tr class=\"even\" style=\"height: 76px;\">\n<td style=\"height: 76px;\">Mo\u017enos\u0165 rozkladania<\/td>\n<td style=\"height: 76px;\">\u00e1no<\/td>\n<\/tr>\n<tr class=\"odd\" style=\"height: 76px;\">\n<td style=\"height: 76px;\">Plocha po rozlo\u017een\u00ed<\/td>\n<td style=\"height: 76px;\">120\u00d7206 cm<\/td>\n<\/tr>\n<tr class=\"even\" style=\"height: 22px;\">\n<td style=\"height: 22px;\"><\/td>\n<td style=\"height: 22px;\"><\/td>\n<\/tr>\n<tr class=\"odd\" style=\"height: 52px;\">\n<td style=\"height: 52px;\">N\u00f4\u017eky<\/td>\n<td style=\"height: 52px;\">drevo<\/td>\n<\/tr>\n<tr class=\"even\" style=\"height: 52px;\">\n<td style=\"height: 52px;\">Obsahuje vank\u00fa\u0161e<\/td>\n<td style=\"height: 52px;\">nie<\/td>\n<\/tr>\n<tr class=\"odd\" style=\"height: 76px;\">\n<td style=\"height: 76px;\">Nastavenie opierok<\/td>\n<td style=\"height: 76px;\">\u00e1no<\/td>\n<\/tr>\n<tr class=\"even\" style=\"height: 51px;\">\n<td style=\"height: 51px;\">V\u00fdpl\u0148 seda\u010dky<\/td>\n<td style=\"height: 51px;\">pena+ pru\u017eina<\/td>\n<\/tr>\n<\/tbody>\n<\/table>\n","protected":false},"excerpt":{"rendered":"<p>Elegantn\u00e1 rohov\u00e1 sedacia s\u00faprava, ktor\u00e1 je vhodn\u00e1 aj do men\u0161\u00edch priestorov. Pr\u00edjemn\u00e9 a pohodln\u00e9 sedenie zaru\u010d\u00ed pru\u017eina FALISTA+PUR PENA. Sedacia s\u00faprava m\u00e1 dreven\u00e9 no\u017ei\u010dky, ktor\u00e9 sl\u00fa\u017eia aj ako designov\u00fd prvok. Polohovate\u013en\u00e9 z\u00e1hlavn\u00edky s\u00fa ve\u013ekou v\u00fdhodou pre zv\u00fd\u0161enie komfortu. Neodmyslite\u013enou s\u00fa\u010das\u0165ou sedacej s\u00fapravy je \u00falo\u017en\u00fd priestor, kde si m\u00f4\u017ete ulo\u017ei\u0165 napr, sez\u00f3nne veci alebo veci ktor\u00e9&#8230;<\/p>\n","protected":false},"featured_media":59707,"comment_status":"closed","ping_status":"closed","template":"","meta":{"_seopress_robots_primary_cat":"140","_seopress_titles_title":"","_seopress_titles_desc":"","_seopress_robots_index":""},"product_brand":[],"product_cat":[255,140],"product_tag":[],"class_list":{"0":"post-119869","1":"product","2":"type-product","3":"status-publish","4":"has-post-thumbnail","6":"product_cat-rohove-supravy","7":"product_cat-sedacie-supravy","9":"first","10":"onbackorder","11":"sale","12":"shipping-taxable","13":"purchasable","14":"product-type-simple"},"_links":{"self":[{"href":"https:\/\/nabytoklaguna.sk\/sk\/wp-json\/wp\/v2\/product\/119869","targetHints":{"allow":["GET"]}}],"collection":[{"href":"https:\/\/nabytoklaguna.sk\/sk\/wp-json\/wp\/v2\/product"}],"about":[{"href":"https:\/\/nabytoklaguna.sk\/sk\/wp-json\/wp\/v2\/types\/product"}],"replies":[{"embeddable":true,"href":"https:\/\/nabytoklaguna.sk\/sk\/wp-json\/wp\/v2\/comments?post=119869"}],"wp:featuredmedia":[{"embeddable":true,"href":"https:\/\/nabytoklaguna.sk\/sk\/wp-json\/wp\/v2\/media\/59707"}],"wp:attachment":[{"href":"https:\/\/nabytoklaguna.sk\/sk\/wp-json\/wp\/v2\/media?parent=119869"}],"wp:term":[{"taxonomy":"product_brand","embeddable":true,"href":"https:\/\/nabytoklaguna.sk\/sk\/wp-json\/wp\/v2\/product_brand?post=119869"},{"taxonomy":"product_cat","embeddable":true,"href":"https:\/\/nabytoklaguna.sk\/sk\/wp-json\/wp\/v2\/product_cat?post=119869"},{"taxonomy":"product_tag","embeddable":true,"href":"https:\/\/nabytoklaguna.sk\/sk\/wp-json\/wp\/v2\/product_tag?post=119869"}],"curies":[{"name":"wp","href":"https:\/\/api.w.org\/{rel}","templated":true}]}}