{"id":119870,"date":"2023-04-22T20:12:00","date_gmt":"2023-04-22T20:12:00","guid":{"rendered":"https:\/\/nabytoklaguna.sk\/sk\/?post_type=product&#038;p=119870"},"modified":"2025-01-21T16:27:43","modified_gmt":"2025-01-21T15:27:43","slug":"tokio-pohovka","status":"publish","type":"product","link":"https:\/\/nabytoklaguna.sk\/sk\/produkt\/tokio-pohovka\/","title":{"rendered":"TOKIO POHOVKA"},"content":{"rendered":"<p>Nad\u010dasov\u00e1 pohovka TOKIO je to prav\u00e9 \u010do h\u013ead\u00e1te. Vynikne v ka\u017edom interi\u00e9ri. Opieranie je vank\u00fa\u0161ov\u00e9. R\u00fdchlym sp\u00f4sobom za p\u00e1r sek\u00fand V\u00e1m vznikne plocha na spanie s rozmerom 130&#215;195 cm. Praktick\u00fd \u00falo\u017en\u00fd priestor n\u00e1jdete v kon\u0161trukcii pohovky. Jednoducho v \u0148om ulo\u017e\u00edte sez\u00f3nne veci alebo veci ktor\u00e9 potrebujete ma\u0165 po ruke. Pr\u00edjemn\u00e9 a pohodln\u00e9 sedenie V\u00e1m zaru\u010dia pru\u017einy BONELL+PUR PENA, ktor\u00e9 tvoria vn\u00fatro pohovky<\/p>\n<p>&nbsp;<\/p>\n<p>Mo\u017enos\u0165 v\u00fdberu po\u0165ahov\u00fdch l\u00e1tok. V ponuke s\u00fa po\u0165ahov\u00e9 l\u00e1tky Soro, Inari, Orinoco, ekoko\u017ea Madryt a vodeodoln\u00e1 l\u00e1tka Monolith. Vybran\u00fa l\u00e1tku uve\u010fte v pozn\u00e1mke.<\/p>\n<h3 class=\"page-product-heading\">VLASTNOSTI<\/h3>\n<table class=\"table-data-sheet\">\n<tbody>\n<tr class=\"odd\">\n<td>H\u013abka<\/td>\n<td>89 cm<\/td>\n<\/tr>\n<tr class=\"even\">\n<td>\u0160\u00edrka<\/td>\n<td>195 cm<\/td>\n<\/tr>\n<tr class=\"odd\">\n<td>V\u00fd\u0161ka<\/td>\n<td><\/td>\n<\/tr>\n<tr class=\"even\">\n<td>Vhodn\u00e1 miestnos\u0165<\/td>\n<td>ob\u00fdva\u010dka, spolo\u010densk\u00e1 miestnos\u0165, hotely, kaviarne<\/td>\n<\/tr>\n<tr class=\"odd\">\n<td>Typ n\u00e1bytku<\/td>\n<td>pohovka<\/td>\n<\/tr>\n<tr class=\"even\">\n<td>\u0160t\u00fdl n\u00e1bytku<\/td>\n<td>modern\u00fd<\/td>\n<\/tr>\n<tr class=\"odd\">\n<td>Z\u00e1ruka<\/td>\n<td>2 roky<\/td>\n<\/tr>\n<tr class=\"even\">\n<td>Sp\u00f4sob dodania<\/td>\n<td>demont v jednom bal\u00edku<\/td>\n<\/tr>\n<tr class=\"odd\">\n<td>Hmotnos\u0165<\/td>\n<td>105 kg<\/td>\n<\/tr>\n<tr class=\"even\">\n<td>\u00dalo\u017en\u00fd priestor<\/td>\n<td>\u00e1no<\/td>\n<\/tr>\n<tr class=\"odd\">\n<td>Rohov\u00e9 prevedenie<\/td>\n<td>nie<\/td>\n<\/tr>\n<tr class=\"even\">\n<td>V\u00fd\u0161ka sed\u00e1ka<\/td>\n<td><\/td>\n<\/tr>\n<tr class=\"odd\">\n<td>V\u00fd\u0161ka zadn\u00e9ho \u010dela<\/td>\n<td><\/td>\n<\/tr>\n<tr class=\"even\">\n<td>Mo\u017enos\u0165 rozkladania<\/td>\n<td>\u00e1no<\/td>\n<\/tr>\n<tr class=\"odd\">\n<td>Plocha po rozlo\u017een\u00ed<\/td>\n<td>130\u00d7195 cm<\/td>\n<\/tr>\n<tr class=\"even\">\n<td><\/td>\n<td><\/td>\n<\/tr>\n<tr class=\"odd\">\n<td>N\u00f4\u017eky<\/td>\n<td>chr\u00f3m<\/td>\n<\/tr>\n<tr class=\"even\">\n<td>Obsahuje vank\u00fa\u0161e<\/td>\n<td>opieranie je vank\u00fa\u0161ov\u00e9<\/td>\n<\/tr>\n<tr class=\"odd\">\n<td>Nastavenie opierok<\/td>\n<td>nie<\/td>\n<\/tr>\n<tr class=\"even\">\n<td>V\u00fdpl\u0148 seda\u010dky<\/td>\n<td>pena+ pru\u017eina<\/td>\n<\/tr>\n<\/tbody>\n<\/table>\n","protected":false},"excerpt":{"rendered":"<p>Nad\u010dasov\u00e1 pohovka TOKIO je to prav\u00e9 \u010do h\u013ead\u00e1te. Vynikne v ka\u017edom interi\u00e9ri. Opieranie je vank\u00fa\u0161ov\u00e9. R\u00fdchlym sp\u00f4sobom za p\u00e1r sek\u00fand V\u00e1m vznikne plocha na spanie s rozmerom 130&#215;195 cm. Praktick\u00fd \u00falo\u017en\u00fd priestor n\u00e1jdete v kon\u0161trukcii pohovky. Jednoducho v \u0148om ulo\u017e\u00edte sez\u00f3nne veci alebo veci ktor\u00e9 potrebujete ma\u0165 po ruke. Pr\u00edjemn\u00e9 a pohodln\u00e9 sedenie V\u00e1m zaru\u010dia&#8230;<\/p>\n","protected":false},"featured_media":59821,"comment_status":"closed","ping_status":"closed","template":"","meta":{"_seopress_robots_primary_cat":"219","_seopress_titles_title":"                                    ","_seopress_titles_desc":"                                    ","_seopress_robots_index":""},"product_brand":[],"product_cat":[219],"product_tag":[],"class_list":{"0":"post-119870","1":"product","2":"type-product","3":"status-publish","4":"has-post-thumbnail","6":"product_cat-pohovky","8":"first","9":"onbackorder","10":"shipping-taxable","11":"purchasable","12":"product-type-simple"},"_links":{"self":[{"href":"https:\/\/nabytoklaguna.sk\/sk\/wp-json\/wp\/v2\/product\/119870","targetHints":{"allow":["GET"]}}],"collection":[{"href":"https:\/\/nabytoklaguna.sk\/sk\/wp-json\/wp\/v2\/product"}],"about":[{"href":"https:\/\/nabytoklaguna.sk\/sk\/wp-json\/wp\/v2\/types\/product"}],"replies":[{"embeddable":true,"href":"https:\/\/nabytoklaguna.sk\/sk\/wp-json\/wp\/v2\/comments?post=119870"}],"wp:featuredmedia":[{"embeddable":true,"href":"https:\/\/nabytoklaguna.sk\/sk\/wp-json\/wp\/v2\/media\/59821"}],"wp:attachment":[{"href":"https:\/\/nabytoklaguna.sk\/sk\/wp-json\/wp\/v2\/media?parent=119870"}],"wp:term":[{"taxonomy":"product_brand","embeddable":true,"href":"https:\/\/nabytoklaguna.sk\/sk\/wp-json\/wp\/v2\/product_brand?post=119870"},{"taxonomy":"product_cat","embeddable":true,"href":"https:\/\/nabytoklaguna.sk\/sk\/wp-json\/wp\/v2\/product_cat?post=119870"},{"taxonomy":"product_tag","embeddable":true,"href":"https:\/\/nabytoklaguna.sk\/sk\/wp-json\/wp\/v2\/product_tag?post=119870"}],"curies":[{"name":"wp","href":"https:\/\/api.w.org\/{rel}","templated":true}]}}