{"id":119873,"date":"2023-04-22T20:12:00","date_gmt":"2023-04-22T20:12:00","guid":{"rendered":"https:\/\/nabytoklaguna.sk\/sk\/?post_type=product&#038;p=119873"},"modified":"2025-11-10T16:27:17","modified_gmt":"2025-11-10T15:27:17","slug":"hc-483","status":"publish","type":"product","link":"https:\/\/nabytoklaguna.sk\/sk\/produkt\/hc-483\/","title":{"rendered":"HC-483"},"content":{"rendered":"<p>Modern\u00e1 jed\u00e1lensk\u00e1 stoli\u010dka pon\u00faka kombin\u00e1ciu\u00a0 pohodlia a modern\u00e9ho dizajnu <strong>v \u010diernom l\u00e1tkovom po\u0165ahu s efektom vintage ko\u017ee<\/strong>. Eleganciu stoli\u010dke dod\u00e1va biele pre\u0161itie na sed\u00e1ku aj operadle stoli\u010dky. Stoli\u010dka m\u00e1 pohupovaciu podno\u017e s chromovou \u00fapravou.Podno\u017e je navy\u0161e \u0161peci\u00e1lne tvarovan\u00e1 pre lep\u0161iu stabilitu a je na \u0161iestich \u010diernych plastov\u00fdch klz\u00e1koch, ktor\u00e9 zn\u00ed\u017eia riziko po\u0161kodenia Va\u0161ej podlahy. Stoli\u010dka disponuje madlom \u010do u\u013eah\u010duje manipul\u00e1ciu so stoli\u010dkou. Stoli\u010dka sa vyr\u00e1ba vo farebnom preveden\u00ed: hned\u00e1 l\u00e1tka,\u0161ed\u00e1 l\u00e1tka, \u010dierna l\u00e1tka, kr\u00e9mov\u00e1 l\u00e1tka Nosnos\u0165 stoli\u010dky je 110 kg.<\/p>\n<p><span id=\"ctl00_ctl00_PageCPH_MainCPH_PopisLb\">Nosnos\u0165 stoli\u010dky je 110 kg.<\/span><\/p>\n<p>Dod\u00e1van\u00e9 v demonte<\/p>\n<table>\n<tbody>\n<tr>\n<td class=\"popis\">\u0160\u00edrka (cm):<\/td>\n<td>43<\/td>\n<\/tr>\n<tr>\n<td class=\"popis\">H\u013abka (cm):<\/td>\n<td>60<\/td>\n<\/tr>\n<tr>\n<td class=\"popis\">V\u00fd\u0161ka (cm):<\/td>\n<td>98<\/td>\n<\/tr>\n<tr>\n<td class=\"popis\">V\u00fd\u0161ka sedu:<\/td>\n<td>46 cm<\/td>\n<\/tr>\n<\/tbody>\n<\/table>\n","protected":false},"excerpt":{"rendered":"<p>Modern\u00e1 jed\u00e1lensk\u00e1 stoli\u010dka pon\u00faka kombin\u00e1ciu\u00a0 pohodlia a modern\u00e9ho dizajnu v \u010diernom l\u00e1tkovom po\u0165ahu s efektom vintage ko\u017ee. Eleganciu stoli\u010dke dod\u00e1va biele pre\u0161itie na sed\u00e1ku aj operadle stoli\u010dky. Stoli\u010dka m\u00e1 pohupovaciu podno\u017e s chromovou \u00fapravou.Podno\u017e je navy\u0161e \u0161peci\u00e1lne tvarovan\u00e1 pre lep\u0161iu stabilitu a je na \u0161iestich \u010diernych plastov\u00fdch klz\u00e1koch, ktor\u00e9 zn\u00ed\u017eia riziko po\u0161kodenia Va\u0161ej podlahy. Stoli\u010dka&#8230;<\/p>\n","protected":false},"featured_media":77373,"comment_status":"closed","ping_status":"closed","template":"","meta":{"_seopress_robots_primary_cat":"237","_seopress_titles_title":"","_seopress_titles_desc":"","_seopress_robots_index":""},"product_brand":[],"product_cat":[239,237],"product_tag":[],"class_list":{"0":"post-119873","1":"product","2":"type-product","3":"status-publish","4":"has-post-thumbnail","6":"product_cat-kovove-stolicky","7":"product_cat-stolicky","8":"pa_farba-cierna-latka","9":"pa_farba-hneda-latka","10":"pa_farba-kremova-latka","11":"pa_farba-siva-latka","13":"first","14":"onbackorder","15":"shipping-taxable","16":"purchasable","17":"product-type-simple"},"_links":{"self":[{"href":"https:\/\/nabytoklaguna.sk\/sk\/wp-json\/wp\/v2\/product\/119873","targetHints":{"allow":["GET"]}}],"collection":[{"href":"https:\/\/nabytoklaguna.sk\/sk\/wp-json\/wp\/v2\/product"}],"about":[{"href":"https:\/\/nabytoklaguna.sk\/sk\/wp-json\/wp\/v2\/types\/product"}],"replies":[{"embeddable":true,"href":"https:\/\/nabytoklaguna.sk\/sk\/wp-json\/wp\/v2\/comments?post=119873"}],"wp:featuredmedia":[{"embeddable":true,"href":"https:\/\/nabytoklaguna.sk\/sk\/wp-json\/wp\/v2\/media\/77373"}],"wp:attachment":[{"href":"https:\/\/nabytoklaguna.sk\/sk\/wp-json\/wp\/v2\/media?parent=119873"}],"wp:term":[{"taxonomy":"product_brand","embeddable":true,"href":"https:\/\/nabytoklaguna.sk\/sk\/wp-json\/wp\/v2\/product_brand?post=119873"},{"taxonomy":"product_cat","embeddable":true,"href":"https:\/\/nabytoklaguna.sk\/sk\/wp-json\/wp\/v2\/product_cat?post=119873"},{"taxonomy":"product_tag","embeddable":true,"href":"https:\/\/nabytoklaguna.sk\/sk\/wp-json\/wp\/v2\/product_tag?post=119873"}],"curies":[{"name":"wp","href":"https:\/\/api.w.org\/{rel}","templated":true}]}}