{"id":119879,"date":"2023-04-22T20:12:00","date_gmt":"2023-04-22T20:12:00","guid":{"rendered":"https:\/\/nabytoklaguna.sk\/sk\/?post_type=product&#038;p=119879"},"modified":"2026-04-15T12:14:22","modified_gmt":"2026-04-15T10:14:22","slug":"at-3008","status":"publish","type":"product","link":"https:\/\/nabytoklaguna.sk\/sk\/produkt\/at-3008\/","title":{"rendered":"AT-3008"},"content":{"rendered":"<p>Modern\u00fd jed\u00e1lensk\u00fd st\u00f4l\u00a0 je vyroben\u00fd vo vysokom bielom lesku. Vrchn\u00e1 doska m\u00e1 hr\u00fabku 40 mm, hr\u00fabka nohy je 10\u00d710 cm. Dod\u00e1van\u00fd v demonte. St\u00f4l sa svoj\u00edm preveden\u00edm hod\u00ed takmer ku ka\u017edej modernej stoli\u010dke. Nohy aj vrchn\u00e1 doska s\u00fa vyroben\u00e9 z MDF<\/p>\n<p>ROZMERY:<\/p>\n<p>\u0160\u00edrka: 160cm<\/p>\n<p>H\u013abka: 90cm<\/p>\n<p>V\u00fd\u0161ka: 76cm<\/p>\n","protected":false},"excerpt":{"rendered":"<p>Modern\u00fd jed\u00e1lensk\u00fd st\u00f4l\u00a0 je vyroben\u00fd vo vysokom bielom lesku. Vrchn\u00e1 doska m\u00e1 hr\u00fabku 40 mm, hr\u00fabka nohy je 10\u00d710 cm. Dod\u00e1van\u00fd v demonte. St\u00f4l sa svoj\u00edm preveden\u00edm hod\u00ed takmer ku ka\u017edej modernej stoli\u010dke. Nohy aj vrchn\u00e1 doska s\u00fa vyroben\u00e9 z MDF ROZMERY: \u0160\u00edrka: 160cm H\u013abka: 90cm V\u00fd\u0161ka: 76cm<\/p>\n","protected":false},"featured_media":60477,"comment_status":"closed","ping_status":"closed","template":"","meta":{"_seopress_robots_primary_cat":"243","_seopress_titles_title":"","_seopress_titles_desc":"","_seopress_robots_index":""},"product_brand":[],"product_cat":[244,243],"product_tag":[],"class_list":{"0":"post-119879","1":"product","2":"type-product","3":"status-publish","4":"has-post-thumbnail","6":"product_cat-drevene-stoly","7":"product_cat-stoly","9":"first","10":"onbackorder","11":"sale","12":"shipping-taxable","13":"purchasable","14":"product-type-simple"},"_links":{"self":[{"href":"https:\/\/nabytoklaguna.sk\/sk\/wp-json\/wp\/v2\/product\/119879","targetHints":{"allow":["GET"]}}],"collection":[{"href":"https:\/\/nabytoklaguna.sk\/sk\/wp-json\/wp\/v2\/product"}],"about":[{"href":"https:\/\/nabytoklaguna.sk\/sk\/wp-json\/wp\/v2\/types\/product"}],"replies":[{"embeddable":true,"href":"https:\/\/nabytoklaguna.sk\/sk\/wp-json\/wp\/v2\/comments?post=119879"}],"wp:featuredmedia":[{"embeddable":true,"href":"https:\/\/nabytoklaguna.sk\/sk\/wp-json\/wp\/v2\/media\/60477"}],"wp:attachment":[{"href":"https:\/\/nabytoklaguna.sk\/sk\/wp-json\/wp\/v2\/media?parent=119879"}],"wp:term":[{"taxonomy":"product_brand","embeddable":true,"href":"https:\/\/nabytoklaguna.sk\/sk\/wp-json\/wp\/v2\/product_brand?post=119879"},{"taxonomy":"product_cat","embeddable":true,"href":"https:\/\/nabytoklaguna.sk\/sk\/wp-json\/wp\/v2\/product_cat?post=119879"},{"taxonomy":"product_tag","embeddable":true,"href":"https:\/\/nabytoklaguna.sk\/sk\/wp-json\/wp\/v2\/product_tag?post=119879"}],"curies":[{"name":"wp","href":"https:\/\/api.w.org\/{rel}","templated":true}]}}