{"id":119896,"date":"2023-04-22T20:12:00","date_gmt":"2023-04-22T18:12:00","guid":{"rendered":"https:\/\/nabytoklaguna.sk\/sk\/?post_type=product&#038;p=119896"},"modified":"2023-09-25T15:07:46","modified_gmt":"2023-09-25T13:07:46","slug":"venus-v","status":"publish","type":"product","link":"https:\/\/nabytoklaguna.sk\/sk\/produkt\/venus-v\/","title":{"rendered":"VENUS V"},"content":{"rendered":"<p>Rozkladac\u00ed st\u00f4l z mas\u00edvu vo farebnom preveden\u00ed orech. Pl\u00e1t pr\u00edrodn\u00e1 dyha. Mo\u017enos\u0165 v\u00fdberu farby dreva z ponuky: orech, ga\u0161tan, rustikal, wenge.<\/p>\n<p>Prevedenie wenge a grafit s pr\u00edplatkom 24,- \u20ac<\/p>\n<p>Rozmery: \u0161xvxd: 90x76x160\/220 cm.<\/p>\n","protected":false},"excerpt":{"rendered":"<p>Rozkladac\u00ed st\u00f4l z mas\u00edvu vo farebnom preveden\u00ed orech. Pl\u00e1t pr\u00edrodn\u00e1 dyha. Mo\u017enos\u0165 v\u00fdberu farby dreva z ponuky: orech, ga\u0161tan, rustikal, wenge. Prevedenie wenge a grafit s pr\u00edplatkom 24,- \u20ac Rozmery: \u0161xvxd: 90x76x160\/220 cm.<\/p>\n","protected":false},"featured_media":63892,"comment_status":"closed","ping_status":"closed","template":"","meta":{"_seopress_robots_primary_cat":"4719","_seopress_titles_title":"                                    ","_seopress_titles_desc":"\r\n                                    ","_seopress_robots_index":""},"product_brand":[],"product_cat":[4719],"product_tag":[],"class_list":{"0":"post-119896","1":"product","2":"type-product","3":"status-publish","4":"has-post-thumbnail","6":"product_cat-jedalenske-stoly","8":"first","9":"onbackorder","10":"shipping-taxable","11":"purchasable","12":"product-type-simple"},"_links":{"self":[{"href":"https:\/\/nabytoklaguna.sk\/sk\/wp-json\/wp\/v2\/product\/119896","targetHints":{"allow":["GET"]}}],"collection":[{"href":"https:\/\/nabytoklaguna.sk\/sk\/wp-json\/wp\/v2\/product"}],"about":[{"href":"https:\/\/nabytoklaguna.sk\/sk\/wp-json\/wp\/v2\/types\/product"}],"replies":[{"embeddable":true,"href":"https:\/\/nabytoklaguna.sk\/sk\/wp-json\/wp\/v2\/comments?post=119896"}],"wp:featuredmedia":[{"embeddable":true,"href":"https:\/\/nabytoklaguna.sk\/sk\/wp-json\/wp\/v2\/media\/63892"}],"wp:attachment":[{"href":"https:\/\/nabytoklaguna.sk\/sk\/wp-json\/wp\/v2\/media?parent=119896"}],"wp:term":[{"taxonomy":"product_brand","embeddable":true,"href":"https:\/\/nabytoklaguna.sk\/sk\/wp-json\/wp\/v2\/product_brand?post=119896"},{"taxonomy":"product_cat","embeddable":true,"href":"https:\/\/nabytoklaguna.sk\/sk\/wp-json\/wp\/v2\/product_cat?post=119896"},{"taxonomy":"product_tag","embeddable":true,"href":"https:\/\/nabytoklaguna.sk\/sk\/wp-json\/wp\/v2\/product_tag?post=119896"}],"curies":[{"name":"wp","href":"https:\/\/api.w.org\/{rel}","templated":true}]}}