{"id":119921,"date":"2023-04-22T20:12:00","date_gmt":"2023-04-22T20:12:00","guid":{"rendered":"https:\/\/nabytoklaguna.sk\/sk\/?post_type=product&#038;p=119921"},"modified":"2025-05-26T15:16:13","modified_gmt":"2025-05-26T13:16:13","slug":"tempo-kondela-klanton","status":"publish","type":"product","link":"https:\/\/nabytoklaguna.sk\/sk\/produkt\/tempo-kondela-klanton\/","title":{"rendered":"K KLANTON"},"content":{"rendered":"<p>Kuchynsk\u00e1 linka <strong>KLANTON<\/strong> zaujme kombin\u00e1ciou dvoch odtie\u0148ov hnedej, ktor\u00e9 spolu ladia a z\u00e1rove\u0148 vytv\u00e1raj\u00fa kontrast. <b>Korpus skriniek<\/b>\u00a0je v preveden\u00ed\u00a0<b>dub svetlosiv\u00fd<\/b>. V rovnakom farebnom preveden\u00ed s\u00fa aj\u00a0<b>dvierka horn\u00fdch skriniek<\/b>, ktor\u00e9 po zmontovan\u00ed poskytuj\u00fa a\u017e\u00a0<b>2,4 metra<\/b>\u00a0\u00falo\u017en\u00e9ho priestoru.\u00a0<b>Spodn\u00e9 skrinky<\/b>\u00a0s\u00fa v preveden\u00ed\u00a0<b>dub tmav\u00fd<\/b>, pod\u013ea ilustra\u010dn\u00e9ho obr\u00e1zku je to\u00a0<b>bez spor\u00e1ka\u00a0 1,8 metra<\/b>\u00a0\u00falo\u017en\u00e9ho priestoru.\u00a0<b>Spodn\u00e9 skrinky<\/b>\u00a0s\u00fa dod\u00e1van\u00e9\u00a0<b>vr\u00e1tan\u00e9 pracovnej dosky a dolnej li\u0161ty<\/b>. Hr\u00fabka pracovnej dosky je\u00a0<b>28 mm<\/b>. Drezov\u00e1 skrinka je dod\u00e1van\u00e1 bez pracovnej dosky.<\/p>\n<p>Mo\u017enos\u0165 dok\u00fapenia univerz\u00e1lneho drezu v cene 90 \u20ac<\/p>\n<ul>\n<li><b>Materi\u00e1l:<\/b>\u00a0DTD laminovan\u00e1<\/li>\n<li><b>Farba korpusu:<\/b>\u00a0dub svetlosiv\u00fd<\/li>\n<li><b>Farba dvierok horn\u00fdch skriniek:<\/b>dub svetlosiv\u00fd<\/li>\n<li><b>Farba dvierok spodn\u00fdch skriniek:<\/b>dub tmav\u00fd<\/li>\n<li><b>Rozmery (\u0160xHxV):<\/b>\u00a0240x60x200 cm<\/li>\n<li>Spodn\u00e1 \u010das\u0165 m\u00e1 bez spor\u00e1ka 180 cm<\/li>\n<li><b>V\u00fd\u0161ka horn\u00fdch skriniek:<\/b>\u00a072 cm<\/li>\n<li><b>V\u00fd\u0161ka digestorovej skrinky:\u00a0<\/b>40 cm<\/li>\n<li><b>V\u00fd\u0161ka doln\u00fdch skriniek bez pracovnej dosky:<\/b>\u00a082 cm<\/li>\n<li><b>H\u013abka horn\u00fdch skriniek:<\/b>\u00a031 cm<\/li>\n<li><b>H\u013abka spodn\u00fdch skriniek bez pracovnej dosky:<\/b>\u00a052 cm<\/li>\n<li><b>H\u013abka spodn\u00fdch skriniek s pracovnou doskou:\u00a0<\/b>60 cm<\/li>\n<li>Dod\u00e1van\u00e9 s pracovnou doskou s hr\u00fabkou 28 mm<\/li>\n<li>Drezov\u00e1 skrinka je bez pracovnej dosky<\/li>\n<li>Potrebn\u00e9 zak\u00fapi\u0165 drez<\/li>\n<li>Skrinky s dvierkami<\/li>\n<li>Vrchn\u00e1 presklen\u00e1 skrinka<\/li>\n<li>Skrinka so \u0161tyrmi \u0161upl\u00edkmi<\/li>\n<li>Dod\u00e1van\u00e9 v demonte<\/li>\n<\/ul>\n","protected":false},"excerpt":{"rendered":"<p>Kuchynsk\u00e1 linka KLANTON zaujme kombin\u00e1ciou dvoch odtie\u0148ov hnedej, ktor\u00e9 spolu ladia a z\u00e1rove\u0148 vytv\u00e1raj\u00fa kontrast. Korpus skriniek\u00a0je v preveden\u00ed\u00a0dub svetlosiv\u00fd. V rovnakom farebnom preveden\u00ed s\u00fa aj\u00a0dvierka horn\u00fdch skriniek, ktor\u00e9 po zmontovan\u00ed poskytuj\u00fa a\u017e\u00a02,4 metra\u00a0\u00falo\u017en\u00e9ho priestoru.\u00a0Spodn\u00e9 skrinky\u00a0s\u00fa v preveden\u00ed\u00a0dub tmav\u00fd, pod\u013ea ilustra\u010dn\u00e9ho obr\u00e1zku je to\u00a0bez spor\u00e1ka\u00a0 1,8 metra\u00a0\u00falo\u017en\u00e9ho priestoru.\u00a0Spodn\u00e9 skrinky\u00a0s\u00fa dod\u00e1van\u00e9\u00a0vr\u00e1tan\u00e9 pracovnej dosky a dolnej li\u0161ty&#8230;.<\/p>\n","protected":false},"featured_media":34253,"comment_status":"closed","ping_status":"closed","template":"","meta":{"_seopress_robots_primary_cat":"177","_seopress_titles_title":"","_seopress_titles_desc":"","_seopress_robots_index":""},"product_brand":[],"product_cat":[177],"product_tag":[],"class_list":{"0":"post-119921","1":"product","2":"type-product","3":"status-publish","4":"has-post-thumbnail","6":"product_cat-kuchyne-top","8":"first","9":"onbackorder","10":"shipping-taxable","11":"purchasable","12":"product-type-simple"},"_links":{"self":[{"href":"https:\/\/nabytoklaguna.sk\/sk\/wp-json\/wp\/v2\/product\/119921","targetHints":{"allow":["GET"]}}],"collection":[{"href":"https:\/\/nabytoklaguna.sk\/sk\/wp-json\/wp\/v2\/product"}],"about":[{"href":"https:\/\/nabytoklaguna.sk\/sk\/wp-json\/wp\/v2\/types\/product"}],"replies":[{"embeddable":true,"href":"https:\/\/nabytoklaguna.sk\/sk\/wp-json\/wp\/v2\/comments?post=119921"}],"wp:featuredmedia":[{"embeddable":true,"href":"https:\/\/nabytoklaguna.sk\/sk\/wp-json\/wp\/v2\/media\/34253"}],"wp:attachment":[{"href":"https:\/\/nabytoklaguna.sk\/sk\/wp-json\/wp\/v2\/media?parent=119921"}],"wp:term":[{"taxonomy":"product_brand","embeddable":true,"href":"https:\/\/nabytoklaguna.sk\/sk\/wp-json\/wp\/v2\/product_brand?post=119921"},{"taxonomy":"product_cat","embeddable":true,"href":"https:\/\/nabytoklaguna.sk\/sk\/wp-json\/wp\/v2\/product_cat?post=119921"},{"taxonomy":"product_tag","embeddable":true,"href":"https:\/\/nabytoklaguna.sk\/sk\/wp-json\/wp\/v2\/product_tag?post=119921"}],"curies":[{"name":"wp","href":"https:\/\/api.w.org\/{rel}","templated":true}]}}