{"id":119922,"date":"2023-04-22T20:12:00","date_gmt":"2023-04-22T20:12:00","guid":{"rendered":"https:\/\/nabytoklaguna.sk\/sk\/?post_type=product&#038;p=119922"},"modified":"2023-08-23T17:24:18","modified_gmt":"2023-08-23T15:24:18","slug":"aut-dcl-966","status":"publish","type":"product","link":"https:\/\/nabytoklaguna.sk\/sk\/produkt\/aut-dcl-966\/","title":{"rendered":"AUT DCL-966"},"content":{"rendered":"<div>\n<p>Elegantn\u00e1 jed\u00e1lensk\u00e1 stoli\u010dka o\u010dal\u00fanenie sivou l\u00e1tkou v kombin\u00e1cii s bielou ko\u017eenkou (boky)\u00a0 s chr\u00f3movou\u00a0 podno\u017eou a praktick\u00fdm madlom. Tieto <a href=\"https:\/\/www.biano.sk\/produkty\/stolicky-2\">stoli\u010dky<\/a>\u00a0bud\u00fa ozdobou ka\u017ed\u00e9ho modern\u00e9ho interi\u00e9ru.<\/p>\n<p>Farba:\u00a0 siv\u00e1<\/p>\n<p>Rozmery:<\/p>\n<p>\u0161\u00edrka: 43 cm<\/p>\n<p>h\u013abka: 55 cm<\/p>\n<p>v\u00fd\u0161ka: 102 cm<\/p>\n<p>\u0161\u00edrka sedu: 43 cm<\/p>\n<p>h\u013abka sedu: 43 cm<\/p>\n<p>v\u00fd\u0161ka sedu: 48 cm<\/p>\n<p>Hmotnos\u0165: 6 kg<\/p>\n<p>Nosnos\u0165: 110 kg<\/p>\n<\/div>\n","protected":false},"excerpt":{"rendered":"<p>Elegantn\u00e1 jed\u00e1lensk\u00e1 stoli\u010dka o\u010dal\u00fanenie sivou l\u00e1tkou v kombin\u00e1cii s bielou ko\u017eenkou (boky)\u00a0 s chr\u00f3movou\u00a0 podno\u017eou a praktick\u00fdm madlom. Tieto stoli\u010dky\u00a0bud\u00fa ozdobou ka\u017ed\u00e9ho modern\u00e9ho interi\u00e9ru. Farba:\u00a0 siv\u00e1 Rozmery: \u0161\u00edrka: 43 cm h\u013abka: 55 cm v\u00fd\u0161ka: 102 cm \u0161\u00edrka sedu: 43 cm h\u013abka sedu: 43 cm v\u00fd\u0161ka sedu: 48 cm Hmotnos\u0165: 6 kg Nosnos\u0165: 110 kg<\/p>\n","protected":false},"featured_media":34608,"comment_status":"closed","ping_status":"closed","template":"","meta":{"_seopress_robots_primary_cat":"237","_seopress_titles_title":"","_seopress_titles_desc":"","_seopress_robots_index":""},"product_brand":[],"product_cat":[237],"product_tag":[],"class_list":{"0":"post-119922","1":"product","2":"type-product","3":"status-publish","4":"has-post-thumbnail","6":"product_cat-stolicky","8":"first","9":"onbackorder","10":"shipping-taxable","11":"purchasable","12":"product-type-simple"},"_links":{"self":[{"href":"https:\/\/nabytoklaguna.sk\/sk\/wp-json\/wp\/v2\/product\/119922","targetHints":{"allow":["GET"]}}],"collection":[{"href":"https:\/\/nabytoklaguna.sk\/sk\/wp-json\/wp\/v2\/product"}],"about":[{"href":"https:\/\/nabytoklaguna.sk\/sk\/wp-json\/wp\/v2\/types\/product"}],"replies":[{"embeddable":true,"href":"https:\/\/nabytoklaguna.sk\/sk\/wp-json\/wp\/v2\/comments?post=119922"}],"wp:featuredmedia":[{"embeddable":true,"href":"https:\/\/nabytoklaguna.sk\/sk\/wp-json\/wp\/v2\/media\/34608"}],"wp:attachment":[{"href":"https:\/\/nabytoklaguna.sk\/sk\/wp-json\/wp\/v2\/media?parent=119922"}],"wp:term":[{"taxonomy":"product_brand","embeddable":true,"href":"https:\/\/nabytoklaguna.sk\/sk\/wp-json\/wp\/v2\/product_brand?post=119922"},{"taxonomy":"product_cat","embeddable":true,"href":"https:\/\/nabytoklaguna.sk\/sk\/wp-json\/wp\/v2\/product_cat?post=119922"},{"taxonomy":"product_tag","embeddable":true,"href":"https:\/\/nabytoklaguna.sk\/sk\/wp-json\/wp\/v2\/product_tag?post=119922"}],"curies":[{"name":"wp","href":"https:\/\/api.w.org\/{rel}","templated":true}]}}