{"id":119924,"date":"2023-04-22T20:12:00","date_gmt":"2023-04-22T20:12:00","guid":{"rendered":"https:\/\/nabytoklaguna.sk\/sk\/?post_type=product&#038;p=119924"},"modified":"2023-08-23T17:24:19","modified_gmt":"2023-08-23T15:24:19","slug":"dallas-d11-rtv-stolik","status":"publish","type":"product","link":"https:\/\/nabytoklaguna.sk\/sk\/produkt\/dallas-d11-rtv-stolik\/","title":{"rendered":"Dallas D11, RTV stol\u00edk"},"content":{"rendered":"<p>DALLAS je ve\u013emi origin\u00e1lna a elegantn\u00e1 sektorov\u00e1 zostava n\u00e1bytku, ktor\u00e1 je vhodn\u00e1 na zariadenie ob\u00fdvac\u00edch izieb, jed\u00e1lni \u010di \u0161tudentsk\u00fdch izieb. Tento luxusn\u00fd modern\u00fd n\u00e1bytok DALLAS\u00a0je vhodn\u00fd najm\u00e4 pre milovn\u00edkov nad\u010dasovej m\u00f3dy a n\u00e1padit\u00e9ho dizajnu.\u00a0Kolekcia\u00a0DALLAS m\u00e1 jednoduch\u00e9 tvary a \u010dist\u00e9 l\u00ednie, ktor\u00e9 dod\u00e1vaj\u00fa domovu harm\u00f3niu a \u00fatulnos\u0165. T\u00e1to<strong>\u00a0<\/strong>kolekcia<strong>\u00a0 <\/strong>DALLAS\u00a0pon\u00faka naozaj \u0161irok\u00fd v\u00fdber pod\u013ea vlastnej predstavy \u010di potreby.\u00a0\u00a0<strong>RTV stol\u00edk\u00a0DALLAS D11<\/strong> je vyr\u00e1ban\u00fd v dokonal\u00fdch farebn\u00fdch prevedeniach \u010do\u00a0dod\u00e1va n\u00e1bytku jedine\u010dnos\u0165 a nad\u010dasovos\u0165.\u00a0<strong>RTV stol\u00edk\u00a0<\/strong>\u00a0je priestrann\u00fd so skrinkou a policou.\u00a0\u00a0<strong>RTV stol\u00edk\u00a0DALLAS D11<\/strong> m\u00e1 horn\u00fa a spodn\u00fa dosku s hr\u00fabkou 48 mm a hrany s\u00fa ABS. Zaria\u010fte si svoj domov p\u00f4vabne a c\u00ed\u0165te sa v \u0148om ako v rozpr\u00e1vke s n\u00e1bytkom DALLAS.<\/p>\n<p><strong>Materi\u00e1l:\u00a0\u00a0<\/strong>LTD 16 mm \/ li\u0161ty MDF 48 mm<\/p>\n<p><strong>Rozmery:\u00a0<\/strong>(\u0160xHxV)\u00a0 107 x 48 x 72 cm<\/p>\n<p><strong>Farebn\u00e9 prevedenie:<\/strong><\/p>\n<ul>\n<li>dub sonoma<\/li>\n<li>dub truflov\u00e1<\/li>\n<\/ul>\n","protected":false},"excerpt":{"rendered":"<p>DALLAS je ve\u013emi origin\u00e1lna a elegantn\u00e1 sektorov\u00e1 zostava n\u00e1bytku, ktor\u00e1 je vhodn\u00e1 na zariadenie ob\u00fdvac\u00edch izieb, jed\u00e1lni \u010di \u0161tudentsk\u00fdch izieb. Tento luxusn\u00fd modern\u00fd n\u00e1bytok DALLAS\u00a0je vhodn\u00fd najm\u00e4 pre milovn\u00edkov nad\u010dasovej m\u00f3dy a n\u00e1padit\u00e9ho dizajnu.\u00a0Kolekcia\u00a0DALLAS m\u00e1 jednoduch\u00e9 tvary a \u010dist\u00e9 l\u00ednie, ktor\u00e9 dod\u00e1vaj\u00fa domovu harm\u00f3niu a \u00fatulnos\u0165. T\u00e1to\u00a0kolekcia\u00a0 DALLAS\u00a0pon\u00faka naozaj \u0161irok\u00fd v\u00fdber pod\u013ea vlastnej predstavy \u010di&#8230;<\/p>\n","protected":false},"featured_media":84901,"comment_status":"closed","ping_status":"closed","template":"","meta":{"_seopress_robots_primary_cat":"none","_seopress_titles_title":"","_seopress_titles_desc":"","_seopress_robots_index":""},"product_brand":[],"product_cat":[824],"product_tag":[],"class_list":{"0":"post-119924","1":"product","2":"type-product","3":"status-publish","4":"has-post-thumbnail","6":"product_cat-rtv-stoliky","7":"pa_farba-dub-sonoma","8":"pa_farba-dub-sonoma-cokoladova","9":"pa_farba-dub-sonoma-sonoma-cokoladova","10":"pa_farba-dub-truflova","11":"pa_farba-sonoma-cokoladova-dub-sonoma","13":"first","14":"onbackorder","15":"sale","16":"shipping-taxable","17":"purchasable","18":"product-type-simple"},"_links":{"self":[{"href":"https:\/\/nabytoklaguna.sk\/sk\/wp-json\/wp\/v2\/product\/119924","targetHints":{"allow":["GET"]}}],"collection":[{"href":"https:\/\/nabytoklaguna.sk\/sk\/wp-json\/wp\/v2\/product"}],"about":[{"href":"https:\/\/nabytoklaguna.sk\/sk\/wp-json\/wp\/v2\/types\/product"}],"replies":[{"embeddable":true,"href":"https:\/\/nabytoklaguna.sk\/sk\/wp-json\/wp\/v2\/comments?post=119924"}],"wp:featuredmedia":[{"embeddable":true,"href":"https:\/\/nabytoklaguna.sk\/sk\/wp-json\/wp\/v2\/media\/84901"}],"wp:attachment":[{"href":"https:\/\/nabytoklaguna.sk\/sk\/wp-json\/wp\/v2\/media?parent=119924"}],"wp:term":[{"taxonomy":"product_brand","embeddable":true,"href":"https:\/\/nabytoklaguna.sk\/sk\/wp-json\/wp\/v2\/product_brand?post=119924"},{"taxonomy":"product_cat","embeddable":true,"href":"https:\/\/nabytoklaguna.sk\/sk\/wp-json\/wp\/v2\/product_cat?post=119924"},{"taxonomy":"product_tag","embeddable":true,"href":"https:\/\/nabytoklaguna.sk\/sk\/wp-json\/wp\/v2\/product_tag?post=119924"}],"curies":[{"name":"wp","href":"https:\/\/api.w.org\/{rel}","templated":true}]}}