{"id":119971,"date":"2023-04-22T20:12:00","date_gmt":"2023-04-22T20:12:00","guid":{"rendered":"https:\/\/nabytoklaguna.sk\/sk\/?post_type=product&#038;p=119971"},"modified":"2025-11-10T16:17:18","modified_gmt":"2025-11-10T15:17:18","slug":"dcl-400","status":"publish","type":"product","link":"https:\/\/nabytoklaguna.sk\/sk\/produkt\/dcl-400\/","title":{"rendered":"DCL-400"},"content":{"rendered":"<p>Modern\u00e1 jed\u00e1lensk\u00e1 stoli\u010dka vo farebnom preveden\u00ed: \u0161ed\u00e1 l\u00e1tka, kovov\u00e9 nohy.<\/p>\n<p><strong>Rozmery<\/strong><\/p>\n<p><strong>\u0160xHxV:\u00a0<\/strong>\u00a042x43x97cm<\/p>\n<p><strong>V\u00fd\u0161ka sedu:<\/strong> 47 cm<\/p>\n<p><strong>Nosnos\u0165:<\/strong> 110kg<\/p>\n","protected":false},"excerpt":{"rendered":"<p>Modern\u00e1 jed\u00e1lensk\u00e1 stoli\u010dka vo farebnom preveden\u00ed: \u0161ed\u00e1 l\u00e1tka, kovov\u00e9 nohy. Rozmery \u0160xHxV:\u00a0\u00a042x43x97cm V\u00fd\u0161ka sedu: 47 cm Nosnos\u0165: 110kg<\/p>\n","protected":false},"featured_media":42169,"comment_status":"closed","ping_status":"closed","template":"","meta":{"_seopress_robots_primary_cat":"237","_seopress_titles_title":"","_seopress_titles_desc":"","_seopress_robots_index":""},"product_brand":[],"product_cat":[239,237],"product_tag":[],"class_list":{"0":"post-119971","1":"product","2":"type-product","3":"status-publish","4":"has-post-thumbnail","6":"product_cat-kovove-stolicky","7":"product_cat-stolicky","9":"first","10":"onbackorder","11":"shipping-taxable","12":"purchasable","13":"product-type-simple"},"_links":{"self":[{"href":"https:\/\/nabytoklaguna.sk\/sk\/wp-json\/wp\/v2\/product\/119971","targetHints":{"allow":["GET"]}}],"collection":[{"href":"https:\/\/nabytoklaguna.sk\/sk\/wp-json\/wp\/v2\/product"}],"about":[{"href":"https:\/\/nabytoklaguna.sk\/sk\/wp-json\/wp\/v2\/types\/product"}],"replies":[{"embeddable":true,"href":"https:\/\/nabytoklaguna.sk\/sk\/wp-json\/wp\/v2\/comments?post=119971"}],"wp:featuredmedia":[{"embeddable":true,"href":"https:\/\/nabytoklaguna.sk\/sk\/wp-json\/wp\/v2\/media\/42169"}],"wp:attachment":[{"href":"https:\/\/nabytoklaguna.sk\/sk\/wp-json\/wp\/v2\/media?parent=119971"}],"wp:term":[{"taxonomy":"product_brand","embeddable":true,"href":"https:\/\/nabytoklaguna.sk\/sk\/wp-json\/wp\/v2\/product_brand?post=119971"},{"taxonomy":"product_cat","embeddable":true,"href":"https:\/\/nabytoklaguna.sk\/sk\/wp-json\/wp\/v2\/product_cat?post=119971"},{"taxonomy":"product_tag","embeddable":true,"href":"https:\/\/nabytoklaguna.sk\/sk\/wp-json\/wp\/v2\/product_tag?post=119971"}],"curies":[{"name":"wp","href":"https:\/\/api.w.org\/{rel}","templated":true}]}}