{"id":119972,"date":"2023-04-22T20:12:00","date_gmt":"2023-04-22T20:12:00","guid":{"rendered":"https:\/\/nabytoklaguna.sk\/sk\/?post_type=product&#038;p=119972"},"modified":"2023-08-23T17:24:23","modified_gmt":"2023-08-23T15:24:23","slug":"aut-at-4005","status":"publish","type":"product","link":"https:\/\/nabytoklaguna.sk\/sk\/produkt\/aut-at-4005\/","title":{"rendered":"AUT AT-4005"},"content":{"rendered":"<p>Modern\u00fd pevn\u00fd jed\u00e1lensk\u00fd st\u00f4l vyroben\u00fd z kvalitnej MDF dosky vo farebnom preveden\u00ed:biely+siv\u00fd vysok\u00fd lesk. Poh\u013ead up\u00fata aj neobvykl\u00e1 stredov\u00e1 noha,rozmer nohy je 15&#215;10 cm.Podstavec je z MDF bielej farby vo vysokom lesku<\/p>\n<p>ROZMER<\/p>\n<p>\u0160\u00edrka: 140 cm<\/p>\n<p>H\u013abka: 80 cm<\/p>\n<p>V\u00fd\u0161ka: 75 cm<\/p>\n<p>Dod\u00e1van\u00e9 v demonte<\/p>\n","protected":false},"excerpt":{"rendered":"<p>Modern\u00fd pevn\u00fd jed\u00e1lensk\u00fd st\u00f4l vyroben\u00fd z kvalitnej MDF dosky vo farebnom preveden\u00ed:biely+siv\u00fd vysok\u00fd lesk. Poh\u013ead up\u00fata aj neobvykl\u00e1 stredov\u00e1 noha,rozmer nohy je 15&#215;10 cm.Podstavec je z MDF bielej farby vo vysokom lesku ROZMER \u0160\u00edrka: 140 cm H\u013abka: 80 cm V\u00fd\u0161ka: 75 cm Dod\u00e1van\u00e9 v demonte<\/p>\n","protected":false},"featured_media":42187,"comment_status":"closed","ping_status":"closed","template":"","meta":{"_seopress_robots_primary_cat":"243","_seopress_titles_title":"","_seopress_titles_desc":"","_seopress_robots_index":""},"product_brand":[],"product_cat":[4720,243],"product_tag":[],"class_list":{"0":"post-119972","1":"product","2":"type-product","3":"status-publish","4":"has-post-thumbnail","6":"product_cat-jedalenske-stoly-stoly","7":"product_cat-stoly","9":"first","10":"onbackorder","11":"shipping-taxable","12":"purchasable","13":"product-type-simple"},"_links":{"self":[{"href":"https:\/\/nabytoklaguna.sk\/sk\/wp-json\/wp\/v2\/product\/119972","targetHints":{"allow":["GET"]}}],"collection":[{"href":"https:\/\/nabytoklaguna.sk\/sk\/wp-json\/wp\/v2\/product"}],"about":[{"href":"https:\/\/nabytoklaguna.sk\/sk\/wp-json\/wp\/v2\/types\/product"}],"replies":[{"embeddable":true,"href":"https:\/\/nabytoklaguna.sk\/sk\/wp-json\/wp\/v2\/comments?post=119972"}],"wp:featuredmedia":[{"embeddable":true,"href":"https:\/\/nabytoklaguna.sk\/sk\/wp-json\/wp\/v2\/media\/42187"}],"wp:attachment":[{"href":"https:\/\/nabytoklaguna.sk\/sk\/wp-json\/wp\/v2\/media?parent=119972"}],"wp:term":[{"taxonomy":"product_brand","embeddable":true,"href":"https:\/\/nabytoklaguna.sk\/sk\/wp-json\/wp\/v2\/product_brand?post=119972"},{"taxonomy":"product_cat","embeddable":true,"href":"https:\/\/nabytoklaguna.sk\/sk\/wp-json\/wp\/v2\/product_cat?post=119972"},{"taxonomy":"product_tag","embeddable":true,"href":"https:\/\/nabytoklaguna.sk\/sk\/wp-json\/wp\/v2\/product_tag?post=119972"}],"curies":[{"name":"wp","href":"https:\/\/api.w.org\/{rel}","templated":true}]}}