{"id":119973,"date":"2023-04-22T20:12:00","date_gmt":"2023-04-22T20:12:00","guid":{"rendered":"https:\/\/nabytoklaguna.sk\/sk\/?post_type=product&#038;p=119973"},"modified":"2026-01-01T00:45:10","modified_gmt":"2025-12-31T23:45:10","slug":"ka-g196-sil2","status":"publish","type":"product","link":"https:\/\/nabytoklaguna.sk\/sk\/produkt\/ka-g196-sil2\/","title":{"rendered":"KA-G196 SIL2"},"content":{"rendered":"<p>Modern\u00e9 v\u00fd\u0161kovo nastavite\u013en\u00e9 kancel\u00e1rske kreslo m\u00e1 hojdac\u00ed mechanizmus, plastov\u00e9 podr\u00fa\u010dky a kr\u00ed\u017e.Je vo farebnom preveden\u00ed:<\/p>\n<ul>\n<li>striebornosiv\u00e1 l\u00e1tka s pre\u0161\u00edvan\u00edm<\/li>\n<\/ul>\n<p>&nbsp;<\/p>\n<p><strong>Rozmery<\/strong><\/p>\n<p><strong>\u0160xHxV:\u00a0<\/strong>53x50x116-124cm<\/p>\n<p><strong>V\u00fd\u0161ka sedu:<\/strong> 48-56 cm<\/p>\n<p><strong>Nosnos\u0165:\u00a0<\/strong>120kg<\/p>\n","protected":false},"excerpt":{"rendered":"<p>Modern\u00e9 v\u00fd\u0161kovo nastavite\u013en\u00e9 kancel\u00e1rske kreslo m\u00e1 hojdac\u00ed mechanizmus, plastov\u00e9 podr\u00fa\u010dky a kr\u00ed\u017e.Je vo farebnom preveden\u00ed: striebornosiv\u00e1 l\u00e1tka s pre\u0161\u00edvan\u00edm &nbsp; Rozmery \u0160xHxV:\u00a053x50x116-124cm V\u00fd\u0161ka sedu: 48-56 cm Nosnos\u0165:\u00a0120kg<\/p>\n","protected":false},"featured_media":42237,"comment_status":"closed","ping_status":"closed","template":"","meta":{"_seopress_robots_primary_cat":"242","_seopress_titles_title":"","_seopress_titles_desc":"","_seopress_robots_index":""},"product_brand":[],"product_cat":[242,237],"product_tag":[],"class_list":{"0":"post-119973","1":"product","2":"type-product","3":"status-publish","4":"has-post-thumbnail","6":"product_cat-kancelarske-stolicky","7":"product_cat-stolicky","9":"first","10":"onbackorder","11":"shipping-taxable","12":"purchasable","13":"product-type-simple"},"_links":{"self":[{"href":"https:\/\/nabytoklaguna.sk\/sk\/wp-json\/wp\/v2\/product\/119973","targetHints":{"allow":["GET"]}}],"collection":[{"href":"https:\/\/nabytoklaguna.sk\/sk\/wp-json\/wp\/v2\/product"}],"about":[{"href":"https:\/\/nabytoklaguna.sk\/sk\/wp-json\/wp\/v2\/types\/product"}],"replies":[{"embeddable":true,"href":"https:\/\/nabytoklaguna.sk\/sk\/wp-json\/wp\/v2\/comments?post=119973"}],"wp:featuredmedia":[{"embeddable":true,"href":"https:\/\/nabytoklaguna.sk\/sk\/wp-json\/wp\/v2\/media\/42237"}],"wp:attachment":[{"href":"https:\/\/nabytoklaguna.sk\/sk\/wp-json\/wp\/v2\/media?parent=119973"}],"wp:term":[{"taxonomy":"product_brand","embeddable":true,"href":"https:\/\/nabytoklaguna.sk\/sk\/wp-json\/wp\/v2\/product_brand?post=119973"},{"taxonomy":"product_cat","embeddable":true,"href":"https:\/\/nabytoklaguna.sk\/sk\/wp-json\/wp\/v2\/product_cat?post=119973"},{"taxonomy":"product_tag","embeddable":true,"href":"https:\/\/nabytoklaguna.sk\/sk\/wp-json\/wp\/v2\/product_tag?post=119973"}],"curies":[{"name":"wp","href":"https:\/\/api.w.org\/{rel}","templated":true}]}}