{"id":119974,"date":"2023-04-22T20:12:00","date_gmt":"2023-04-22T20:12:00","guid":{"rendered":"https:\/\/nabytoklaguna.sk\/sk\/?post_type=product&#038;p=119974"},"modified":"2026-01-01T00:45:10","modified_gmt":"2025-12-31T23:45:10","slug":"ka-g303-sil2","status":"publish","type":"product","link":"https:\/\/nabytoklaguna.sk\/sk\/produkt\/ka-g303-sil2\/","title":{"rendered":"KA-G303 SIL2"},"content":{"rendered":"<p>Modern\u00e1 kancel\u00e1rska stoli\u010dka \u010dal\u00fanen\u00e1 striebornou mel\u00edrovanou l\u00e1tkou. Sedadlo i operadlo s\u00fa\u00a0 \u0161t\u00fdlovo tvarovan\u00e9 s elegantn\u00fdm pre\u0161it\u00edm. Ruky si m\u00f4\u017eete pohodlne oprie\u0165 o odkl\u00e1pacie plastov\u00e9 podr\u00fa\u010dky striebornej farby \u010dal\u00fanen\u00e9 extra jemnou l\u00e1tkou. Stoli\u010dka je v\u00fd\u0161kovo nastavite\u013en\u00e1, so synchr\u00f3nnym mechanizmom a prednou skrutkou upravuj\u00facou tuhos\u0165 pohupu. Stoli\u010dka m\u00e1 tie\u017e aj \u013eahko um\u00fdvate\u013en\u00fd, tvrden\u00fd, plastov\u00fd kr\u00ed\u017e striebornej farby s \u010diernymi proti\u0161mykov\u00fdmi prvkami a plastov\u00fdmi kolieskami vhodn\u00fdmi na tvrd\u00e9 typy podl\u00e1h (dla\u017eba, parkety, pl\u00e1vaj\u00face podlahy a pod.)<\/p>\n<p>ROZMER<\/p>\n<p>\u0160\u00edrka: 70 cm<\/p>\n<p>H\u013abka: 68 cm<\/p>\n<p>V\u00fd\u0161ka: 104-114 cm<\/p>\n<p>\u0160\u00edrka sedu: 52 cm<\/p>\n<p>H\u013abka sedu: 50 cm<\/p>\n<p>V\u00fd\u0161ka sedu: 45-55 cm<\/p>\n","protected":false},"excerpt":{"rendered":"<p>Modern\u00e1 kancel\u00e1rska stoli\u010dka \u010dal\u00fanen\u00e1 striebornou mel\u00edrovanou l\u00e1tkou. Sedadlo i operadlo s\u00fa\u00a0 \u0161t\u00fdlovo tvarovan\u00e9 s elegantn\u00fdm pre\u0161it\u00edm. Ruky si m\u00f4\u017eete pohodlne oprie\u0165 o odkl\u00e1pacie plastov\u00e9 podr\u00fa\u010dky striebornej farby \u010dal\u00fanen\u00e9 extra jemnou l\u00e1tkou. Stoli\u010dka je v\u00fd\u0161kovo nastavite\u013en\u00e1, so synchr\u00f3nnym mechanizmom a prednou skrutkou upravuj\u00facou tuhos\u0165 pohupu. Stoli\u010dka m\u00e1 tie\u017e aj \u013eahko um\u00fdvate\u013en\u00fd, tvrden\u00fd, plastov\u00fd kr\u00ed\u017e striebornej farby&#8230;<\/p>\n","protected":false},"featured_media":42244,"comment_status":"closed","ping_status":"closed","template":"","meta":{"_seopress_robots_primary_cat":"237","_seopress_titles_title":"","_seopress_titles_desc":"","_seopress_robots_index":""},"product_brand":[],"product_cat":[242,237],"product_tag":[],"class_list":{"0":"post-119974","1":"product","2":"type-product","3":"status-publish","4":"has-post-thumbnail","6":"product_cat-kancelarske-stolicky","7":"product_cat-stolicky","9":"first","10":"onbackorder","11":"shipping-taxable","12":"purchasable","13":"product-type-simple"},"_links":{"self":[{"href":"https:\/\/nabytoklaguna.sk\/sk\/wp-json\/wp\/v2\/product\/119974","targetHints":{"allow":["GET"]}}],"collection":[{"href":"https:\/\/nabytoklaguna.sk\/sk\/wp-json\/wp\/v2\/product"}],"about":[{"href":"https:\/\/nabytoklaguna.sk\/sk\/wp-json\/wp\/v2\/types\/product"}],"replies":[{"embeddable":true,"href":"https:\/\/nabytoklaguna.sk\/sk\/wp-json\/wp\/v2\/comments?post=119974"}],"wp:featuredmedia":[{"embeddable":true,"href":"https:\/\/nabytoklaguna.sk\/sk\/wp-json\/wp\/v2\/media\/42244"}],"wp:attachment":[{"href":"https:\/\/nabytoklaguna.sk\/sk\/wp-json\/wp\/v2\/media?parent=119974"}],"wp:term":[{"taxonomy":"product_brand","embeddable":true,"href":"https:\/\/nabytoklaguna.sk\/sk\/wp-json\/wp\/v2\/product_brand?post=119974"},{"taxonomy":"product_cat","embeddable":true,"href":"https:\/\/nabytoklaguna.sk\/sk\/wp-json\/wp\/v2\/product_cat?post=119974"},{"taxonomy":"product_tag","embeddable":true,"href":"https:\/\/nabytoklaguna.sk\/sk\/wp-json\/wp\/v2\/product_tag?post=119974"}],"curies":[{"name":"wp","href":"https:\/\/api.w.org\/{rel}","templated":true}]}}