{"id":119975,"date":"2023-04-22T20:12:00","date_gmt":"2023-04-22T20:12:00","guid":{"rendered":"https:\/\/nabytoklaguna.sk\/sk\/?post_type=product&#038;p=119975"},"modified":"2025-10-28T13:28:09","modified_gmt":"2025-10-28T12:28:09","slug":"ka-g406-grey","status":"publish","type":"product","link":"https:\/\/nabytoklaguna.sk\/sk\/produkt\/ka-g406-grey\/","title":{"rendered":"KA-G406"},"content":{"rendered":"<p>Modern\u00e9 kancel\u00e1rske kreslo \u010dal\u00fanen\u00e9 ekoko\u017eou s kombin\u00e1ciou l\u00e1tky MESH.\u00a0Sed\u00e1k aj operadlo m\u00e1j\u00fa prvky tmavo \u0161edej l\u00e1tky MESH.\u00a0Ruky si m\u00f4\u017eete pohodlne oprie\u0165 o pevn\u00e9 plastov\u00e9 podr\u00fa\u010dky. Stoli\u010dka m\u00e1 \u010dierny, pevn\u00fd , plastov\u00fd kr\u00ed\u017e s proti\u0161mykov\u00fdmi prvkami a plastov\u00fdmi kolieskami vhodn\u00fdmi na tvrd\u00e9 typy podl\u00e1h (dla\u017eba, parkety, pl\u00e1vaj\u00face podlahy a pod.).\u00a0Stoli\u010dka je v\u00fd\u0161kovo nastavite\u013en\u00e1, s hojdac\u00edm mechanizmom a prednou skrutkou upravuj\u00facou tuhos\u0165 pohupu<\/p>\n<p>ROZMER<\/p>\n<p>\u0161\u00edrka: 66 cm<\/p>\n<p>h\u013abka: 73 cm<\/p>\n<p>v\u00fd\u0161ka: 115-122 cm<\/p>\n<p>\u0161\u00edrka sedu: 51 cm<\/p>\n<p>h\u013abka sedu: 50 cm<\/p>\n<p>v\u00fd\u0161ka sedu: 42-49 cm<\/p>\n<p>nosnos\u0165: 120 kg<\/p>\n<p>Dod\u00e1van\u00e9 v demonte<\/p>\n<p><strong>Hmotnos\u0165:<\/strong>\u00a018 kg<\/p>\n","protected":false},"excerpt":{"rendered":"<p>Modern\u00e9 kancel\u00e1rske kreslo \u010dal\u00fanen\u00e9 ekoko\u017eou s kombin\u00e1ciou l\u00e1tky MESH.\u00a0Sed\u00e1k aj operadlo m\u00e1j\u00fa prvky tmavo \u0161edej l\u00e1tky MESH.\u00a0Ruky si m\u00f4\u017eete pohodlne oprie\u0165 o pevn\u00e9 plastov\u00e9 podr\u00fa\u010dky. Stoli\u010dka m\u00e1 \u010dierny, pevn\u00fd , plastov\u00fd kr\u00ed\u017e s proti\u0161mykov\u00fdmi prvkami a plastov\u00fdmi kolieskami vhodn\u00fdmi na tvrd\u00e9 typy podl\u00e1h (dla\u017eba, parkety, pl\u00e1vaj\u00face podlahy a pod.).\u00a0Stoli\u010dka je v\u00fd\u0161kovo nastavite\u013en\u00e1, s hojdac\u00edm mechanizmom&#8230;<\/p>\n","protected":false},"featured_media":42251,"comment_status":"closed","ping_status":"closed","template":"","meta":{"_seopress_robots_primary_cat":"237","_seopress_titles_title":"","_seopress_titles_desc":"","_seopress_robots_index":""},"product_brand":[],"product_cat":[242,237],"product_tag":[],"class_list":{"0":"post-119975","1":"product","2":"type-product","3":"status-publish","4":"has-post-thumbnail","6":"product_cat-kancelarske-stolicky","7":"product_cat-stolicky","8":"pa_farba-grey2","9":"pa_farba-red4","11":"first","12":"onbackorder","13":"shipping-taxable","14":"purchasable","15":"product-type-variable"},"_links":{"self":[{"href":"https:\/\/nabytoklaguna.sk\/sk\/wp-json\/wp\/v2\/product\/119975","targetHints":{"allow":["GET"]}}],"collection":[{"href":"https:\/\/nabytoklaguna.sk\/sk\/wp-json\/wp\/v2\/product"}],"about":[{"href":"https:\/\/nabytoklaguna.sk\/sk\/wp-json\/wp\/v2\/types\/product"}],"replies":[{"embeddable":true,"href":"https:\/\/nabytoklaguna.sk\/sk\/wp-json\/wp\/v2\/comments?post=119975"}],"wp:featuredmedia":[{"embeddable":true,"href":"https:\/\/nabytoklaguna.sk\/sk\/wp-json\/wp\/v2\/media\/42251"}],"wp:attachment":[{"href":"https:\/\/nabytoklaguna.sk\/sk\/wp-json\/wp\/v2\/media?parent=119975"}],"wp:term":[{"taxonomy":"product_brand","embeddable":true,"href":"https:\/\/nabytoklaguna.sk\/sk\/wp-json\/wp\/v2\/product_brand?post=119975"},{"taxonomy":"product_cat","embeddable":true,"href":"https:\/\/nabytoklaguna.sk\/sk\/wp-json\/wp\/v2\/product_cat?post=119975"},{"taxonomy":"product_tag","embeddable":true,"href":"https:\/\/nabytoklaguna.sk\/sk\/wp-json\/wp\/v2\/product_tag?post=119975"}],"curies":[{"name":"wp","href":"https:\/\/api.w.org\/{rel}","templated":true}]}}