{"id":119985,"date":"2023-04-22T20:12:00","date_gmt":"2023-04-22T20:12:00","guid":{"rendered":"https:\/\/nabytoklaguna.sk\/sk\/?post_type=product&#038;p=119985"},"modified":"2023-08-23T17:24:23","modified_gmt":"2023-08-23T15:24:23","slug":"es-karmen-3-skrina","status":"publish","type":"product","link":"https:\/\/nabytoklaguna.sk\/sk\/produkt\/es-karmen-3-skrina\/","title":{"rendered":"ES KARMEN-3 skri\u0148a"},"content":{"rendered":"<p><strong>KARMEN-3<\/strong>\u00a0je 3 dverov\u00e1 ve\u0161iakov\u00e1 skri\u0148a s posuvn\u00fdmi dverami. Je rozdelen\u00e1 na 3 \u010dasti. V \u013eavej polovici sa nach\u00e1dza ty\u010d na ve\u0161anie, v strednej \u010dasti 4 poli\u010dky, v pravej polovici ty\u010d na ve\u0161anie a 3 z\u00e1suvky.\u00a0 Kovanie: Sevroll -Micra.\u00a0Kvalitn\u00fd<strong>\u00a0SLOVENSK\u00dd V\u00ddROBOK\u00a0<\/strong>s mo\u017enos\u0165ou nakombinova\u0165 si farebn\u00e9 prevedenie z 30 dekorov DTDL pod\u013ea ponuky. Materi\u00e1l korpusu: DTDL+ ABS hrana 0,5 mm. Materi\u00e1l dvierok: DTDL 18mm + ABS hrana 2,0 mm. Farebn\u00e9 prevedenie pros\u00edm uvies\u0165 do pozn\u00e1mky, alebo n\u00e1s kontaktujte.<strong>\u00a0<\/strong><\/p>\n<p><strong>Rozmer<\/strong><\/p>\n<p><strong>\u0160xHxV:<\/strong>\u00a0239x60x220cm<\/p>\n","protected":false},"excerpt":{"rendered":"<p>KARMEN-3\u00a0je 3 dverov\u00e1 ve\u0161iakov\u00e1 skri\u0148a s posuvn\u00fdmi dverami. Je rozdelen\u00e1 na 3 \u010dasti. V \u013eavej polovici sa nach\u00e1dza ty\u010d na ve\u0161anie, v strednej \u010dasti 4 poli\u010dky, v pravej polovici ty\u010d na ve\u0161anie a 3 z\u00e1suvky.\u00a0 Kovanie: Sevroll -Micra.\u00a0Kvalitn\u00fd\u00a0SLOVENSK\u00dd V\u00ddROBOK\u00a0s mo\u017enos\u0165ou nakombinova\u0165 si farebn\u00e9 prevedenie z 30 dekorov DTDL pod\u013ea ponuky. Materi\u00e1l korpusu: DTDL+ ABS hrana&#8230;<\/p>\n","protected":false},"featured_media":43439,"comment_status":"closed","ping_status":"closed","template":"","meta":{"_seopress_robots_primary_cat":"223","_seopress_titles_title":"","_seopress_titles_desc":"","_seopress_robots_index":""},"product_brand":[],"product_cat":[1585,223,225],"product_tag":[],"class_list":{"0":"post-119985","1":"product","2":"type-product","3":"status-publish","4":"has-post-thumbnail","6":"product_cat-s-posuvnymi-dverami","7":"product_cat-spalne","8":"product_cat-skrine","10":"first","11":"onbackorder","12":"shipping-taxable","13":"purchasable","14":"product-type-simple"},"_links":{"self":[{"href":"https:\/\/nabytoklaguna.sk\/sk\/wp-json\/wp\/v2\/product\/119985","targetHints":{"allow":["GET"]}}],"collection":[{"href":"https:\/\/nabytoklaguna.sk\/sk\/wp-json\/wp\/v2\/product"}],"about":[{"href":"https:\/\/nabytoklaguna.sk\/sk\/wp-json\/wp\/v2\/types\/product"}],"replies":[{"embeddable":true,"href":"https:\/\/nabytoklaguna.sk\/sk\/wp-json\/wp\/v2\/comments?post=119985"}],"wp:featuredmedia":[{"embeddable":true,"href":"https:\/\/nabytoklaguna.sk\/sk\/wp-json\/wp\/v2\/media\/43439"}],"wp:attachment":[{"href":"https:\/\/nabytoklaguna.sk\/sk\/wp-json\/wp\/v2\/media?parent=119985"}],"wp:term":[{"taxonomy":"product_brand","embeddable":true,"href":"https:\/\/nabytoklaguna.sk\/sk\/wp-json\/wp\/v2\/product_brand?post=119985"},{"taxonomy":"product_cat","embeddable":true,"href":"https:\/\/nabytoklaguna.sk\/sk\/wp-json\/wp\/v2\/product_cat?post=119985"},{"taxonomy":"product_tag","embeddable":true,"href":"https:\/\/nabytoklaguna.sk\/sk\/wp-json\/wp\/v2\/product_tag?post=119985"}],"curies":[{"name":"wp","href":"https:\/\/api.w.org\/{rel}","templated":true}]}}