{"id":119996,"date":"2023-04-22T20:12:00","date_gmt":"2023-04-22T20:12:00","guid":{"rendered":"https:\/\/nabytoklaguna.sk\/sk\/?post_type=product&#038;p=119996"},"modified":"2023-08-23T17:24:25","modified_gmt":"2023-08-23T15:24:25","slug":"es-sn20-nocny-stolik","status":"publish","type":"product","link":"https:\/\/nabytoklaguna.sk\/sk\/produkt\/es-sn20-nocny-stolik\/","title":{"rendered":"ES SN20 no\u010dn\u00fd stol\u00edk"},"content":{"rendered":"<p>Mal\u00fd no\u010dn\u00fd stol\u00edk je skvel\u00fdm doplnkom do ka\u017edej sp\u00e1lne. M\u00e1 dvoje dvierka a \u00falo\u017en\u00fd priestor nad nimi. Kvalitn\u00fd<strong>\u00a0SLOVENSK\u00dd V\u00ddROBOK\u00a0<\/strong>s mo\u017enos\u0165ou nakombinova\u0165 si farebn\u00e9 prevedenie z 30 dekorov DTDL pod\u013ea ponuky. Materi\u00e1l korpusu: DTDL+ ABS hrana 0,5 mm. Materi\u00e1l dvierok: DTDL 18mm + ABS hrana 2,0 mm. Farebn\u00e9 prevedenie pros\u00edm uvies\u0165 do pozn\u00e1mky, alebo n\u00e1s kontaktujte.<strong>\u00a0<\/strong><\/p>\n<p><strong>Rozmer<\/strong><\/p>\n<p><strong>\u0160xHxV:<\/strong> 45x40x40cm<\/p>\n","protected":false},"excerpt":{"rendered":"<p>Mal\u00fd no\u010dn\u00fd stol\u00edk je skvel\u00fdm doplnkom do ka\u017edej sp\u00e1lne. M\u00e1 dvoje dvierka a \u00falo\u017en\u00fd priestor nad nimi. Kvalitn\u00fd\u00a0SLOVENSK\u00dd V\u00ddROBOK\u00a0s mo\u017enos\u0165ou nakombinova\u0165 si farebn\u00e9 prevedenie z 30 dekorov DTDL pod\u013ea ponuky. Materi\u00e1l korpusu: DTDL+ ABS hrana 0,5 mm. Materi\u00e1l dvierok: DTDL 18mm + ABS hrana 2,0 mm. Farebn\u00e9 prevedenie pros\u00edm uvies\u0165 do pozn\u00e1mky, alebo n\u00e1s kontaktujte.\u00a0&#8230;<\/p>\n","protected":false},"featured_media":43508,"comment_status":"closed","ping_status":"closed","template":"","meta":{"_seopress_robots_primary_cat":"224","_seopress_titles_title":"","_seopress_titles_desc":"","_seopress_robots_index":""},"product_brand":[],"product_cat":[224],"product_tag":[],"class_list":{"0":"post-119996","1":"product","2":"type-product","3":"status-publish","4":"has-post-thumbnail","6":"product_cat-nocne-stoliky","8":"first","9":"onbackorder","10":"shipping-taxable","11":"purchasable","12":"product-type-simple"},"_links":{"self":[{"href":"https:\/\/nabytoklaguna.sk\/sk\/wp-json\/wp\/v2\/product\/119996","targetHints":{"allow":["GET"]}}],"collection":[{"href":"https:\/\/nabytoklaguna.sk\/sk\/wp-json\/wp\/v2\/product"}],"about":[{"href":"https:\/\/nabytoklaguna.sk\/sk\/wp-json\/wp\/v2\/types\/product"}],"replies":[{"embeddable":true,"href":"https:\/\/nabytoklaguna.sk\/sk\/wp-json\/wp\/v2\/comments?post=119996"}],"wp:featuredmedia":[{"embeddable":true,"href":"https:\/\/nabytoklaguna.sk\/sk\/wp-json\/wp\/v2\/media\/43508"}],"wp:attachment":[{"href":"https:\/\/nabytoklaguna.sk\/sk\/wp-json\/wp\/v2\/media?parent=119996"}],"wp:term":[{"taxonomy":"product_brand","embeddable":true,"href":"https:\/\/nabytoklaguna.sk\/sk\/wp-json\/wp\/v2\/product_brand?post=119996"},{"taxonomy":"product_cat","embeddable":true,"href":"https:\/\/nabytoklaguna.sk\/sk\/wp-json\/wp\/v2\/product_cat?post=119996"},{"taxonomy":"product_tag","embeddable":true,"href":"https:\/\/nabytoklaguna.sk\/sk\/wp-json\/wp\/v2\/product_tag?post=119996"}],"curies":[{"name":"wp","href":"https:\/\/api.w.org\/{rel}","templated":true}]}}