{"id":120002,"date":"2023-04-22T20:12:00","date_gmt":"2023-04-22T20:12:00","guid":{"rendered":"https:\/\/nabytoklaguna.sk\/sk\/?post_type=product&#038;p=120002"},"modified":"2025-04-28T12:40:18","modified_gmt":"2025-04-28T10:40:18","slug":"tempo-kondela-lumera","status":"publish","type":"product","link":"https:\/\/nabytoklaguna.sk\/sk\/produkt\/tempo-kondela-lumera\/","title":{"rendered":"K LUMERA"},"content":{"rendered":"<p>Elegantn\u00e1 sp\u00e1l\u0148ov\u00e1 zostava v provens\u00e1lskom \u0161t\u00fdle.<\/p>\n<p>K n\u00e1bytku je mo\u017en\u00e9 dok\u00fapi\u0165 \u010fal\u0161ie komponenty zo sp\u00e1l\u0148ov\u00e9ho kompletu LUMERA.<\/p>\n<p>Sp\u00e1l\u0148ov\u00e1 zostava v provens\u00e1lskom \u0161t\u00fdle, materi\u00e1l DTD f\u00f3liovan\u00e1, farebn\u00e9 prevedenie: p\u00ednia biela \/dub sonoma truflov\u00fd. Poste\u013e je dod\u00e1van\u00e1 s \u00falo\u017en\u00fdm priestorom (2 z\u00e1suvky) a s dvomi no\u010dn\u00fdmi stol\u00edkmi.<\/p>\n<p>Vonkaj\u0161ie rozmery (cm): (\u0160xDxV): 186x205x91<\/p>\n<p>Plocha na spanie (cm): 180&#215;200<\/p>\n<p>Poste\u013e dod\u00e1van\u00e1 bez ro\u0161tu a matraca<\/p>\n<p>No\u010dn\u00fd stol\u00edk (cm): \u0160xHxV: 60x42x49<\/p>\n<p>Poste\u013e 180&#215;200 s \u00falo\u017en\u00fdm priestorom + 2ks no\u010dn\u00fd stol\u00edk &#8211; 468<strong>\u00a0\u20ac<\/strong><\/p>\n<p>5-dverov\u00e1 skri\u0148a (3 dvere so zrkadlom) (cm): \u0160xHxV: 241x62x212 &#8211; 748<strong>\u00a0\u20ac<\/strong><\/p>\n<p>Komoda (cm): \u0160xHxV: 150x42x90 &#8211; 348<strong>\u00a0\u20ac<\/strong><\/p>\n<p>K posteli odpor\u00fa\u010dame zak\u00fapi\u0165 ro\u0161t a matrac 180&#215;200 cm.<\/p>\n<p><strong>Komplet obsahuje: Skri\u0148a+poste\u013e+2xno\u010dn\u00fd stol\u00edk<\/strong><\/p>\n","protected":false},"excerpt":{"rendered":"<p>Elegantn\u00e1 sp\u00e1l\u0148ov\u00e1 zostava v provens\u00e1lskom \u0161t\u00fdle. K n\u00e1bytku je mo\u017en\u00e9 dok\u00fapi\u0165 \u010fal\u0161ie komponenty zo sp\u00e1l\u0148ov\u00e9ho kompletu LUMERA. Sp\u00e1l\u0148ov\u00e1 zostava v provens\u00e1lskom \u0161t\u00fdle, materi\u00e1l DTD f\u00f3liovan\u00e1, farebn\u00e9 prevedenie: p\u00ednia biela \/dub sonoma truflov\u00fd. Poste\u013e je dod\u00e1van\u00e1 s \u00falo\u017en\u00fdm priestorom (2 z\u00e1suvky) a s dvomi no\u010dn\u00fdmi stol\u00edkmi. Vonkaj\u0161ie rozmery (cm): (\u0160xDxV): 186x205x91 Plocha na spanie (cm): 180&#215;200&#8230;<\/p>\n","protected":false},"featured_media":46510,"comment_status":"closed","ping_status":"closed","template":"","meta":{"_seopress_robots_primary_cat":"615","_seopress_titles_title":"","_seopress_titles_desc":"","_seopress_robots_index":""},"product_brand":[],"product_cat":[615],"product_tag":[],"class_list":{"0":"post-120002","1":"product","2":"type-product","3":"status-publish","4":"has-post-thumbnail","6":"product_cat-spalnove-komplety","8":"first","9":"onbackorder","10":"shipping-taxable","11":"purchasable","12":"product-type-simple"},"_links":{"self":[{"href":"https:\/\/nabytoklaguna.sk\/sk\/wp-json\/wp\/v2\/product\/120002","targetHints":{"allow":["GET"]}}],"collection":[{"href":"https:\/\/nabytoklaguna.sk\/sk\/wp-json\/wp\/v2\/product"}],"about":[{"href":"https:\/\/nabytoklaguna.sk\/sk\/wp-json\/wp\/v2\/types\/product"}],"replies":[{"embeddable":true,"href":"https:\/\/nabytoklaguna.sk\/sk\/wp-json\/wp\/v2\/comments?post=120002"}],"wp:featuredmedia":[{"embeddable":true,"href":"https:\/\/nabytoklaguna.sk\/sk\/wp-json\/wp\/v2\/media\/46510"}],"wp:attachment":[{"href":"https:\/\/nabytoklaguna.sk\/sk\/wp-json\/wp\/v2\/media?parent=120002"}],"wp:term":[{"taxonomy":"product_brand","embeddable":true,"href":"https:\/\/nabytoklaguna.sk\/sk\/wp-json\/wp\/v2\/product_brand?post=120002"},{"taxonomy":"product_cat","embeddable":true,"href":"https:\/\/nabytoklaguna.sk\/sk\/wp-json\/wp\/v2\/product_cat?post=120002"},{"taxonomy":"product_tag","embeddable":true,"href":"https:\/\/nabytoklaguna.sk\/sk\/wp-json\/wp\/v2\/product_tag?post=120002"}],"curies":[{"name":"wp","href":"https:\/\/api.w.org\/{rel}","templated":true}]}}