{"id":120003,"date":"2023-04-22T20:12:00","date_gmt":"2023-04-22T20:12:00","guid":{"rendered":"https:\/\/nabytoklaguna.sk\/sk\/?post_type=product&#038;p=120003"},"modified":"2025-04-28T12:09:33","modified_gmt":"2025-04-28T10:09:33","slug":"gabriela","status":"publish","type":"product","link":"https:\/\/nabytoklaguna.sk\/sk\/produkt\/gabriela\/","title":{"rendered":"TK SP\u00c1L\u0147A GABRIELA"},"content":{"rendered":"<p>Elegantn\u00fd <strong>sp\u00e1l\u0148ov\u00fd komplet<\/strong> \/skri\u0148a + poste\u013e 180&#215;200 + 2ks no\u010dn\u00fd stol\u00edk\/.\u00a0 Prevedenie: <strong>dub wotan \/biela<\/strong>,\u00a0 materi\u00e1l: <strong>DTD laminovan\u00e1, <\/strong>poste\u013e dod\u00e1van\u00e1 bez ro\u0161tu a matraca. K posteli odpor\u00fa\u010dame zak\u00fapi\u0165 ro\u0161t Monna v pevnom r\u00e1me a matrac o rozmere 180&#215;200 cm.<\/p>\n<p>Cena za komplet obsahuje: skri\u0148a+poste\u013e 180&#215;200+2x no\u010dn\u00fd stol\u00edk<\/p>\n<p>Rozmery (cm): \u0160xVxH:<\/p>\n<p>Skri\u0148a: 201,6x200x62<\/p>\n<p>Poste\u013e (180&#215;200): 183,6x90x203,2\u00a0 \u00a0<strong>\u00a0<\/strong><\/p>\n<p>Poste\u013e (160&#215;200): 163,6x90x203,2\u00a0<strong>\u00a0 \u00a0<\/strong><\/p>\n<p>No\u010dn\u00fd stol\u00edk 2 ks: 41,8x40x38, 2ks<\/p>\n<p>Mo\u017enos\u0165 dok\u00fapi\u0165 3 ks police do skrine v bielom preveden\u00ed \u0160xVxH: 98,4&#215;2,2&#215;42 v cene<strong> 59\u00a0\u20ac<\/strong><\/p>\n<p>Mo\u017enos\u0165 dok\u00fapi\u0165 <strong>komodu\u00a0<\/strong> v rozmere\u00a0 (\u0160xHxV): 120x38x80 cm\u00a0 v cene<strong> 139 \u20ac<\/strong><\/p>\n<p>&nbsp;<\/p>\n","protected":false},"excerpt":{"rendered":"<p>Elegantn\u00fd sp\u00e1l\u0148ov\u00fd komplet \/skri\u0148a + poste\u013e 180&#215;200 + 2ks no\u010dn\u00fd stol\u00edk\/.\u00a0 Prevedenie: dub wotan \/biela,\u00a0 materi\u00e1l: DTD laminovan\u00e1, poste\u013e dod\u00e1van\u00e1 bez ro\u0161tu a matraca. K posteli odpor\u00fa\u010dame zak\u00fapi\u0165 ro\u0161t Monna v pevnom r\u00e1me a matrac o rozmere 180&#215;200 cm. Cena za komplet obsahuje: skri\u0148a+poste\u013e 180&#215;200+2x no\u010dn\u00fd stol\u00edk Rozmery (cm): \u0160xVxH: Skri\u0148a: 201,6x200x62 Poste\u013e (180&#215;200): 183,6x90x203,2\u00a0&#8230;<\/p>\n","protected":false},"featured_media":46518,"comment_status":"closed","ping_status":"closed","template":"","meta":{"_seopress_robots_primary_cat":"615","_seopress_titles_title":"","_seopress_titles_desc":"","_seopress_robots_index":""},"product_brand":[],"product_cat":[615],"product_tag":[],"class_list":{"0":"post-120003","1":"product","2":"type-product","3":"status-publish","4":"has-post-thumbnail","6":"product_cat-spalnove-komplety","8":"first","9":"onbackorder","10":"shipping-taxable","11":"purchasable","12":"product-type-simple"},"_links":{"self":[{"href":"https:\/\/nabytoklaguna.sk\/sk\/wp-json\/wp\/v2\/product\/120003","targetHints":{"allow":["GET"]}}],"collection":[{"href":"https:\/\/nabytoklaguna.sk\/sk\/wp-json\/wp\/v2\/product"}],"about":[{"href":"https:\/\/nabytoklaguna.sk\/sk\/wp-json\/wp\/v2\/types\/product"}],"replies":[{"embeddable":true,"href":"https:\/\/nabytoklaguna.sk\/sk\/wp-json\/wp\/v2\/comments?post=120003"}],"wp:featuredmedia":[{"embeddable":true,"href":"https:\/\/nabytoklaguna.sk\/sk\/wp-json\/wp\/v2\/media\/46518"}],"wp:attachment":[{"href":"https:\/\/nabytoklaguna.sk\/sk\/wp-json\/wp\/v2\/media?parent=120003"}],"wp:term":[{"taxonomy":"product_brand","embeddable":true,"href":"https:\/\/nabytoklaguna.sk\/sk\/wp-json\/wp\/v2\/product_brand?post=120003"},{"taxonomy":"product_cat","embeddable":true,"href":"https:\/\/nabytoklaguna.sk\/sk\/wp-json\/wp\/v2\/product_cat?post=120003"},{"taxonomy":"product_tag","embeddable":true,"href":"https:\/\/nabytoklaguna.sk\/sk\/wp-json\/wp\/v2\/product_tag?post=120003"}],"curies":[{"name":"wp","href":"https:\/\/api.w.org\/{rel}","templated":true}]}}