{"id":120004,"date":"2023-04-22T20:12:00","date_gmt":"2023-04-22T20:12:00","guid":{"rendered":"https:\/\/nabytoklaguna.sk\/sk\/?post_type=product&#038;p=120004"},"modified":"2023-11-30T13:40:43","modified_gmt":"2023-11-30T12:40:43","slug":"tempo-kondela-gabriela-skrina","status":"publish","type":"product","link":"https:\/\/nabytoklaguna.sk\/sk\/produkt\/tempo-kondela-gabriela-skrina\/","title":{"rendered":"TK GABRIELA &#8211; Skri\u0148a"},"content":{"rendered":"<p>Materi\u00e1l: laminovan\u00e1 DTD<\/p>\n<p>Farba: dub wotan \/biela<\/p>\n<p>Rozmery (cm):\u0160xHxV: 201,6x62x200 cm<\/p>\n<p>Pos\u00favacie dvere<\/p>\n<p>Ve\u0161iakov\u00e1 skri\u0148a s policou nad ve\u0161iakovou ty\u010dou<\/p>\n<p>Kvalitn\u00fd slovensk\u00fd v\u00fdrobok<\/p>\n<p>&nbsp;<\/p>\n","protected":false},"excerpt":{"rendered":"<p>Materi\u00e1l: laminovan\u00e1 DTD Farba: dub wotan \/biela Rozmery (cm):\u0160xHxV: 201,6x62x200 cm Pos\u00favacie dvere Ve\u0161iakov\u00e1 skri\u0148a s policou nad ve\u0161iakovou ty\u010dou Kvalitn\u00fd slovensk\u00fd v\u00fdrobok &nbsp;<\/p>\n","protected":false},"featured_media":46523,"comment_status":"closed","ping_status":"closed","template":"","meta":{"_seopress_robots_primary_cat":"225","_seopress_titles_title":"","_seopress_titles_desc":"","_seopress_robots_index":""},"product_brand":[],"product_cat":[1585,225],"product_tag":[],"class_list":{"0":"post-120004","1":"product","2":"type-product","3":"status-publish","4":"has-post-thumbnail","6":"product_cat-s-posuvnymi-dverami","7":"product_cat-skrine","9":"first","10":"onbackorder","11":"shipping-taxable","12":"purchasable","13":"product-type-simple"},"_links":{"self":[{"href":"https:\/\/nabytoklaguna.sk\/sk\/wp-json\/wp\/v2\/product\/120004","targetHints":{"allow":["GET"]}}],"collection":[{"href":"https:\/\/nabytoklaguna.sk\/sk\/wp-json\/wp\/v2\/product"}],"about":[{"href":"https:\/\/nabytoklaguna.sk\/sk\/wp-json\/wp\/v2\/types\/product"}],"replies":[{"embeddable":true,"href":"https:\/\/nabytoklaguna.sk\/sk\/wp-json\/wp\/v2\/comments?post=120004"}],"wp:featuredmedia":[{"embeddable":true,"href":"https:\/\/nabytoklaguna.sk\/sk\/wp-json\/wp\/v2\/media\/46523"}],"wp:attachment":[{"href":"https:\/\/nabytoklaguna.sk\/sk\/wp-json\/wp\/v2\/media?parent=120004"}],"wp:term":[{"taxonomy":"product_brand","embeddable":true,"href":"https:\/\/nabytoklaguna.sk\/sk\/wp-json\/wp\/v2\/product_brand?post=120004"},{"taxonomy":"product_cat","embeddable":true,"href":"https:\/\/nabytoklaguna.sk\/sk\/wp-json\/wp\/v2\/product_cat?post=120004"},{"taxonomy":"product_tag","embeddable":true,"href":"https:\/\/nabytoklaguna.sk\/sk\/wp-json\/wp\/v2\/product_tag?post=120004"}],"curies":[{"name":"wp","href":"https:\/\/api.w.org\/{rel}","templated":true}]}}