{"id":120012,"date":"2023-04-22T20:12:00","date_gmt":"2023-04-22T20:12:00","guid":{"rendered":"https:\/\/nabytoklaguna.sk\/sk\/?post_type=product&#038;p=120012"},"modified":"2023-08-23T17:24:26","modified_gmt":"2023-08-23T15:24:26","slug":"tedy-typ-t16-nocny-stolik","status":"publish","type":"product","link":"https:\/\/nabytoklaguna.sk\/sk\/produkt\/tedy-typ-t16-nocny-stolik\/","title":{"rendered":"TEDY typ T16 no\u010dn\u00fd stol\u00edk"},"content":{"rendered":"<p>Rustik\u00e1lny sektorov\u00fd syst\u00e9m vhodn\u00fd na zariadenie ob\u00fdvac\u00edch izieb, jed\u00e1ln\u00ed, sp\u00e1ln\u00ed alebo pracovn\u00ed. Materi\u00e1l DTD laminovan\u00e1, ABS hrany, li\u0161ty dvierok MDF, korpus hrub\u00fd 32 mm., kovov\u00e9 \u00fachytky. Farebn\u00e9 prevedenie dub lefkas. Na obr\u00e1zku je no\u010dn\u00fd stol\u00edk.<\/p>\n<p>Rozmery: \u0161xhxv: 40x44x50 cm.<\/p>\n","protected":false},"excerpt":{"rendered":"<p>Rustik\u00e1lny sektorov\u00fd syst\u00e9m vhodn\u00fd na zariadenie ob\u00fdvac\u00edch izieb, jed\u00e1ln\u00ed, sp\u00e1ln\u00ed alebo pracovn\u00ed. Materi\u00e1l DTD laminovan\u00e1, ABS hrany, li\u0161ty dvierok MDF, korpus hrub\u00fd 32 mm., kovov\u00e9 \u00fachytky. Farebn\u00e9 prevedenie dub lefkas. Na obr\u00e1zku je no\u010dn\u00fd stol\u00edk. Rozmery: \u0161xhxv: 40x44x50 cm.<\/p>\n","protected":false},"featured_media":24779,"comment_status":"closed","ping_status":"closed","template":"","meta":{"_seopress_robots_primary_cat":"223","_seopress_titles_title":"","_seopress_titles_desc":"","_seopress_robots_index":""},"product_brand":[],"product_cat":[223,224],"product_tag":[],"class_list":{"0":"post-120012","1":"product","2":"type-product","3":"status-publish","4":"has-post-thumbnail","6":"product_cat-spalne","7":"product_cat-nocne-stoliky","9":"first","10":"onbackorder","11":"sale","12":"shipping-taxable","13":"purchasable","14":"product-type-simple"},"_links":{"self":[{"href":"https:\/\/nabytoklaguna.sk\/sk\/wp-json\/wp\/v2\/product\/120012","targetHints":{"allow":["GET"]}}],"collection":[{"href":"https:\/\/nabytoklaguna.sk\/sk\/wp-json\/wp\/v2\/product"}],"about":[{"href":"https:\/\/nabytoklaguna.sk\/sk\/wp-json\/wp\/v2\/types\/product"}],"replies":[{"embeddable":true,"href":"https:\/\/nabytoklaguna.sk\/sk\/wp-json\/wp\/v2\/comments?post=120012"}],"wp:featuredmedia":[{"embeddable":true,"href":"https:\/\/nabytoklaguna.sk\/sk\/wp-json\/wp\/v2\/media\/24779"}],"wp:attachment":[{"href":"https:\/\/nabytoklaguna.sk\/sk\/wp-json\/wp\/v2\/media?parent=120012"}],"wp:term":[{"taxonomy":"product_brand","embeddable":true,"href":"https:\/\/nabytoklaguna.sk\/sk\/wp-json\/wp\/v2\/product_brand?post=120012"},{"taxonomy":"product_cat","embeddable":true,"href":"https:\/\/nabytoklaguna.sk\/sk\/wp-json\/wp\/v2\/product_cat?post=120012"},{"taxonomy":"product_tag","embeddable":true,"href":"https:\/\/nabytoklaguna.sk\/sk\/wp-json\/wp\/v2\/product_tag?post=120012"}],"curies":[{"name":"wp","href":"https:\/\/api.w.org\/{rel}","templated":true}]}}