{"id":120016,"date":"2023-04-22T20:12:00","date_gmt":"2023-04-22T20:12:00","guid":{"rendered":"https:\/\/nabytoklaguna.sk\/sk\/?post_type=product&#038;p=120016"},"modified":"2025-11-18T12:11:59","modified_gmt":"2025-11-18T11:11:59","slug":"tedy-typ-t19-pc-stolik","status":"publish","type":"product","link":"https:\/\/nabytoklaguna.sk\/sk\/produkt\/tedy-typ-t19-pc-stolik\/","title":{"rendered":"TEDY typ T19 PC stol\u00edk"},"content":{"rendered":"<p>Rustik\u00e1lny sektorov\u00fd syst\u00e9m vhodn\u00fd na zariadenie ob\u00fdvac\u00edch izieb, jed\u00e1ln\u00ed, sp\u00e1ln\u00ed alebo pracovn\u00ed. Materi\u00e1l DTD laminovan\u00e1, ABS hrany, li\u0161ty dvierok MDF, korpus hrub\u00fd 32 mm., kovov\u00e9 \u00fachytky. Farebn\u00e9 prevedenie dub lefkas. Na obr\u00e1zku je PC stol\u00edk.<\/p>\n<p>Rozmery: \u0161xhxv: 118x60x78 cm.<\/p>\n","protected":false},"excerpt":{"rendered":"<p>Rustik\u00e1lny sektorov\u00fd syst\u00e9m vhodn\u00fd na zariadenie ob\u00fdvac\u00edch izieb, jed\u00e1ln\u00ed, sp\u00e1ln\u00ed alebo pracovn\u00ed. Materi\u00e1l DTD laminovan\u00e1, ABS hrany, li\u0161ty dvierok MDF, korpus hrub\u00fd 32 mm., kovov\u00e9 \u00fachytky. Farebn\u00e9 prevedenie dub lefkas. Na obr\u00e1zku je PC stol\u00edk. Rozmery: \u0161xhxv: 118x60x78 cm.<\/p>\n","protected":false},"featured_media":24798,"comment_status":"closed","ping_status":"closed","template":"","meta":{"_seopress_robots_primary_cat":"none","_seopress_titles_title":"","_seopress_titles_desc":"","_seopress_robots_index":""},"product_brand":[],"product_cat":[247],"product_tag":[],"class_list":{"0":"post-120016","1":"product","2":"type-product","3":"status-publish","4":"has-post-thumbnail","6":"product_cat-pisacie-pocitacove-stoly","8":"first","9":"onbackorder","10":"shipping-taxable","11":"purchasable","12":"product-type-simple"},"_links":{"self":[{"href":"https:\/\/nabytoklaguna.sk\/sk\/wp-json\/wp\/v2\/product\/120016","targetHints":{"allow":["GET"]}}],"collection":[{"href":"https:\/\/nabytoklaguna.sk\/sk\/wp-json\/wp\/v2\/product"}],"about":[{"href":"https:\/\/nabytoklaguna.sk\/sk\/wp-json\/wp\/v2\/types\/product"}],"replies":[{"embeddable":true,"href":"https:\/\/nabytoklaguna.sk\/sk\/wp-json\/wp\/v2\/comments?post=120016"}],"wp:featuredmedia":[{"embeddable":true,"href":"https:\/\/nabytoklaguna.sk\/sk\/wp-json\/wp\/v2\/media\/24798"}],"wp:attachment":[{"href":"https:\/\/nabytoklaguna.sk\/sk\/wp-json\/wp\/v2\/media?parent=120016"}],"wp:term":[{"taxonomy":"product_brand","embeddable":true,"href":"https:\/\/nabytoklaguna.sk\/sk\/wp-json\/wp\/v2\/product_brand?post=120016"},{"taxonomy":"product_cat","embeddable":true,"href":"https:\/\/nabytoklaguna.sk\/sk\/wp-json\/wp\/v2\/product_cat?post=120016"},{"taxonomy":"product_tag","embeddable":true,"href":"https:\/\/nabytoklaguna.sk\/sk\/wp-json\/wp\/v2\/product_tag?post=120016"}],"curies":[{"name":"wp","href":"https:\/\/api.w.org\/{rel}","templated":true}]}}