{"id":120052,"date":"2023-04-22T20:12:00","date_gmt":"2023-04-22T20:12:00","guid":{"rendered":"https:\/\/nabytoklaguna.sk\/sk\/?post_type=product&#038;p=120052"},"modified":"2026-04-20T11:41:22","modified_gmt":"2026-04-20T09:41:22","slug":"k-santiago-kreslo","status":"publish","type":"product","link":"https:\/\/nabytoklaguna.sk\/sk\/produkt\/k-santiago-kreslo\/","title":{"rendered":"K SANTIAGO kreslo"},"content":{"rendered":"<p>Elegantn\u00e9 kreslo SANTIAGO so stredne tvrd\u00fdm seden\u00edm, vhodn\u00e9 k sedacej s\u00faprave Santiago, materi\u00e1l Matrix 17 siv\u00e1, kovov\u00e9 no\u017ei\u010dky s povrchovou \u00fapravou chr\u00f3m.\u00a0<b>Polohovate\u013en\u00e9 opierky hlavy\u00a0<\/b>&#8211; m\u00f4\u017eete ich nakloni\u0165 dopredu, alebo dozadu pod\u013ea toho, ako je V\u00e1m to pr\u00e1ve pr\u00edjemn\u00e9. Mo\u017enos\u0165 objednania v r\u00f4znych farebn\u00fdch prevedeniach.\u00a0V\u00fd\u0161ka x h\u013abka sedenia: 41&#215;53 cm<\/p>\n<p>Rozmery: \u0160xVxH:112x114x92 cm.<\/p>\n<p>Cena kresla sa m\u00f4\u017ee l\u00ed\u0161i\u0165 od v\u00fdberu l\u00e1tky<\/p>\n<p>&nbsp;<\/p>\n","protected":false},"excerpt":{"rendered":"<p>Elegantn\u00e9 kreslo SANTIAGO so stredne tvrd\u00fdm seden\u00edm, vhodn\u00e9 k sedacej s\u00faprave Santiago, materi\u00e1l Matrix 17 siv\u00e1, kovov\u00e9 no\u017ei\u010dky s povrchovou \u00fapravou chr\u00f3m.\u00a0Polohovate\u013en\u00e9 opierky hlavy\u00a0&#8211; m\u00f4\u017eete ich nakloni\u0165 dopredu, alebo dozadu pod\u013ea toho, ako je V\u00e1m to pr\u00e1ve pr\u00edjemn\u00e9. Mo\u017enos\u0165 objednania v r\u00f4znych farebn\u00fdch prevedeniach.\u00a0V\u00fd\u0161ka x h\u013abka sedenia: 41&#215;53 cm Rozmery: \u0160xVxH:112x114x92 cm. Cena kresla sa&#8230;<\/p>\n","protected":false},"featured_media":29356,"comment_status":"closed","ping_status":"closed","template":"","meta":{"_seopress_robots_primary_cat":"231","_seopress_titles_title":"","_seopress_titles_desc":"","_seopress_robots_index":""},"product_brand":[],"product_cat":[231],"product_tag":[],"class_list":{"0":"post-120052","1":"product","2":"type-product","3":"status-publish","4":"has-post-thumbnail","6":"product_cat-kresla","8":"first","9":"onbackorder","10":"shipping-taxable","11":"purchasable","12":"product-type-simple"},"_links":{"self":[{"href":"https:\/\/nabytoklaguna.sk\/sk\/wp-json\/wp\/v2\/product\/120052","targetHints":{"allow":["GET"]}}],"collection":[{"href":"https:\/\/nabytoklaguna.sk\/sk\/wp-json\/wp\/v2\/product"}],"about":[{"href":"https:\/\/nabytoklaguna.sk\/sk\/wp-json\/wp\/v2\/types\/product"}],"replies":[{"embeddable":true,"href":"https:\/\/nabytoklaguna.sk\/sk\/wp-json\/wp\/v2\/comments?post=120052"}],"wp:featuredmedia":[{"embeddable":true,"href":"https:\/\/nabytoklaguna.sk\/sk\/wp-json\/wp\/v2\/media\/29356"}],"wp:attachment":[{"href":"https:\/\/nabytoklaguna.sk\/sk\/wp-json\/wp\/v2\/media?parent=120052"}],"wp:term":[{"taxonomy":"product_brand","embeddable":true,"href":"https:\/\/nabytoklaguna.sk\/sk\/wp-json\/wp\/v2\/product_brand?post=120052"},{"taxonomy":"product_cat","embeddable":true,"href":"https:\/\/nabytoklaguna.sk\/sk\/wp-json\/wp\/v2\/product_cat?post=120052"},{"taxonomy":"product_tag","embeddable":true,"href":"https:\/\/nabytoklaguna.sk\/sk\/wp-json\/wp\/v2\/product_tag?post=120052"}],"curies":[{"name":"wp","href":"https:\/\/api.w.org\/{rel}","templated":true}]}}