{"id":120053,"date":"2023-04-22T20:12:00","date_gmt":"2023-04-22T20:12:00","guid":{"rendered":"https:\/\/nabytoklaguna.sk\/sk\/?post_type=product&#038;p=120053"},"modified":"2026-04-20T11:38:23","modified_gmt":"2026-04-20T09:38:23","slug":"k-santiago-taburet","status":"publish","type":"product","link":"https:\/\/nabytoklaguna.sk\/sk\/produkt\/k-santiago-taburet\/","title":{"rendered":"K SANTIAGO taburet"},"content":{"rendered":"<p>Elegantn\u00fd taburet SANTIAGO v praktickom farebnom a materi\u00e1lovom preveden\u00ed, vhodn\u00fd k sedacej s\u00faprave Santiago, vhodn\u00e9 ako doplnok sedenia do ka\u017edej modernej ob\u00fdva\u010dky.\u00a0Materi\u00e1l: l\u00e1tka Matrix 17 siv\u00e1.\u00a0No\u017ei\u010dky: kovov\u00e9 s povrchovou \u00fapravou chr\u00f3m. Mo\u017enos\u0165 objednania v r\u00f4znych farebn\u00fdch kombin\u00e1ci\u00e1ch.<\/p>\n<p>Rozmery \u0160xVxH: 58x41x58 cm.<\/p>\n<p>Cena taburetu sa m\u00f4\u017ee l\u00ed\u0161i\u0165 pri zmene l\u00e1tky.<\/p>\n","protected":false},"excerpt":{"rendered":"<p>Elegantn\u00fd taburet SANTIAGO v praktickom farebnom a materi\u00e1lovom preveden\u00ed, vhodn\u00fd k sedacej s\u00faprave Santiago, vhodn\u00e9 ako doplnok sedenia do ka\u017edej modernej ob\u00fdva\u010dky.\u00a0Materi\u00e1l: l\u00e1tka Matrix 17 siv\u00e1.\u00a0No\u017ei\u010dky: kovov\u00e9 s povrchovou \u00fapravou chr\u00f3m. Mo\u017enos\u0165 objednania v r\u00f4znych farebn\u00fdch kombin\u00e1ci\u00e1ch. Rozmery \u0160xVxH: 58x41x58 cm. Cena taburetu sa m\u00f4\u017ee l\u00ed\u0161i\u0165 pri zmene l\u00e1tky.<\/p>\n","protected":false},"featured_media":29362,"comment_status":"closed","ping_status":"closed","template":"","meta":{"_seopress_robots_primary_cat":"232","_seopress_titles_title":"","_seopress_titles_desc":"","_seopress_robots_index":""},"product_brand":[],"product_cat":[231,232],"product_tag":[],"class_list":{"0":"post-120053","1":"product","2":"type-product","3":"status-publish","4":"has-post-thumbnail","6":"product_cat-kresla","7":"product_cat-taburetky","9":"first","10":"onbackorder","11":"shipping-taxable","12":"purchasable","13":"product-type-simple"},"_links":{"self":[{"href":"https:\/\/nabytoklaguna.sk\/sk\/wp-json\/wp\/v2\/product\/120053","targetHints":{"allow":["GET"]}}],"collection":[{"href":"https:\/\/nabytoklaguna.sk\/sk\/wp-json\/wp\/v2\/product"}],"about":[{"href":"https:\/\/nabytoklaguna.sk\/sk\/wp-json\/wp\/v2\/types\/product"}],"replies":[{"embeddable":true,"href":"https:\/\/nabytoklaguna.sk\/sk\/wp-json\/wp\/v2\/comments?post=120053"}],"wp:featuredmedia":[{"embeddable":true,"href":"https:\/\/nabytoklaguna.sk\/sk\/wp-json\/wp\/v2\/media\/29362"}],"wp:attachment":[{"href":"https:\/\/nabytoklaguna.sk\/sk\/wp-json\/wp\/v2\/media?parent=120053"}],"wp:term":[{"taxonomy":"product_brand","embeddable":true,"href":"https:\/\/nabytoklaguna.sk\/sk\/wp-json\/wp\/v2\/product_brand?post=120053"},{"taxonomy":"product_cat","embeddable":true,"href":"https:\/\/nabytoklaguna.sk\/sk\/wp-json\/wp\/v2\/product_cat?post=120053"},{"taxonomy":"product_tag","embeddable":true,"href":"https:\/\/nabytoklaguna.sk\/sk\/wp-json\/wp\/v2\/product_tag?post=120053"}],"curies":[{"name":"wp","href":"https:\/\/api.w.org\/{rel}","templated":true}]}}