{"id":120055,"date":"2023-04-22T20:12:00","date_gmt":"2023-04-22T20:12:00","guid":{"rendered":"https:\/\/nabytoklaguna.sk\/sk\/?post_type=product&#038;p=120055"},"modified":"2026-04-16T15:40:54","modified_gmt":"2026-04-16T13:40:54","slug":"cyrus-2-new","status":"publish","type":"product","link":"https:\/\/nabytoklaguna.sk\/sk\/produkt\/cyrus-2-new\/","title":{"rendered":"K CYRUS 2 NEW"},"content":{"rendered":"<p>Jed\u00e1lensk\u00fd st\u00f4l <strong>CYRUS 2 NEW<\/strong> Materi\u00e1l: MDF \/mas\u00edvne drevo-nohy, Farebn\u00e9 prevedenie: biela \/ pr\u00edrodn\u00fd odtie\u0148 Rozmery \u0160xHxV: 120x80x75 cm \u00a0Hr\u00fabka materi\u00e1lu: 18 mm Vhodn\u00e9 kombinova\u0165 so stoli\u010dkami BALI NEW a LEVIN.<\/p>\n","protected":false},"excerpt":{"rendered":"<p>Jed\u00e1lensk\u00fd st\u00f4l CYRUS 2 NEW Materi\u00e1l: MDF \/mas\u00edvne drevo-nohy, Farebn\u00e9 prevedenie: biela \/ pr\u00edrodn\u00fd odtie\u0148 Rozmery \u0160xHxV: 120x80x75 cm \u00a0Hr\u00fabka materi\u00e1lu: 18 mm Vhodn\u00e9 kombinova\u0165 so stoli\u010dkami BALI NEW a LEVIN.<\/p>\n","protected":false},"featured_media":29765,"comment_status":"closed","ping_status":"closed","template":"","meta":{"_seopress_robots_primary_cat":"244","_seopress_titles_title":"","_seopress_titles_desc":"","_seopress_robots_index":""},"product_brand":[],"product_cat":[244],"product_tag":[],"class_list":{"0":"post-120055","1":"product","2":"type-product","3":"status-publish","4":"has-post-thumbnail","6":"product_cat-drevene-stoly","8":"first","9":"onbackorder","10":"shipping-taxable","11":"purchasable","12":"product-type-simple"},"_links":{"self":[{"href":"https:\/\/nabytoklaguna.sk\/sk\/wp-json\/wp\/v2\/product\/120055","targetHints":{"allow":["GET"]}}],"collection":[{"href":"https:\/\/nabytoklaguna.sk\/sk\/wp-json\/wp\/v2\/product"}],"about":[{"href":"https:\/\/nabytoklaguna.sk\/sk\/wp-json\/wp\/v2\/types\/product"}],"replies":[{"embeddable":true,"href":"https:\/\/nabytoklaguna.sk\/sk\/wp-json\/wp\/v2\/comments?post=120055"}],"wp:featuredmedia":[{"embeddable":true,"href":"https:\/\/nabytoklaguna.sk\/sk\/wp-json\/wp\/v2\/media\/29765"}],"wp:attachment":[{"href":"https:\/\/nabytoklaguna.sk\/sk\/wp-json\/wp\/v2\/media?parent=120055"}],"wp:term":[{"taxonomy":"product_brand","embeddable":true,"href":"https:\/\/nabytoklaguna.sk\/sk\/wp-json\/wp\/v2\/product_brand?post=120055"},{"taxonomy":"product_cat","embeddable":true,"href":"https:\/\/nabytoklaguna.sk\/sk\/wp-json\/wp\/v2\/product_cat?post=120055"},{"taxonomy":"product_tag","embeddable":true,"href":"https:\/\/nabytoklaguna.sk\/sk\/wp-json\/wp\/v2\/product_tag?post=120055"}],"curies":[{"name":"wp","href":"https:\/\/api.w.org\/{rel}","templated":true}]}}