{"id":120057,"date":"2023-04-22T20:12:00","date_gmt":"2023-04-22T20:12:00","guid":{"rendered":"https:\/\/nabytoklaguna.sk\/sk\/?post_type=product&#038;p=120057"},"modified":"2026-04-16T15:39:38","modified_gmt":"2026-04-16T13:39:38","slug":"didier-4-new","status":"publish","type":"product","link":"https:\/\/nabytoklaguna.sk\/sk\/produkt\/didier-4-new\/","title":{"rendered":"K DIDIER 4 NEW"},"content":{"rendered":"<p>Jednoduch\u00fd, no z\u00e1rove\u0148 modern\u00fd jed\u00e1lensk\u00fd st\u00f4l\u00a0<b>DIDIER 4 NEW<\/b>\u00a0poskytuje dostatok miesta pre stolovanie 4 os\u00f4b.\u00a0<b>MDF v bielej farbe dop\u013a\u0148aj\u00fa bukov\u00e9 nohy.<\/b>\u00a0St\u00f4l je po ka\u017edej str\u00e1nke praktick\u00fd a nen\u00e1ro\u010dn\u00fd na \u00fadr\u017ebu. Hr\u00fabka materi\u00e1lu: 18 mm.<\/p>\n<ul>\n<li><b>Materi\u00e1l:\u00a0<\/b>MDF\/drevo<\/li>\n<li><b>Prevedenie:\u00a0<\/b>biela\/buk<\/li>\n<li><b>Rozmery (\u0160xHxV):<\/b> 70x70x74 cm<\/li>\n<li><b>Nosnos\u0165:\u00a0<\/b>100 kg<\/li>\n<li>Dod\u00e1van\u00fd v demonte<\/li>\n<\/ul>\n<p>&nbsp;<\/p>\n","protected":false},"excerpt":{"rendered":"<p>Jednoduch\u00fd, no z\u00e1rove\u0148 modern\u00fd jed\u00e1lensk\u00fd st\u00f4l\u00a0DIDIER 4 NEW\u00a0poskytuje dostatok miesta pre stolovanie 4 os\u00f4b.\u00a0MDF v bielej farbe dop\u013a\u0148aj\u00fa bukov\u00e9 nohy.\u00a0St\u00f4l je po ka\u017edej str\u00e1nke praktick\u00fd a nen\u00e1ro\u010dn\u00fd na \u00fadr\u017ebu. Hr\u00fabka materi\u00e1lu: 18 mm. Materi\u00e1l:\u00a0MDF\/drevo Prevedenie:\u00a0biela\/buk Rozmery (\u0160xHxV): 70x70x74 cm Nosnos\u0165:\u00a0100 kg Dod\u00e1van\u00fd v demonte &nbsp;<\/p>\n","protected":false},"featured_media":29959,"comment_status":"closed","ping_status":"closed","template":"","meta":{"_seopress_robots_primary_cat":"244","_seopress_titles_title":"","_seopress_titles_desc":"","_seopress_robots_index":""},"product_brand":[],"product_cat":[244],"product_tag":[],"class_list":{"0":"post-120057","1":"product","2":"type-product","3":"status-publish","4":"has-post-thumbnail","6":"product_cat-drevene-stoly","8":"first","9":"onbackorder","10":"shipping-taxable","11":"purchasable","12":"product-type-simple"},"_links":{"self":[{"href":"https:\/\/nabytoklaguna.sk\/sk\/wp-json\/wp\/v2\/product\/120057","targetHints":{"allow":["GET"]}}],"collection":[{"href":"https:\/\/nabytoklaguna.sk\/sk\/wp-json\/wp\/v2\/product"}],"about":[{"href":"https:\/\/nabytoklaguna.sk\/sk\/wp-json\/wp\/v2\/types\/product"}],"replies":[{"embeddable":true,"href":"https:\/\/nabytoklaguna.sk\/sk\/wp-json\/wp\/v2\/comments?post=120057"}],"wp:featuredmedia":[{"embeddable":true,"href":"https:\/\/nabytoklaguna.sk\/sk\/wp-json\/wp\/v2\/media\/29959"}],"wp:attachment":[{"href":"https:\/\/nabytoklaguna.sk\/sk\/wp-json\/wp\/v2\/media?parent=120057"}],"wp:term":[{"taxonomy":"product_brand","embeddable":true,"href":"https:\/\/nabytoklaguna.sk\/sk\/wp-json\/wp\/v2\/product_brand?post=120057"},{"taxonomy":"product_cat","embeddable":true,"href":"https:\/\/nabytoklaguna.sk\/sk\/wp-json\/wp\/v2\/product_cat?post=120057"},{"taxonomy":"product_tag","embeddable":true,"href":"https:\/\/nabytoklaguna.sk\/sk\/wp-json\/wp\/v2\/product_tag?post=120057"}],"curies":[{"name":"wp","href":"https:\/\/api.w.org\/{rel}","templated":true}]}}