{"id":120058,"date":"2023-04-22T20:12:00","date_gmt":"2023-04-22T20:12:00","guid":{"rendered":"https:\/\/nabytoklaguna.sk\/sk\/?post_type=product&#038;p=120058"},"modified":"2025-09-30T11:14:05","modified_gmt":"2025-09-30T09:14:05","slug":"didier-5","status":"publish","type":"product","link":"https:\/\/nabytoklaguna.sk\/sk\/produkt\/didier-5\/","title":{"rendered":"K DIDIER 5"},"content":{"rendered":"<p>Jednoduch\u00fd, no z\u00e1rove\u0148 modern\u00fd jed\u00e1lensk\u00fd st\u00f4l\u00a0<b>DIDIER 5 <\/b>poskytuje dostatok miesta pre stolovanie 4 os\u00f4b. MDF v bielej farbe dop\u013a\u0148aj\u00fa bukov\u00e9 nohy. St\u00f4l je po ka\u017edej str\u00e1nke praktick\u00fd a nen\u00e1ro\u010dn\u00fd na \u00fadr\u017ebu.<\/p>\n<ul>\n<li>Materi\u00e1l: MDF\/drevo<\/li>\n<li>Prevedenie: biela\/buk<\/li>\n<li>Rozmery (\u0160xHxV): 120x80x74 cm<\/li>\n<li>Nosnos\u0165: 100 kg<\/li>\n<li>Dod\u00e1van\u00fd v demonte<\/li>\n<\/ul>\n<p>Odpor\u00fa\u010dame kombinova\u0165 so stoli\u010dkami\u00a0<a href=\"https:\/\/nabytoklaguna.sk\/sk\/obchod\/stolicky\/dizajnove-a-plastove-stolicky\/tempo-kondela-cinkla-2-new\/\">CINKLA<\/a>,\u00a0DAMEN.<\/p>\n","protected":false},"excerpt":{"rendered":"<p>Jednoduch\u00fd, no z\u00e1rove\u0148 modern\u00fd jed\u00e1lensk\u00fd st\u00f4l\u00a0DIDIER 5 poskytuje dostatok miesta pre stolovanie 4 os\u00f4b. MDF v bielej farbe dop\u013a\u0148aj\u00fa bukov\u00e9 nohy. St\u00f4l je po ka\u017edej str\u00e1nke praktick\u00fd a nen\u00e1ro\u010dn\u00fd na \u00fadr\u017ebu. Materi\u00e1l: MDF\/drevo Prevedenie: biela\/buk Rozmery (\u0160xHxV): 120x80x74 cm Nosnos\u0165: 100 kg Dod\u00e1van\u00fd v demonte Odpor\u00fa\u010dame kombinova\u0165 so stoli\u010dkami\u00a0CINKLA,\u00a0DAMEN.<\/p>\n","protected":false},"featured_media":69298,"comment_status":"closed","ping_status":"closed","template":"","meta":{"_seopress_robots_primary_cat":"244","_seopress_titles_title":"","_seopress_titles_desc":"","_seopress_robots_index":""},"product_brand":[],"product_cat":[244],"product_tag":[],"class_list":{"0":"post-120058","1":"product","2":"type-product","3":"status-publish","4":"has-post-thumbnail","6":"product_cat-drevene-stoly","8":"first","9":"onbackorder","10":"shipping-taxable","11":"purchasable","12":"product-type-simple"},"_links":{"self":[{"href":"https:\/\/nabytoklaguna.sk\/sk\/wp-json\/wp\/v2\/product\/120058","targetHints":{"allow":["GET"]}}],"collection":[{"href":"https:\/\/nabytoklaguna.sk\/sk\/wp-json\/wp\/v2\/product"}],"about":[{"href":"https:\/\/nabytoklaguna.sk\/sk\/wp-json\/wp\/v2\/types\/product"}],"replies":[{"embeddable":true,"href":"https:\/\/nabytoklaguna.sk\/sk\/wp-json\/wp\/v2\/comments?post=120058"}],"wp:featuredmedia":[{"embeddable":true,"href":"https:\/\/nabytoklaguna.sk\/sk\/wp-json\/wp\/v2\/media\/69298"}],"wp:attachment":[{"href":"https:\/\/nabytoklaguna.sk\/sk\/wp-json\/wp\/v2\/media?parent=120058"}],"wp:term":[{"taxonomy":"product_brand","embeddable":true,"href":"https:\/\/nabytoklaguna.sk\/sk\/wp-json\/wp\/v2\/product_brand?post=120058"},{"taxonomy":"product_cat","embeddable":true,"href":"https:\/\/nabytoklaguna.sk\/sk\/wp-json\/wp\/v2\/product_cat?post=120058"},{"taxonomy":"product_tag","embeddable":true,"href":"https:\/\/nabytoklaguna.sk\/sk\/wp-json\/wp\/v2\/product_tag?post=120058"}],"curies":[{"name":"wp","href":"https:\/\/api.w.org\/{rel}","templated":true}]}}