{"id":120064,"date":"2023-04-22T20:12:00","date_gmt":"2023-04-22T20:12:00","guid":{"rendered":"https:\/\/nabytoklaguna.sk\/sk\/?post_type=product&#038;p=120064"},"modified":"2026-04-16T10:26:31","modified_gmt":"2026-04-16T08:26:31","slug":"virat","status":"publish","type":"product","link":"https:\/\/nabytoklaguna.sk\/sk\/produkt\/virat\/","title":{"rendered":"K VIRAT"},"content":{"rendered":"<p><strong>Luxusn\u00fd dizajnov\u00fd rozkladac\u00ed jed\u00e1lensk\u00fd st\u00f4l VIRAT<\/strong> s pevnou podstavou<b>. <\/b>Prich\u00e1dza v\u00a0lesklom preveden\u00ed, zato v modernej\u0161om, svie\u017eom a oku lahodiacom farebnom <strong>odtieni\u00a0capuccino<\/strong>.\u00a0Origin\u00e1lny dizajn\u00a0zmen\u00ed vzh\u013ead miestnosti na nepoznanie. Vyroben\u00fd je z<strong> pevn\u00e9ho materi\u00e1lu\u00a0MDF<\/strong> a<strong> tvrden\u00e9ho skla<\/strong>.\u00a0St\u00f4l je\u00a0rozkladac\u00ed\u00a0a poskytuje dostatok miesta pre 4 a\u017e 6 stoluj\u00facich. Virat je eleg\u00e1n, ktor\u00fd zmen\u00ed v\u00e1\u0161 poh\u013ead na to, \u010do je modern\u00e9 a trendy.<\/p>\n<p>Rozmery (\u0160xHxV): 120-160x80x76 cm. Plocha stola a\u017e 120-160&#215;80 cm.<\/p>\n<p>Materi\u00e1l: MDF capuccino extra vysok\u00fd lesk HG + tvrden\u00e9 sklo.<\/p>\n<p>&nbsp;<\/p>\n","protected":false},"excerpt":{"rendered":"<p>Luxusn\u00fd dizajnov\u00fd rozkladac\u00ed jed\u00e1lensk\u00fd st\u00f4l VIRAT s pevnou podstavou. Prich\u00e1dza v\u00a0lesklom preveden\u00ed, zato v modernej\u0161om, svie\u017eom a oku lahodiacom farebnom odtieni\u00a0capuccino.\u00a0Origin\u00e1lny dizajn\u00a0zmen\u00ed vzh\u013ead miestnosti na nepoznanie. Vyroben\u00fd je z pevn\u00e9ho materi\u00e1lu\u00a0MDF a tvrden\u00e9ho skla.\u00a0St\u00f4l je\u00a0rozkladac\u00ed\u00a0a poskytuje dostatok miesta pre 4 a\u017e 6 stoluj\u00facich. Virat je eleg\u00e1n, ktor\u00fd zmen\u00ed v\u00e1\u0161 poh\u013ead na to, \u010do je modern\u00e9&#8230;<\/p>\n","protected":false},"featured_media":127719,"comment_status":"closed","ping_status":"closed","template":"","meta":{"_seopress_robots_primary_cat":"244","_seopress_titles_title":"","_seopress_titles_desc":"","_seopress_robots_index":""},"product_brand":[],"product_cat":[244],"product_tag":[],"class_list":{"0":"post-120064","1":"product","2":"type-product","3":"status-publish","4":"has-post-thumbnail","6":"product_cat-drevene-stoly","8":"first","9":"onbackorder","10":"shipping-taxable","11":"purchasable","12":"product-type-simple"},"_links":{"self":[{"href":"https:\/\/nabytoklaguna.sk\/sk\/wp-json\/wp\/v2\/product\/120064","targetHints":{"allow":["GET"]}}],"collection":[{"href":"https:\/\/nabytoklaguna.sk\/sk\/wp-json\/wp\/v2\/product"}],"about":[{"href":"https:\/\/nabytoklaguna.sk\/sk\/wp-json\/wp\/v2\/types\/product"}],"replies":[{"embeddable":true,"href":"https:\/\/nabytoklaguna.sk\/sk\/wp-json\/wp\/v2\/comments?post=120064"}],"wp:featuredmedia":[{"embeddable":true,"href":"https:\/\/nabytoklaguna.sk\/sk\/wp-json\/wp\/v2\/media\/127719"}],"wp:attachment":[{"href":"https:\/\/nabytoklaguna.sk\/sk\/wp-json\/wp\/v2\/media?parent=120064"}],"wp:term":[{"taxonomy":"product_brand","embeddable":true,"href":"https:\/\/nabytoklaguna.sk\/sk\/wp-json\/wp\/v2\/product_brand?post=120064"},{"taxonomy":"product_cat","embeddable":true,"href":"https:\/\/nabytoklaguna.sk\/sk\/wp-json\/wp\/v2\/product_cat?post=120064"},{"taxonomy":"product_tag","embeddable":true,"href":"https:\/\/nabytoklaguna.sk\/sk\/wp-json\/wp\/v2\/product_tag?post=120064"}],"curies":[{"name":"wp","href":"https:\/\/api.w.org\/{rel}","templated":true}]}}