{"id":120066,"date":"2023-04-22T20:12:00","date_gmt":"2023-04-22T20:12:00","guid":{"rendered":"https:\/\/nabytoklaguna.sk\/sk\/?post_type=product&#038;p=120066"},"modified":"2026-04-16T10:19:54","modified_gmt":"2026-04-16T08:19:54","slug":"k-perak","status":"publish","type":"product","link":"https:\/\/nabytoklaguna.sk\/sk\/produkt\/k-perak\/","title":{"rendered":"K PERAK"},"content":{"rendered":"<p><strong>Luxusn\u00fd dizajnov\u00fd rozkladac\u00ed jed\u00e1lensk\u00fd st\u00f4l<\/strong> s pevnou podstavou a vrchn\u00fdm pl\u00e1tom v preveden\u00ed<strong> biela HG.<\/strong><\/p>\n<p>Rozmery (\u0160xHxV): 160-220x90x76 cm. Plocha stola a\u017e 220x90cm.<\/p>\n<p>Materi\u00e1l: MDF biela extra vysok\u00fd lesk HG +oce\u013e.<\/p>\n","protected":false},"excerpt":{"rendered":"<p>Luxusn\u00fd dizajnov\u00fd rozkladac\u00ed jed\u00e1lensk\u00fd st\u00f4l s pevnou podstavou a vrchn\u00fdm pl\u00e1tom v preveden\u00ed biela HG. Rozmery (\u0160xHxV): 160-220x90x76 cm. Plocha stola a\u017e 220x90cm. Materi\u00e1l: MDF biela extra vysok\u00fd lesk HG +oce\u013e.<\/p>\n","protected":false},"featured_media":127713,"comment_status":"closed","ping_status":"closed","template":"","meta":{"_seopress_robots_primary_cat":"245","_seopress_titles_title":"","_seopress_titles_desc":"","_seopress_robots_index":""},"product_brand":[],"product_cat":[245],"product_tag":[],"class_list":{"0":"post-120066","1":"product","2":"type-product","3":"status-publish","4":"has-post-thumbnail","6":"product_cat-kovove-stoly","8":"first","9":"onbackorder","10":"sale","11":"shipping-taxable","12":"purchasable","13":"product-type-simple"},"_links":{"self":[{"href":"https:\/\/nabytoklaguna.sk\/sk\/wp-json\/wp\/v2\/product\/120066","targetHints":{"allow":["GET"]}}],"collection":[{"href":"https:\/\/nabytoklaguna.sk\/sk\/wp-json\/wp\/v2\/product"}],"about":[{"href":"https:\/\/nabytoklaguna.sk\/sk\/wp-json\/wp\/v2\/types\/product"}],"replies":[{"embeddable":true,"href":"https:\/\/nabytoklaguna.sk\/sk\/wp-json\/wp\/v2\/comments?post=120066"}],"wp:featuredmedia":[{"embeddable":true,"href":"https:\/\/nabytoklaguna.sk\/sk\/wp-json\/wp\/v2\/media\/127713"}],"wp:attachment":[{"href":"https:\/\/nabytoklaguna.sk\/sk\/wp-json\/wp\/v2\/media?parent=120066"}],"wp:term":[{"taxonomy":"product_brand","embeddable":true,"href":"https:\/\/nabytoklaguna.sk\/sk\/wp-json\/wp\/v2\/product_brand?post=120066"},{"taxonomy":"product_cat","embeddable":true,"href":"https:\/\/nabytoklaguna.sk\/sk\/wp-json\/wp\/v2\/product_cat?post=120066"},{"taxonomy":"product_tag","embeddable":true,"href":"https:\/\/nabytoklaguna.sk\/sk\/wp-json\/wp\/v2\/product_tag?post=120066"}],"curies":[{"name":"wp","href":"https:\/\/api.w.org\/{rel}","templated":true}]}}