{"id":120081,"date":"2023-04-22T20:12:00","date_gmt":"2023-04-22T20:12:00","guid":{"rendered":"https:\/\/nabytoklaguna.sk\/sk\/?post_type=product&#038;p=120081"},"modified":"2026-01-13T14:38:55","modified_gmt":"2026-01-13T13:38:55","slug":"k-bernardo-konferencny-stolik","status":"publish","type":"product","link":"https:\/\/nabytoklaguna.sk\/sk\/produkt\/k-bernardo-konferencny-stolik\/","title":{"rendered":"K BERNARDO"},"content":{"rendered":"<p>Modern\u00fd konferen\u010dn\u00fd stol\u00edk BERNARDO je novinkou na trhu. Skvele hod\u00ed do Va\u0161ej \u00fatulnej ob\u00fdvacej izby. Materi\u00e1l: DTD lamin\u00e1t.<\/p>\n<ul>\n<li><b>Materi\u00e1l:<\/b>\u00a0laminovan\u00e1 DTD<\/li>\n<li><b>Farba:<\/b>\u00a0biela, dub sonoma, dub wotan<\/li>\n<li><b>Rozmery (\u0160xHxV):<\/b>\u00a090x55x40,7 cm<\/li>\n<li><b>Kvalitn\u00fd slovensk\u00fd v\u00fdrobok<\/b><\/li>\n<li>Dod\u00e1van\u00e9 v demonte<\/li>\n<\/ul>\n","protected":false},"excerpt":{"rendered":"<p>Modern\u00fd konferen\u010dn\u00fd stol\u00edk BERNARDO je novinkou na trhu. Skvele hod\u00ed do Va\u0161ej \u00fatulnej ob\u00fdvacej izby. Materi\u00e1l: DTD lamin\u00e1t. Materi\u00e1l:\u00a0laminovan\u00e1 DTD Farba:\u00a0biela, dub sonoma, dub wotan Rozmery (\u0160xHxV):\u00a090x55x40,7 cm Kvalitn\u00fd slovensk\u00fd v\u00fdrobok Dod\u00e1van\u00e9 v demonte<\/p>\n","protected":false},"featured_media":67002,"comment_status":"closed","ping_status":"closed","template":"","meta":{"_seopress_robots_primary_cat":"221","_seopress_titles_title":"","_seopress_titles_desc":"","_seopress_robots_index":""},"product_brand":[],"product_cat":[221],"product_tag":[],"class_list":{"0":"post-120081","1":"product","2":"type-product","3":"status-publish","4":"has-post-thumbnail","6":"product_cat-konferencne-stoliky","8":"first","9":"onbackorder","10":"shipping-taxable","11":"purchasable","12":"product-type-simple"},"_links":{"self":[{"href":"https:\/\/nabytoklaguna.sk\/sk\/wp-json\/wp\/v2\/product\/120081","targetHints":{"allow":["GET"]}}],"collection":[{"href":"https:\/\/nabytoklaguna.sk\/sk\/wp-json\/wp\/v2\/product"}],"about":[{"href":"https:\/\/nabytoklaguna.sk\/sk\/wp-json\/wp\/v2\/types\/product"}],"replies":[{"embeddable":true,"href":"https:\/\/nabytoklaguna.sk\/sk\/wp-json\/wp\/v2\/comments?post=120081"}],"wp:featuredmedia":[{"embeddable":true,"href":"https:\/\/nabytoklaguna.sk\/sk\/wp-json\/wp\/v2\/media\/67002"}],"wp:attachment":[{"href":"https:\/\/nabytoklaguna.sk\/sk\/wp-json\/wp\/v2\/media?parent=120081"}],"wp:term":[{"taxonomy":"product_brand","embeddable":true,"href":"https:\/\/nabytoklaguna.sk\/sk\/wp-json\/wp\/v2\/product_brand?post=120081"},{"taxonomy":"product_cat","embeddable":true,"href":"https:\/\/nabytoklaguna.sk\/sk\/wp-json\/wp\/v2\/product_cat?post=120081"},{"taxonomy":"product_tag","embeddable":true,"href":"https:\/\/nabytoklaguna.sk\/sk\/wp-json\/wp\/v2\/product_tag?post=120081"}],"curies":[{"name":"wp","href":"https:\/\/api.w.org\/{rel}","templated":true}]}}