{"id":120082,"date":"2023-04-22T20:12:00","date_gmt":"2023-04-22T20:12:00","guid":{"rendered":"https:\/\/nabytoklaguna.sk\/sk\/?post_type=product&#038;p=120082"},"modified":"2025-02-24T12:58:01","modified_gmt":"2025-02-24T11:58:01","slug":"tempo-kondela-torsten","status":"publish","type":"product","link":"https:\/\/nabytoklaguna.sk\/sk\/produkt\/tempo-kondela-torsten\/","title":{"rendered":"K TORSTEN"},"content":{"rendered":"<p>Relaxa\u010dn\u00e9 kreslo <strong>TORSTEN<\/strong> z brezov\u00e9ho dreva v zelenom alebo hnedom preveden\u00ed.<\/p>\n<p>Rozmery: \u0160xHxV:59x99x73 cm<\/p>\n<p>Nosnos\u0165 120 kg<\/p>\n","protected":false},"excerpt":{"rendered":"<p>Relaxa\u010dn\u00e9 kreslo TORSTEN z brezov\u00e9ho dreva v zelenom alebo hnedom preveden\u00ed. Rozmery: \u0160xHxV:59x99x73 cm Nosnos\u0165 120 kg<\/p>\n","protected":false},"featured_media":31942,"comment_status":"closed","ping_status":"closed","template":"","meta":{"_seopress_robots_primary_cat":"231","_seopress_titles_title":"","_seopress_titles_desc":"","_seopress_robots_index":""},"product_brand":[],"product_cat":[140,231],"product_tag":[],"class_list":{"0":"post-120082","1":"product","2":"type-product","3":"status-publish","4":"has-post-thumbnail","6":"product_cat-sedacie-supravy","7":"product_cat-kresla","8":"pa_farba-hneda","9":"pa_farba-zelena","11":"first","12":"onbackorder","13":"shipping-taxable","14":"purchasable","15":"product-type-simple"},"_links":{"self":[{"href":"https:\/\/nabytoklaguna.sk\/sk\/wp-json\/wp\/v2\/product\/120082","targetHints":{"allow":["GET"]}}],"collection":[{"href":"https:\/\/nabytoklaguna.sk\/sk\/wp-json\/wp\/v2\/product"}],"about":[{"href":"https:\/\/nabytoklaguna.sk\/sk\/wp-json\/wp\/v2\/types\/product"}],"replies":[{"embeddable":true,"href":"https:\/\/nabytoklaguna.sk\/sk\/wp-json\/wp\/v2\/comments?post=120082"}],"wp:featuredmedia":[{"embeddable":true,"href":"https:\/\/nabytoklaguna.sk\/sk\/wp-json\/wp\/v2\/media\/31942"}],"wp:attachment":[{"href":"https:\/\/nabytoklaguna.sk\/sk\/wp-json\/wp\/v2\/media?parent=120082"}],"wp:term":[{"taxonomy":"product_brand","embeddable":true,"href":"https:\/\/nabytoklaguna.sk\/sk\/wp-json\/wp\/v2\/product_brand?post=120082"},{"taxonomy":"product_cat","embeddable":true,"href":"https:\/\/nabytoklaguna.sk\/sk\/wp-json\/wp\/v2\/product_cat?post=120082"},{"taxonomy":"product_tag","embeddable":true,"href":"https:\/\/nabytoklaguna.sk\/sk\/wp-json\/wp\/v2\/product_tag?post=120082"}],"curies":[{"name":"wp","href":"https:\/\/api.w.org\/{rel}","templated":true}]}}